{"id":1496,"date":"2024-06-21T19:11:37","date_gmt":"2024-06-21T11:11:37","guid":{"rendered":"https:\/\/www.dentalxangtech.com\/?post_type=product&#038;p=1496"},"modified":"2025-09-30T11:27:11","modified_gmt":"2025-09-30T03:27:11","slug":"3d-pro-multilayer-zirconia-block","status":"publish","type":"product","link":"https:\/\/www.dentalxangtech.com\/es\/product\/3d-pro-multilayer-zirconia-block\/","title":{"rendered":"Bloque de zirconia multicapa 3D Pro"},"content":{"rendered":"<p><span style=\"font-family: arial, helvetica, sans-serif; font-size: 14pt;\">El bloque de zirconia multicapa XANGTECH 3D pro se basa en el material de zirconia reci\u00e9n desarrollado con gradiente. Imita las propiedades de los dientes naturales en t\u00e9rminos de est\u00e9tica y dimensiones f\u00edsicas, con una transici\u00f3n natural y calidad superior. Tiene una amplia gama de indicaciones para la fabricaci\u00f3n de puentes de gran envergadura e implantes.<\/span><br \/>\n<span style=\"font-family: arial, helvetica, sans-serif; font-size: 14pt;\">Nuestros bloques de circonia multicapa 3D pro se utilizan en una amplia gama de aplicaciones y son particularmente adecuados para crear coronas y puentes que se ajustan perfectamente al paciente. Los dientes. Adem\u00e1s, la alta resistencia y biocompatibilidad de la zirconia lo convierten en un material ideal para implantes y restauraciones dentales. En los \u00faltimos a\u00f1os, tambi\u00e9n se ha utilizado cada vez m\u00e1s para chapas dentales e incrustaciones a medida que la est\u00e9tica del material dental ha mejorado. Tambi\u00e9n es el mejor material para restauraciones de boca completa para pacientes con dientes gravemente faltantes o la mayor\u00eda de sus dientes. Adem\u00e1s, los pacientes que se han sometido a tratamiento del canal radicular tambi\u00e9n pueden usarlo para crear postes de pulpa que se utilizan para apoyar el diente y prevenir que se produzcan nuevas fracturas despu\u00e9s del tratamiento.<\/span><\/p>\n<p><span style=\"font-family: arial, helvetica, sans-serif; font-size: 14pt;\"><strong>1.\u00daltima tecnolog\u00eda y dise\u00f1o<\/strong><\/span><br \/>\n<span style=\"font-family: arial, helvetica, sans-serif; font-size: 14pt;\"><strong>2.Resolviendo una amplia gama de problemas dentales<\/strong><\/span><br \/>\n<span style=\"font-family: arial, helvetica, sans-serif; font-size: 14pt;\"><strong>3.Transiciones multicapa para reducir la coloraci\u00f3n no natural<\/strong><\/span><br \/>\n<span style=\"font-family: arial, helvetica, sans-serif; font-size: 14pt;\"><strong>Reducci\u00f3n del da\u00f1o oral<\/strong><\/span><\/p>\n<p><iframe title=\"Bloque de zirconia multicapa XANGTECH 3D Pro\" width=\"800\" height=\"450\" src=\"https:\/\/www.youtube.com\/embed\/eZJJL2YFzaM?feature=oembed\" frameborder=\"0\" allow=\"accelerometer; autoplay; clipboard-write; encrypted-media; gyroscope; picture-in-picture; web-share\" referrerpolicy=\"strict-origin-when-cross-origin\" allowfullscreen><\/iframe><\/p>","protected":false},"excerpt":{"rendered":"<p>The XANGTECH 3D pro multilayer zirconia\u00a0block\u00a0is based on the newly developed zirconia material with gradient. It mimics the properties of natural teeth in terms of aesthetics and physical dimensions, with a natural transition and superior quality. It has a comprehensive range of indications for the fabrication of large span bridges and implants. Our 3D pro [&hellip;]<\/p>\n","protected":false},"featured_media":3710,"template":"","meta":{"_acf_changed":false},"product_brand":[],"product_cat":[51],"product_tag":[],"class_list":{"0":"post-1496","1":"product","2":"type-product","3":"status-publish","4":"has-post-thumbnail","6":"product_cat-multilayer-zirconia-blcok","8":"first","9":"instock","10":"shipping-taxable","11":"product-type-simple"},"acf":[],"_links":{"self":[{"href":"https:\/\/www.dentalxangtech.com\/es\/wp-json\/wp\/v2\/product\/1496","targetHints":{"allow":["GET"]}}],"collection":[{"href":"https:\/\/www.dentalxangtech.com\/es\/wp-json\/wp\/v2\/product"}],"about":[{"href":"https:\/\/www.dentalxangtech.com\/es\/wp-json\/wp\/v2\/types\/product"}],"wp:featuredmedia":[{"embeddable":true,"href":"https:\/\/www.dentalxangtech.com\/es\/wp-json\/wp\/v2\/media\/3710"}],"wp:attachment":[{"href":"https:\/\/www.dentalxangtech.com\/es\/wp-json\/wp\/v2\/media?parent=1496"}],"wp:term":[{"taxonomy":"product_brand","embeddable":true,"href":"https:\/\/www.dentalxangtech.com\/es\/wp-json\/wp\/v2\/product_brand?post=1496"},{"taxonomy":"product_cat","embeddable":true,"href":"https:\/\/www.dentalxangtech.com\/es\/wp-json\/wp\/v2\/product_cat?post=1496"},{"taxonomy":"product_tag","embeddable":true,"href":"https:\/\/www.dentalxangtech.com\/es\/wp-json\/wp\/v2\/product_tag?post=1496"}],"curies":[{"name":"WP","href":"https:\/\/api.w.org\/{rel}","templated":true}]}}