{"id":1502,"date":"2024-06-21T19:23:40","date_gmt":"2024-06-21T11:23:40","guid":{"rendered":"https:\/\/www.dentalxangtech.com\/?post_type=product&#038;p=1502"},"modified":"2024-11-26T15:28:20","modified_gmt":"2024-11-26T07:28:20","slug":"high-translucent-plus-white-zirconia-block","status":"publish","type":"product","link":"https:\/\/www.dentalxangtech.com\/es\/product\/high-translucent-plus-white-zirconia-block\/","title":{"rendered":"Bloque de zirconia alta transl\u00facida m\u00e1s blanca"},"content":{"rendered":"<p><span style=\"font-family: arial, helvetica, sans-serif;\">El bloque de zirconia alta transl\u00facida m\u00e1s blanca de XANGTECH es un avance revolucionario en los materiales de restauraci\u00f3n dental, ofreciendo un equilibrio perfecto entre durabilidad, calidad est\u00e9tica y asequibilidad. Dise\u00f1ado para mejorar la calidad y la longevidad de las restauraciones dentales, este bloque de zirconia es conocido por su dureza superior, excelentes propiedades qu\u00edmicas y notable biocompatibilidad. Estos atributos lo convierten en una opci\u00f3n ideal para una amplia gama de aplicaciones dentales, desde coronas individuales hasta restauraciones m\u00e1s complejas de m\u00faltiples unidades, asegurando el \u00e9xito tanto funcional como est\u00e9tico. Lo que distingue a este bloque de zirconia es su capacidad de combinar alta translucidez con resistencia, lo que le permite parecerse estrechamente al color natural y la apariencia de los dientes mientras mantiene la robustez necesaria para restauraciones de larga duraci\u00f3n. Fabricado utilizando un avanzado proceso de prensado isost\u00e1tico en fr\u00edo, el bloque garantiza una densidad uniforme y una calidad consistente, lo que lo convierte en una opci\u00f3n fiable para los profesionales dentales que requieren resultados predecibles en cada momento. La tecnolog\u00eda de prensado isost\u00e1tico en fr\u00edo tambi\u00e9n mejora el bloque&#8217; vida \u00fatil, asegurando que las restauraciones hechas con este material puedan soportar la prueba del tiempo mientras ofrecen un excelente rendimiento.<\/span><\/p>\n<p><span style=\"font-family: arial, helvetica, sans-serif;\">Adem\u00e1s de su impresionante durabilidad, ofrece una resistencia excepcional a las manchas, lo que garantiza que las restauraciones mantengan su apariencia pr\u00edstina a lo largo de los a\u00f1os. Su alta resistencia qu\u00edmica significa que resistir\u00e1 el desgaste del uso diario, manteniendo las restauraciones dentales frescas y naturales durante per\u00edodos m\u00e1s largos. A pesar de su alto rendimiento, este bloque de zirconia sigue siendo una opci\u00f3n asequible, lo que permite a los profesionales dentales ofrecer soluciones de restauraci\u00f3n rentables y de alta calidad a sus pacientes sin comprometer los est\u00e1ndares est\u00e9ticos o funcionales. En \u00faltima instancia, es un verdadero testimonio de la continua innovaci\u00f3n en materiales dentales, proporcionando a los profesionales dentales una soluci\u00f3n fiable, de alta calidad y rentable para crear restauraciones hermosas y duraderas. Ya sea que est\u00e9 trabajando con una corona de una sola unidad o una restauraci\u00f3n de arco completo, este bloque de zirconia asegura que sus restauraciones no solo cumplan, sino que superan las expectativas del paciente.<\/span><\/p>\n<p><span style=\"font-family: arial, helvetica, sans-serif; font-size: 14pt;\"><strong>1.Alta resistencia a la mancha<\/strong><\/span><br \/>\n<span style=\"font-family: arial, helvetica, sans-serif; font-size: 14pt;\"><strong>Prensado isost\u00e1tico 2.Cold para extender la vida \u00fatil<\/strong><\/span><br \/>\n<span style=\"font-family: arial, helvetica, sans-serif; font-size: 14pt;\"><strong>3.Capacidad de fresado de alta precisi\u00f3n<\/strong><\/span><br \/>\n<span style=\"font-family: arial, helvetica, sans-serif; font-size: 14pt;\"><strong>4.Mejorada funci\u00f3n oral<\/strong><\/span><\/p>\n<div style=\"width: 800px;\" class=\"wp-video\"><video class=\"wp-video-shortcode\" id=\"video-1502-1\" width=\"800\" height=\"450\" preload=\"metadata\" controls=\"controls\"><source type=\"video\/mp4\" src=\"https:\/\/www.dentalxangtech.com\/wp-content\/uploads\/2024\/06\/High-translucent-plus-white-zirconia-block-2.mp4?_=1\" \/><a href=\"https:\/\/www.dentalxangtech.com\/wp-content\/uploads\/2024\/06\/High-translucent-plus-white-zirconia-block-2.mp4\">https:\/\/www.dentalxangtech.com\/wp-content\/uploads\/2024\/06\/High-translucent-plus-white-zirconia-block-2.mp4<\/a><\/video><\/div>","protected":false},"excerpt":{"rendered":"<p>XANGTECH high translucent plus white zirconia block is a revolutionary advancement in dental restoration materials, offering a perfect balance of durability, aesthetic quality, and affordability. Crafted to improve the quality and longevity of tooth restorations, this zirconia block is known for its superior hardness, excellent chemical properties, and remarkable biocompatibility. These attributes make it an [&hellip;]<\/p>\n","protected":false},"featured_media":2987,"template":"","meta":{"_acf_changed":false},"product_brand":[],"product_cat":[15,53,43],"product_tag":[],"class_list":{"0":"post-1502","1":"product","2":"type-product","3":"status-publish","4":"has-post-thumbnail","6":"product_cat-restoration-materials","7":"product_cat-white-zirconia-block","8":"product_cat-zirconia-block","10":"first","11":"instock","12":"shipping-taxable","13":"product-type-simple"},"acf":[],"_links":{"self":[{"href":"https:\/\/www.dentalxangtech.com\/es\/wp-json\/wp\/v2\/product\/1502","targetHints":{"allow":["GET"]}}],"collection":[{"href":"https:\/\/www.dentalxangtech.com\/es\/wp-json\/wp\/v2\/product"}],"about":[{"href":"https:\/\/www.dentalxangtech.com\/es\/wp-json\/wp\/v2\/types\/product"}],"wp:featuredmedia":[{"embeddable":true,"href":"https:\/\/www.dentalxangtech.com\/es\/wp-json\/wp\/v2\/media\/2987"}],"wp:attachment":[{"href":"https:\/\/www.dentalxangtech.com\/es\/wp-json\/wp\/v2\/media?parent=1502"}],"wp:term":[{"taxonomy":"product_brand","embeddable":true,"href":"https:\/\/www.dentalxangtech.com\/es\/wp-json\/wp\/v2\/product_brand?post=1502"},{"taxonomy":"product_cat","embeddable":true,"href":"https:\/\/www.dentalxangtech.com\/es\/wp-json\/wp\/v2\/product_cat?post=1502"},{"taxonomy":"product_tag","embeddable":true,"href":"https:\/\/www.dentalxangtech.com\/es\/wp-json\/wp\/v2\/product_tag?post=1502"}],"curies":[{"name":"WP","href":"https:\/\/api.w.org\/{rel}","templated":true}]}}