{"id":1503,"date":"2024-06-21T19:00:51","date_gmt":"2024-06-21T11:00:51","guid":{"rendered":"https:\/\/www.dentalxangtech.com\/?post_type=product&#038;p=1503"},"modified":"2024-11-26T16:13:29","modified_gmt":"2024-11-26T08:13:29","slug":"high-translucent-pre-shaded-zirconia-block","status":"publish","type":"product","link":"https:\/\/www.dentalxangtech.com\/es\/product\/high-translucent-pre-shaded-zirconia-block\/","title":{"rendered":"Bloque de zirconia transl\u00facido de alto nivel"},"content":{"rendered":"<p><span style=\"font-family: arial, helvetica, sans-serif; font-size: 14pt;\">XANGTECH High Translucent Pre-Shaded Zirconia Block es reconocida como una soluci\u00f3n l\u00edder en restauraciones dentales, celebrada por su excepcional durabilidad y capacidades de coincidencia precisa de colores. Este producto especializado est\u00e1 meticulosamente dise\u00f1ado para los exigentes requisitos de las aplicaciones dentales, con una dureza inigualable que garantiza un rendimiento duradero a lo largo de varios procedimientos restaurativos. Los profesionales dentales aprecian su versatilidad, que se adapta f\u00e1cilmente a la creaci\u00f3n de coronas individuales, puentes intrincados y soluciones prot\u00e9ticas completas. Su robusta construcci\u00f3n no solo garantiza fiabilidad, sino que tambi\u00e9n contribuye a su reputaci\u00f3n de calidad constante a escala mundial.<\/span><br \/>\n<span style=\"font-family: arial, helvetica, sans-serif; font-size: 14pt;\">Reconocido por su capacidad de replicar el color natural de los dientes con una precisi\u00f3n notable, el bloque de zirconia transl\u00facido de alto nivel se integra sin problemas con los pacientes. dentici\u00f3n existente, dando resultados est\u00e9ticamente agradables que inspiran confianza y satisfacci\u00f3n. Dentistas y t\u00e9cnicos conf\u00edan en este material avanzado para lograr resultados superiores sin compromisos, estableciendo nuevos est\u00e1ndares en la restauraci\u00f3n dental tanto para la funci\u00f3n como para la apariencia.<\/span><\/p>\n<p>&nbsp;<\/p>\n<p><span style=\"font-family: arial, helvetica, sans-serif; font-size: 14pt;\"><strong>1. f\u00e1cil de usar proceso de fresado<\/strong><\/span><br \/>\n<span style=\"font-family: arial, helvetica, sans-serif; font-size: 14pt;\"><strong>Color y translucidez 2.Consistent<\/strong><\/span><br \/>\n<span style=\"font-family: arial, helvetica, sans-serif; font-size: 14pt;\"><strong>3.Adaptabilidad para varias aplicaciones<\/strong><\/span><\/p>\n<div style=\"width: 800px;\" class=\"wp-video\"><video class=\"wp-video-shortcode\" id=\"video-1503-1\" width=\"800\" height=\"450\" preload=\"metadata\" controls=\"controls\"><source type=\"video\/mp4\" src=\"https:\/\/www.dentalxangtech.com\/wp-content\/uploads\/2024\/06\/High-translucent-color-zirconia-block.mp4?_=1\" \/><a href=\"https:\/\/www.dentalxangtech.com\/wp-content\/uploads\/2024\/06\/High-translucent-color-zirconia-block.mp4\">https:\/\/www.dentalxangtech.com\/wp-content\/uploads\/2024\/06\/High-translucent-color-zirconia-block.mp4<\/a><\/video><\/div>\n<p>&nbsp;<\/p>\n<p>&nbsp;<\/p>","protected":false},"excerpt":{"rendered":"<p>XANGTECH High Translucent Pre-Shaded Zirconia Block is recognized as a leading solution in dental restorations, celebrated for its exceptional durability and precise color matching capabilities. This specialized product is meticulously engineered for the demanding requirements of dental applications, featuring unparalleled hardness that ensures enduring performance throughout various restorative procedures. Dental professionals appreciate the versatility of [&hellip;]<\/p>\n","protected":false},"featured_media":2999,"template":"","meta":{"_acf_changed":false},"product_brand":[],"product_cat":[52],"product_tag":[],"class_list":{"0":"post-1503","1":"product","2":"type-product","3":"status-publish","4":"has-post-thumbnail","6":"product_cat-pre-shaded-zirconia-block","8":"first","9":"instock","10":"shipping-taxable","11":"product-type-simple"},"acf":[],"_links":{"self":[{"href":"https:\/\/www.dentalxangtech.com\/es\/wp-json\/wp\/v2\/product\/1503","targetHints":{"allow":["GET"]}}],"collection":[{"href":"https:\/\/www.dentalxangtech.com\/es\/wp-json\/wp\/v2\/product"}],"about":[{"href":"https:\/\/www.dentalxangtech.com\/es\/wp-json\/wp\/v2\/types\/product"}],"wp:featuredmedia":[{"embeddable":true,"href":"https:\/\/www.dentalxangtech.com\/es\/wp-json\/wp\/v2\/media\/2999"}],"wp:attachment":[{"href":"https:\/\/www.dentalxangtech.com\/es\/wp-json\/wp\/v2\/media?parent=1503"}],"wp:term":[{"taxonomy":"product_brand","embeddable":true,"href":"https:\/\/www.dentalxangtech.com\/es\/wp-json\/wp\/v2\/product_brand?post=1503"},{"taxonomy":"product_cat","embeddable":true,"href":"https:\/\/www.dentalxangtech.com\/es\/wp-json\/wp\/v2\/product_cat?post=1503"},{"taxonomy":"product_tag","embeddable":true,"href":"https:\/\/www.dentalxangtech.com\/es\/wp-json\/wp\/v2\/product_tag?post=1503"}],"curies":[{"name":"WP","href":"https:\/\/api.w.org\/{rel}","templated":true}]}}