{"id":1504,"date":"2024-06-21T19:00:49","date_gmt":"2024-06-21T11:00:49","guid":{"rendered":"https:\/\/www.dentalxangtech.com\/?post_type=product&#038;p=1504"},"modified":"2024-11-26T17:23:09","modified_gmt":"2024-11-26T09:23:09","slug":"super-translucent-pre-shaded-zirconia-block","status":"publish","type":"product","link":"https:\/\/www.dentalxangtech.com\/es\/product\/super-translucent-pre-shaded-zirconia-block\/","title":{"rendered":"Bloque de zirconia super transl\u00facido pre-sombreado"},"content":{"rendered":"<p>XANGTECH super transl\u00facido pre-sombreado bloque de zirconia representa un salto significativo en los materiales de restauraci\u00f3n dental, ofreciendo un rendimiento superior y eficiencia mejorada en comparaci\u00f3n con los bloques tradicionales de zirconia blanca. Dise\u00f1ado espec\u00edficamente para satisfacer las crecientes demandas de la odontolog\u00eda moderna, este material avanzado combina una excelente est\u00e9tica con una durabilidad de larga duraci\u00f3n, lo que lo convierte en una opci\u00f3n ideal para una amplia gama de aplicaciones dentales. A diferencia de la zirconia convencional, que a menudo requiere sombreado o coloraci\u00f3n adicional, el dise\u00f1o pre-sombreado de este bloque de zirconia simplifica el proceso de restauraci\u00f3n eliminando la necesidad de aplicaci\u00f3n de color post-procesamiento. Esto no solo reduce el tiempo total del procedimiento, sino que tambi\u00e9n ayuda a los profesionales dentales a agilizar su flujo de trabajo, lo que en \u00faltima instancia aumenta la productividad en el laboratorio dental. Con una textura dura que garantiza una resistencia y fiabilidad prolongadas, est\u00e1 construido para resistir el desgaste del uso diario, lo que lo hace adecuado para aplicaciones dentales a largo plazo como coronas, puentes y otras pr\u00f3tesis fijas. La avanzada tecnolog\u00eda de fabricaci\u00f3n detr\u00e1s de este bloque garantiza que cada pieza ofrezca una calidad constante, logrando un alto nivel de precisi\u00f3n y detalle en la restauraci\u00f3n final. La alta translucidez del material permite una est\u00e9tica realista que se combina perfectamente con los dientes naturales, lo que lo convierte en una excelente opci\u00f3n para restauraciones anteriores y posteriores donde la apariencia es crucial.<\/p>\n<p>Adem\u00e1s de su sobresaliente durabilidad y cualidades est\u00e9ticas, mejora la comodidad del paciente con sus propiedades no irritantes y no invasivas. Esto lo convierte en un material seguro y fiable para una amplia gama de pacientes dentales, particularmente aquellos con tejidos orales sensibles. Las restauraciones terminadas cumplen con las altas exigencias est\u00e9ticas de la odontolog\u00eda moderna al tiempo que mantienen una excelente funcionalidad, asegurando que tanto los profesionales dentales como los pacientes se beneficien de resultados superiores. Con su facilidad de uso, flujo de trabajo simplificado y rendimiento consistente, este bloque de zirconia es una soluci\u00f3n confiable para lograr restauraciones dentales de alta calidad, duraderas y est\u00e9ticamente agradables.<\/p>\n<p><strong><span style=\"font-family: arial, helvetica, sans-serif; font-size: 14pt;\">Tecnolog\u00eda avanzada para la productividad<\/span><\/strong><br \/>\n<strong><span style=\"font-family: arial, helvetica, sans-serif; font-size: 14pt;\">2. textura dura para la durabilidad<\/span><\/strong><br \/>\n<strong><span style=\"font-family: arial, helvetica, sans-serif; font-size: 14pt;\">Tiempo de coloraci\u00f3n 3.Reduced para la eficiencia<\/span><\/strong><br \/>\n<strong><span style=\"font-family: arial, helvetica, sans-serif; font-size: 14pt;\">Productos acabados 4.Perfect para la est\u00e9tica<\/span><\/strong><\/p>\n<div style=\"width: 800px;\" class=\"wp-video\"><video class=\"wp-video-shortcode\" id=\"video-1504-1\" width=\"800\" height=\"450\" preload=\"metadata\" controls=\"controls\"><source type=\"video\/mp4\" src=\"https:\/\/www.dentalxangtech.com\/wp-content\/uploads\/2024\/06\/STC-zirconia-video.mp4?_=1\" \/><a href=\"https:\/\/www.dentalxangtech.com\/wp-content\/uploads\/2024\/06\/STC-zirconia-video.mp4\">https:\/\/www.dentalxangtech.com\/wp-content\/uploads\/2024\/06\/STC-zirconia-video.mp4<\/a><\/video><\/div>","protected":false},"excerpt":{"rendered":"<p>XANGTECH super translucent pre-Shaded zirconia block represents a significant leap forward in dental restoration materials, offering superior performance and enhanced efficiency compared to traditional white zirconia blocks. Specifically designed to meet the growing demands of modern dentistry, this advanced material combines excellent aesthetics with long-lasting durability, making it an ideal choice for a wide range [&hellip;]<\/p>\n","protected":false},"featured_media":3005,"template":"","meta":{"_acf_changed":false},"product_brand":[],"product_cat":[52,15,43],"product_tag":[],"class_list":{"0":"post-1504","1":"product","2":"type-product","3":"status-publish","4":"has-post-thumbnail","6":"product_cat-pre-shaded-zirconia-block","7":"product_cat-restoration-materials","8":"product_cat-zirconia-block","10":"first","11":"instock","12":"shipping-taxable","13":"product-type-simple"},"acf":[],"_links":{"self":[{"href":"https:\/\/www.dentalxangtech.com\/es\/wp-json\/wp\/v2\/product\/1504","targetHints":{"allow":["GET"]}}],"collection":[{"href":"https:\/\/www.dentalxangtech.com\/es\/wp-json\/wp\/v2\/product"}],"about":[{"href":"https:\/\/www.dentalxangtech.com\/es\/wp-json\/wp\/v2\/types\/product"}],"wp:featuredmedia":[{"embeddable":true,"href":"https:\/\/www.dentalxangtech.com\/es\/wp-json\/wp\/v2\/media\/3005"}],"wp:attachment":[{"href":"https:\/\/www.dentalxangtech.com\/es\/wp-json\/wp\/v2\/media?parent=1504"}],"wp:term":[{"taxonomy":"product_brand","embeddable":true,"href":"https:\/\/www.dentalxangtech.com\/es\/wp-json\/wp\/v2\/product_brand?post=1504"},{"taxonomy":"product_cat","embeddable":true,"href":"https:\/\/www.dentalxangtech.com\/es\/wp-json\/wp\/v2\/product_cat?post=1504"},{"taxonomy":"product_tag","embeddable":true,"href":"https:\/\/www.dentalxangtech.com\/es\/wp-json\/wp\/v2\/product_tag?post=1504"}],"curies":[{"name":"WP","href":"https:\/\/api.w.org\/{rel}","templated":true}]}}