{"id":1506,"date":"2024-06-21T19:00:00","date_gmt":"2024-06-21T11:00:00","guid":{"rendered":"https:\/\/www.dentalxangtech.com\/?post_type=product&#038;p=1506"},"modified":"2024-11-27T11:20:02","modified_gmt":"2024-11-27T03:20:02","slug":"super-high-translucent-pre-shaded-zirconia-block","status":"publish","type":"product","link":"https:\/\/www.dentalxangtech.com\/es\/product\/super-high-translucent-pre-shaded-zirconia-block\/","title":{"rendered":"Bloque de zirconia transl\u00facido super alto"},"content":{"rendered":"<p><span style=\"font-family: arial, helvetica, sans-serif; font-size: 14pt;\">XANGTECH super transl\u00facido pre-sombreado bloque de zirconia est\u00e1 meticulosamente dise\u00f1ado para elevar las restauraciones dentales con un equilibrio perfecto entre el atractivo est\u00e9tico y la durabilidad funcional. Reconocido por sus excelentes propiedades antienvejecimiento, este avanzado material de zirconia ofrece una excepcional resistencia a la decoloraci\u00f3n y la degradaci\u00f3n con el tiempo, asegurando resultados duraderos que mantienen su brillo original. Con una mayor transmitancia de luz que los materiales tradicionales, la zirconia XANGTECH logra una apariencia natural al transmitir eficazmente la luz, replicando la translucidez de los dientes naturales. Esta caracter\u00edstica es crucial para crear restauraciones que se mezclan perfectamente con la dentici\u00f3n circundante, mejorando la est\u00e9tica general de la sonrisa.<\/span><br \/>\n<span style=\"font-family: arial, helvetica, sans-serif; font-size: 14pt;\">Seleccionada cuidadosamente por sus caracter\u00edsticas est\u00e9ticas superiores, la zirconia XANGTECH es ideal para satisfacer los exigentes requisitos est\u00e9ticos de la odontolog\u00eda moderna. Su estabilidad de color y capacidad para imitar tonos dentales naturales lo convierten en una opci\u00f3n preferida entre los profesionales dentales que buscan ofrecer restauraciones hermosas y realistas. Adem\u00e1s, la zirconia XANGTECH ofrece una buena estabilidad, garantizando un rendimiento fiable en diversas aplicaciones dentales. Ya sea que se utilice para coronas individuales, puentes o soluciones prot\u00e9ticas complejas, los profesionales dentales pueden confiar en XANGTECH zirconia para ofrecer resultados consistentes y duraderos que cumplan tanto las expectativas est\u00e9ticas como las demandas funcionales.<\/span><\/p>\n<p>&nbsp;<\/p>\n<p><strong><span style=\"font-family: arial, helvetica, sans-serif; font-size: 14pt;\">1.Excelentes propiedades antienvejecimiento<\/span><\/strong><br \/>\n<strong><span style=\"font-family: arial, helvetica, sans-serif; font-size: 14pt;\">2. transmitancia de luz superior<\/span><\/strong><br \/>\n<strong><span style=\"font-family: arial, helvetica, sans-serif; font-size: 14pt;\">3.Material seleccionado para la est\u00e9tica<\/span><\/strong><br \/>\n<strong><span style=\"font-family: arial, helvetica, sans-serif; font-size: 14pt;\">4. buena estabilidad<\/span><\/strong><\/p>\n<p>&nbsp;<\/p>","protected":false},"excerpt":{"rendered":"<p>XANGTECH super translucent pre-shaded zirconia block is meticulously crafted to elevate dental restorations with a perfect balance of aesthetic appeal and functional durability. Renowned for its excellent anti-aging properties, this advanced zirconia material offers exceptional resistance to discoloration and degradation over time, ensuring long-lasting results that maintain their original brilliance. With higher light transmittance than [&hellip;]<\/p>\n","protected":false},"featured_media":2620,"template":"","meta":{"_acf_changed":false},"product_brand":[],"product_cat":[52,15,43],"product_tag":[],"class_list":{"0":"post-1506","1":"product","2":"type-product","3":"status-publish","4":"has-post-thumbnail","6":"product_cat-pre-shaded-zirconia-block","7":"product_cat-restoration-materials","8":"product_cat-zirconia-block","10":"first","11":"instock","12":"shipping-taxable","13":"product-type-simple"},"acf":[],"_links":{"self":[{"href":"https:\/\/www.dentalxangtech.com\/es\/wp-json\/wp\/v2\/product\/1506","targetHints":{"allow":["GET"]}}],"collection":[{"href":"https:\/\/www.dentalxangtech.com\/es\/wp-json\/wp\/v2\/product"}],"about":[{"href":"https:\/\/www.dentalxangtech.com\/es\/wp-json\/wp\/v2\/types\/product"}],"wp:featuredmedia":[{"embeddable":true,"href":"https:\/\/www.dentalxangtech.com\/es\/wp-json\/wp\/v2\/media\/2620"}],"wp:attachment":[{"href":"https:\/\/www.dentalxangtech.com\/es\/wp-json\/wp\/v2\/media?parent=1506"}],"wp:term":[{"taxonomy":"product_brand","embeddable":true,"href":"https:\/\/www.dentalxangtech.com\/es\/wp-json\/wp\/v2\/product_brand?post=1506"},{"taxonomy":"product_cat","embeddable":true,"href":"https:\/\/www.dentalxangtech.com\/es\/wp-json\/wp\/v2\/product_cat?post=1506"},{"taxonomy":"product_tag","embeddable":true,"href":"https:\/\/www.dentalxangtech.com\/es\/wp-json\/wp\/v2\/product_tag?post=1506"}],"curies":[{"name":"WP","href":"https:\/\/api.w.org\/{rel}","templated":true}]}}