{"id":1574,"date":"2024-07-03T18:03:58","date_gmt":"2024-07-03T10:03:58","guid":{"rendered":"https:\/\/www.dentalxangtech.com\/index.php\/product\/%e8%b6%85%e9%ab%98%e9%80%8f%e6%98%8e%e9%a2%84%e7%9d%80%e8%89%b2%e6%b0%a7%e5%8c%96%e9%94%86%e5%9d%97-2\/"},"modified":"2024-11-26T15:07:52","modified_gmt":"2024-11-26T07:07:52","slug":"super-translucent-multilayer-zirconia-block","status":"publish","type":"product","link":"https:\/\/www.dentalxangtech.com\/es\/product\/super-translucent-multilayer-zirconia-block\/","title":{"rendered":"Bloque de zirconia multicapa s\u00faper transl\u00facido"},"content":{"rendered":"<p><span style=\"font-family: arial, helvetica, sans-serif; font-size: 14pt;\">XANGTECH Super Translucent Multilayer Zirconia Block es un material dental de \u00faltima generaci\u00f3n dise\u00f1ado para hacer frente a los desaf\u00edos comunes en los procedimientos restaurativos totalmente cer\u00e1micos, particularmente el sombreado desigual y las transiciones de color no naturales. Al eliminar la necesidad de sombreado interno, logra una apariencia consistente y natural que replica el gradiente de color desde el \u00e1rea cervical hasta el borde incisal. Esto lo hace especialmente adecuado para restauraciones anteriores, donde las consideraciones est\u00e9ticas son primordiales.<\/span><\/p>\n<p><span style=\"font-family: arial, helvetica, sans-serif; font-size: 14pt;\">Sus propiedades avanzadas aseguran que el material imite la translucidez y el comportamiento \u00f3ptico de los dientes naturales, lo que lo convierte en una opci\u00f3n ideal para coronas, puentes y chapas. Los especialistas dentales encontrar\u00e1n que XANGTECH Super Translucent Multilayer Zirconia Block es altamente vers\u00e1til, lo que permite una personalizaci\u00f3n precisa y resultados superiores tanto en restauraciones de un solo diente como en casos m\u00e1s complejos. Adem\u00e1s, su resistencia y biocompatibilidad garantizan un rendimiento duradero, reduciendo la necesidad de sustituciones frecuentes y mejorando la satisfacci\u00f3n del paciente. Este material soporta una amplia gama de aplicaciones cl\u00ednicas, proporcionando a los profesionales dentales una opci\u00f3n fiable y est\u00e9ticamente agradable para la odontolog\u00eda restaurativa.<\/span><\/p>\n<p>&nbsp;<\/p>\n<p><strong><span style=\"font-family: arial, helvetica, sans-serif; font-size: 14pt;\">1. Fuerte adaptabilidad<br \/>\n2. Se puede usar para hacer puentes dentales de gran envergadura<br \/>\n3. Gradaci\u00f3n del color del diente a bajo costo<br \/>\n4. Operaci\u00f3n m\u00e1s sencilla en las etapas posteriores<br \/>\n<\/span><\/strong><\/p>\n<div style=\"width: 800px;\" class=\"wp-video\"><video class=\"wp-video-shortcode\" id=\"video-1574-1\" width=\"800\" height=\"450\" preload=\"metadata\" controls=\"controls\"><source type=\"video\/mp4\" src=\"https:\/\/www.dentalxangtech.com\/wp-content\/uploads\/2024\/07\/STML-video.mp4?_=1\" \/><a href=\"https:\/\/www.dentalxangtech.com\/wp-content\/uploads\/2024\/07\/STML-video.mp4\">https:\/\/www.dentalxangtech.com\/wp-content\/uploads\/2024\/07\/STML-video.mp4<\/a><\/video><\/div>","protected":false},"excerpt":{"rendered":"<p><span style=\"font-family: arial, helvetica, sans-serif;\">\u00a0<\/span><\/p>","protected":false},"featured_media":2993,"template":"","meta":{"_acf_changed":false},"product_brand":[],"product_cat":[51],"product_tag":[],"class_list":{"0":"post-1574","1":"product","2":"type-product","3":"status-publish","4":"has-post-thumbnail","6":"product_cat-multilayer-zirconia-blcok","8":"first","9":"instock","10":"shipping-taxable","11":"product-type-simple"},"acf":[],"_links":{"self":[{"href":"https:\/\/www.dentalxangtech.com\/es\/wp-json\/wp\/v2\/product\/1574","targetHints":{"allow":["GET"]}}],"collection":[{"href":"https:\/\/www.dentalxangtech.com\/es\/wp-json\/wp\/v2\/product"}],"about":[{"href":"https:\/\/www.dentalxangtech.com\/es\/wp-json\/wp\/v2\/types\/product"}],"wp:featuredmedia":[{"embeddable":true,"href":"https:\/\/www.dentalxangtech.com\/es\/wp-json\/wp\/v2\/media\/2993"}],"wp:attachment":[{"href":"https:\/\/www.dentalxangtech.com\/es\/wp-json\/wp\/v2\/media?parent=1574"}],"wp:term":[{"taxonomy":"product_brand","embeddable":true,"href":"https:\/\/www.dentalxangtech.com\/es\/wp-json\/wp\/v2\/product_brand?post=1574"},{"taxonomy":"product_cat","embeddable":true,"href":"https:\/\/www.dentalxangtech.com\/es\/wp-json\/wp\/v2\/product_cat?post=1574"},{"taxonomy":"product_tag","embeddable":true,"href":"https:\/\/www.dentalxangtech.com\/es\/wp-json\/wp\/v2\/product_tag?post=1574"}],"curies":[{"name":"WP","href":"https:\/\/api.w.org\/{rel}","templated":true}]}}