{"id":1576,"date":"2024-07-03T18:13:07","date_gmt":"2024-07-03T10:13:07","guid":{"rendered":"https:\/\/www.dentalxangtech.com\/index.php\/product\/%e8%b6%85%e9%ab%98%e9%80%8f%e6%98%8e%e9%a2%84%e7%9d%80%e8%89%b2%e6%b0%a7%e5%8c%96%e9%94%86%e5%9d%97-2-2\/"},"modified":"2024-11-26T15:48:19","modified_gmt":"2024-11-26T07:48:19","slug":"3d-multilayer-zirconia-block","status":"publish","type":"product","link":"https:\/\/www.dentalxangtech.com\/es\/product\/3d-multilayer-zirconia-block\/","title":{"rendered":"Bloque de zirconia multicapa 3D"},"content":{"rendered":"<p><span style=\"font-family: arial, helvetica, sans-serif; font-size: 14pt;\">XANGTECH 3D Multilayer Zirconia Block es un material dental de \u00faltima generaci\u00f3n altamente reconocido por sus propiedades qu\u00edmicas estables y adaptabilidad a varios sistemas CAD CAM dentales abiertos. Este avanzado bloque de zirconia est\u00e1 dise\u00f1ado para una alta resistencia y dureza excepcional, lo que reduce significativamente la probabilidad de fracturas durante el proceso de producci\u00f3n de pr\u00f3tesis dentales. Adem\u00e1s de su excelencia mec\u00e1nica, el Bloque de Zirconia Multicapa 3D XANGTECH destaca por su notable rentabilidad, ofreciendo calidad premium a un precio competitivo. Su resistencia ultra alta garantiza una durabilidad de larga duraci\u00f3n, lo que lo convierte en una opci\u00f3n ideal para los profesionales dentales que buscan un rendimiento fiable y eficiente. Adem\u00e1s, el dise\u00f1o innovador del Bloque de Zirconia Multicapa 3D XANGTECH elimina la necesidad de colorear l\u00edquidos, evitando as\u00ed posibles errores de coloraci\u00f3n y garantizando resultados consistentes y precisos. Esta caracter\u00edstica no solo simplifica el flujo de trabajo, sino que tambi\u00e9n mejora la calidad general y la est\u00e9tica de las restauraciones dentales finales.<\/span><\/p>\n<p><span style=\"font-family: arial, helvetica, sans-serif; font-size: 14pt;\">El bloque de zirconia multicapa XANGTECH 3D exhibe excelentes caracter\u00edsticas de biocompatibilidad, siendo no irritante, carente de olor y no planteando impactos biol\u00f3gicos adversos o riesgos potenciales para la cavidad oral humana, garantizando as\u00ed la seguridad e integridad del entorno oral.<\/span><\/p>\n<p><span style=\"font-family: arial, helvetica, sans-serif; font-size: 14pt;\">El bloque de zirconia multicapa XANGTECH 3D es extremadamente resistente y no es propenso a la fractura, y no requiere l\u00edquido colorante, lo que reduce la dificultad de operaci\u00f3n. Lo m\u00e1s importante es que son baratos y tienen un rendimiento de costo muy alto.<\/span><\/p>\n<p>&nbsp;<\/p>\n<p><span style=\"font-family: arial, helvetica, sans-serif; font-size: 14pt;\"><strong>1. Compatible con sistemas CAD CAM abiertos<br \/>\n2. Reducci\u00f3n del riesgo de rotura de la producci\u00f3n<br \/>\n3. Durable y de larga duraci\u00f3n<br \/>\n4. No hay necesidad de soluciones de coloraci\u00f3n<\/strong><\/span><\/p>\n<div style=\"width: 800px;\" class=\"wp-video\"><video class=\"wp-video-shortcode\" id=\"video-1576-1\" width=\"800\" height=\"450\" preload=\"metadata\" controls=\"controls\"><source type=\"video\/mp4\" src=\"https:\/\/www.dentalxangtech.com\/wp-content\/uploads\/2024\/07\/3D-multilayer-zirconia-video.mp4?_=1\" \/><a href=\"https:\/\/www.dentalxangtech.com\/wp-content\/uploads\/2024\/07\/3D-multilayer-zirconia-video.mp4\">https:\/\/www.dentalxangtech.com\/wp-content\/uploads\/2024\/07\/3D-multilayer-zirconia-video.mp4<\/a><\/video><\/div>\n<p>&nbsp;<\/p>","protected":false},"excerpt":{"rendered":"<p>XANGTECH 3D Multilayer Zirconia Block is a state-of-the-art dental material highly regarded for its stable chemical properties and adaptability to various open dental CAD CAM systems. This advanced zirconia block is engineered for high strength and exceptional hardness, significantly reducing the likelihood of fractures during the production process of dental prosthetics. In addition to its [&hellip;]<\/p>\n","protected":false},"featured_media":2618,"template":"","meta":{"_acf_changed":false},"product_brand":[],"product_cat":[51],"product_tag":[],"class_list":{"0":"post-1576","1":"product","2":"type-product","3":"status-publish","4":"has-post-thumbnail","6":"product_cat-multilayer-zirconia-blcok","8":"first","9":"instock","10":"shipping-taxable","11":"product-type-simple"},"acf":[],"_links":{"self":[{"href":"https:\/\/www.dentalxangtech.com\/es\/wp-json\/wp\/v2\/product\/1576","targetHints":{"allow":["GET"]}}],"collection":[{"href":"https:\/\/www.dentalxangtech.com\/es\/wp-json\/wp\/v2\/product"}],"about":[{"href":"https:\/\/www.dentalxangtech.com\/es\/wp-json\/wp\/v2\/types\/product"}],"wp:featuredmedia":[{"embeddable":true,"href":"https:\/\/www.dentalxangtech.com\/es\/wp-json\/wp\/v2\/media\/2618"}],"wp:attachment":[{"href":"https:\/\/www.dentalxangtech.com\/es\/wp-json\/wp\/v2\/media?parent=1576"}],"wp:term":[{"taxonomy":"product_brand","embeddable":true,"href":"https:\/\/www.dentalxangtech.com\/es\/wp-json\/wp\/v2\/product_brand?post=1576"},{"taxonomy":"product_cat","embeddable":true,"href":"https:\/\/www.dentalxangtech.com\/es\/wp-json\/wp\/v2\/product_cat?post=1576"},{"taxonomy":"product_tag","embeddable":true,"href":"https:\/\/www.dentalxangtech.com\/es\/wp-json\/wp\/v2\/product_tag?post=1576"}],"curies":[{"name":"WP","href":"https:\/\/api.w.org\/{rel}","templated":true}]}}