{"id":1577,"date":"2024-07-03T18:14:11","date_gmt":"2024-07-03T10:14:11","guid":{"rendered":"https:\/\/www.dentalxangtech.com\/index.php\/product\/%e8%b6%85%e9%ab%98%e9%80%8f%e6%98%8e%e9%a2%84%e7%9d%80%e8%89%b2%e6%b0%a7%e5%8c%96%e9%94%86%e5%9d%97-2-3\/"},"modified":"2024-11-26T16:25:21","modified_gmt":"2024-11-26T08:25:21","slug":"super-high-translucent-multilayer-zirconia-block","status":"publish","type":"product","link":"https:\/\/www.dentalxangtech.com\/es\/product\/super-high-translucent-multilayer-zirconia-block\/","title":{"rendered":"Bloque de zirconia multicapa transl\u00facido s\u00faper alto"},"content":{"rendered":"<p><span style=\"font-family: arial, helvetica, sans-serif; font-size: 14pt;\">XANGTECH Super High Translucent Multilayer Zirconia Block est\u00e1 dise\u00f1ado para cumplir con los m\u00e1s altos est\u00e1ndares de restauraciones dentales. Su alta translucidez garantiza que las restauraciones tengan un aspecto natural y realista, lo que lo hace ideal para coronas y carillas anteriores. Utilizando tecnolog\u00eda de producci\u00f3n de vanguardia, este bloque de zirconia ofrece resultados precisos y consistentes, garantizando la precisi\u00f3n en una amplia gama de aplicaciones restaurativas.<\/span><\/p>\n<p><span style=\"font-family: arial, helvetica, sans-serif; font-size: 14pt;\">Es&#8217; Su dise\u00f1o permite un gradiente suave de color y translucidez, imitando de cerca la transici\u00f3n natural de la dentina al esmalte. Esta caracter\u00edstica es particularmente beneficiosa para crear restauraciones que se mezclan perfectamente con los dientes existentes del paciente. Adem\u00e1s, la formulaci\u00f3n avanzada del material ofrece una excelente resistencia al envejecimiento, garantizando una durabilidad de larga duraci\u00f3n y manteniendo la calidad est\u00e9tica con el tiempo. La calidad estable y fiable, as\u00ed como su excelente mecanizabilidad, contribuyen a la reducci\u00f3n de las duraciones de procesamiento, lo que permite un ciclo de terminaci\u00f3n m\u00e1s r\u00e1pido y una mayor productividad. El material&#8217; La alta adaptabilidad y la interfaz sin problemas con diversos sistemas CAD\/CAM garantizan una incorporaci\u00f3n sin problemas en los arreglos operativos preexistentes, optimizando y acelerando a\u00fan m\u00e1s los procedimientos de restauraci\u00f3n. <\/span><\/p>\n<p><span style=\"font-family: arial, helvetica, sans-serif; font-size: 14pt;\">Los profesionales dentales pueden confiar en el Bloque de Zirconia Multicapa Transl\u00facida Super Alta de XANGTECH por su rendimiento robusto y su est\u00e9tica excepcional, proporcionando a los pacientes restauraciones duraderas y de aspecto natural que mejoran la salud oral general y la satisfacci\u00f3n.<\/span><\/p>\n<p>&nbsp;<\/p>\n<p><span style=\"font-family: arial, helvetica, sans-serif; font-size: 14pt;\"><strong>1.Alta translucidez<br \/>\n2.Leading tecnolog\u00eda de producci\u00f3n<br \/>\n3. Buena resistencia al envejecimiento<br \/>\n4.Color transl\u00facido de los productos terminados<br \/>\n<\/strong><\/span><\/p>\n<div style=\"width: 800px;\" class=\"wp-video\"><video class=\"wp-video-shortcode\" id=\"video-1577-1\" width=\"800\" height=\"450\" preload=\"metadata\" controls=\"controls\"><source type=\"video\/mp4\" src=\"https:\/\/www.dentalxangtech.com\/wp-content\/uploads\/2024\/07\/11\u670821\u65e51.mp4?_=1\" \/><a href=\"https:\/\/www.dentalxangtech.com\/wp-content\/uploads\/2024\/07\/11\u670821\u65e51.mp4\">https:\/\/www.dentalxangtech.com\/wp-content\/uploads\/2024\/07\/11\u670821\u65e51.mp4<\/a><\/video><\/div>","protected":false},"excerpt":{"rendered":"<p>XANGTECH Super High Translucent Multilayer Zirconia Block is designed to meet the highest standards of dental restorations. Its high translucency ensures that restorations have a natural, lifelike appearance, making it ideal for anterior crowns and veneers. Utilizing leading-edge production technology, this zirconia block delivers precise, consistent results, ensuring accuracy in a wide range of restorative [&hellip;]<\/p>\n","protected":false},"featured_media":2974,"template":"","meta":{"_acf_changed":false},"product_brand":[],"product_cat":[51],"product_tag":[],"class_list":{"0":"post-1577","1":"product","2":"type-product","3":"status-publish","4":"has-post-thumbnail","6":"product_cat-multilayer-zirconia-blcok","8":"first","9":"instock","10":"shipping-taxable","11":"product-type-simple"},"acf":[],"_links":{"self":[{"href":"https:\/\/www.dentalxangtech.com\/es\/wp-json\/wp\/v2\/product\/1577","targetHints":{"allow":["GET"]}}],"collection":[{"href":"https:\/\/www.dentalxangtech.com\/es\/wp-json\/wp\/v2\/product"}],"about":[{"href":"https:\/\/www.dentalxangtech.com\/es\/wp-json\/wp\/v2\/types\/product"}],"wp:featuredmedia":[{"embeddable":true,"href":"https:\/\/www.dentalxangtech.com\/es\/wp-json\/wp\/v2\/media\/2974"}],"wp:attachment":[{"href":"https:\/\/www.dentalxangtech.com\/es\/wp-json\/wp\/v2\/media?parent=1577"}],"wp:term":[{"taxonomy":"product_brand","embeddable":true,"href":"https:\/\/www.dentalxangtech.com\/es\/wp-json\/wp\/v2\/product_brand?post=1577"},{"taxonomy":"product_cat","embeddable":true,"href":"https:\/\/www.dentalxangtech.com\/es\/wp-json\/wp\/v2\/product_cat?post=1577"},{"taxonomy":"product_tag","embeddable":true,"href":"https:\/\/www.dentalxangtech.com\/es\/wp-json\/wp\/v2\/product_tag?post=1577"}],"curies":[{"name":"WP","href":"https:\/\/api.w.org\/{rel}","templated":true}]}}