{"id":1580,"date":"2024-07-03T18:27:57","date_gmt":"2024-07-03T10:27:57","guid":{"rendered":"https:\/\/www.dentalxangtech.com\/index.php\/product\/super-high-translucent-multilayer-zirconia-block-2\/"},"modified":"2024-11-28T16:32:08","modified_gmt":"2024-11-28T08:32:08","slug":"3d-plus-multilayer-zirconia-block","status":"publish","type":"product","link":"https:\/\/www.dentalxangtech.com\/es\/product\/3d-plus-multilayer-zirconia-block\/","title":{"rendered":"Bloque de zirconia multicapa 3D Plus"},"content":{"rendered":"<p><span style=\"font-family: arial, helvetica, sans-serif; font-size: 14pt;\">XANGTECH 3D Plus Multilayer Zirconia Block es un avance en el campo de los materiales dentales, combinando las ventajas de varios bloques de zirconia con un rendimiento superior y una rentabilidad. El producto ha sido meticulosamente investigado para expandir los tipos de bloques de zirconia existentes, llenando una brecha cr\u00edtica de la industria y liderando los avances tecnol\u00f3gicos en el campo.<\/span><br \/>\n<span style=\"font-family: arial, helvetica, sans-serif; font-size: 14pt;\">Mejora la resistencia a la flexi\u00f3n, mejora la utilizaci\u00f3n del producto y supera los est\u00e1ndares de la industria, al tiempo que racionaliza el proceso de fabricaci\u00f3n y reduce los costos operativos. Dise\u00f1ado para promover el tejido gingival sano, el producto garantiza una alta calidad a un precio competitivo y es adecuado para su uso en toda la cavidad oral. Adem\u00e1s, es biocompatible y no t\u00f3xico para la cavidad oral.<\/span><br \/>\n<span style=\"font-family: arial, helvetica, sans-serif; font-size: 14pt;\">Su transparencia cambia desde el borde incisal al borde cervical en un gradiente del 43%-57%. Tiene una mayor transparencia en el borde incisal, lo que puede simular bien la transparencia del esmalte natural, mientras que tiene una menor transparencia en el borde cervical, lo que puede cubrir eficazmente el color subyacente, haciendo que el efecto de color general sea m\u00e1s realista y natural. <\/span><br \/>\n<span style=\"font-family: arial, helvetica, sans-serif; font-size: 14pt;\">La resistencia a la flexi\u00f3n est\u00e1 entre 700MPa-1100MPa. Tiene alta resistencia y tenacidad, puede soportar grandes fuerzas de masticaci\u00f3n y es adecuado para la producci\u00f3n de una variedad de restauraciones orales, como coronas individuales, puentes, chapas, etc.<\/span><\/p>\n<p>&nbsp;<\/p>\n<p><span style=\"font-family: arial, helvetica, sans-serif; font-size: 14pt;\"><strong>1.Promotes tejido de enc\u00edas saludable<br \/>\n2.Mejor calidad en comparaci\u00f3n con los compa\u00f1eros<br \/>\n3.Can se utiliza en toda la boca<br \/>\nTecnolog\u00eda 4.Unique y m\u00e1s reciente para producir bloques de zirconia multicapa<br \/>\n<\/strong><\/span><\/p>\n<div style=\"width: 800px;\" class=\"wp-video\"><video class=\"wp-video-shortcode\" id=\"video-1580-1\" width=\"800\" height=\"450\" preload=\"metadata\" controls=\"controls\"><source type=\"video\/mp4\" src=\"https:\/\/www.dentalxangtech.com\/wp-content\/uploads\/2024\/07\/\u89c6\u9891.mp4?_=1\" \/><a href=\"https:\/\/www.dentalxangtech.com\/wp-content\/uploads\/2024\/07\/\u89c6\u9891.mp4\">https:\/\/www.dentalxangtech.com\/wp-content\/uploads\/2024\/07\/\u89c6\u9891.mp4<\/a><\/video><\/div>","protected":false},"excerpt":{"rendered":"<p>XANGTECH 3D Plus Multilayer Zirconia Block is a breakthrough in the field of dental materials, combining the advantages of various zirconia blocks with superior performance and cost-effectiveness. The product has been meticulously researched to expand on existing zirconia block types, filling a critical industry gap and leading technological advancements in the field. It enhances flexural [&hellip;]<\/p>\n","protected":false},"featured_media":2129,"template":"","meta":{"_acf_changed":false},"product_brand":[],"product_cat":[51],"product_tag":[],"class_list":{"0":"post-1580","1":"product","2":"type-product","3":"status-publish","4":"has-post-thumbnail","6":"product_cat-multilayer-zirconia-blcok","8":"first","9":"instock","10":"shipping-taxable","11":"product-type-simple"},"acf":[],"_links":{"self":[{"href":"https:\/\/www.dentalxangtech.com\/es\/wp-json\/wp\/v2\/product\/1580","targetHints":{"allow":["GET"]}}],"collection":[{"href":"https:\/\/www.dentalxangtech.com\/es\/wp-json\/wp\/v2\/product"}],"about":[{"href":"https:\/\/www.dentalxangtech.com\/es\/wp-json\/wp\/v2\/types\/product"}],"wp:featuredmedia":[{"embeddable":true,"href":"https:\/\/www.dentalxangtech.com\/es\/wp-json\/wp\/v2\/media\/2129"}],"wp:attachment":[{"href":"https:\/\/www.dentalxangtech.com\/es\/wp-json\/wp\/v2\/media?parent=1580"}],"wp:term":[{"taxonomy":"product_brand","embeddable":true,"href":"https:\/\/www.dentalxangtech.com\/es\/wp-json\/wp\/v2\/product_brand?post=1580"},{"taxonomy":"product_cat","embeddable":true,"href":"https:\/\/www.dentalxangtech.com\/es\/wp-json\/wp\/v2\/product_cat?post=1580"},{"taxonomy":"product_tag","embeddable":true,"href":"https:\/\/www.dentalxangtech.com\/es\/wp-json\/wp\/v2\/product_tag?post=1580"}],"curies":[{"name":"WP","href":"https:\/\/api.w.org\/{rel}","templated":true}]}}