{"id":1582,"date":"2024-07-03T18:32:02","date_gmt":"2024-07-03T10:32:02","guid":{"rendered":"https:\/\/www.dentalxangtech.com\/index.php\/product\/super-high-translucent-multilayer-zirconia-block-2\/"},"modified":"2024-12-03T17:18:24","modified_gmt":"2024-12-03T09:18:24","slug":"fast-burning-sintering-3d-pro-multilayer-zirconia-block","status":"publish","type":"product","link":"https:\/\/www.dentalxangtech.com\/es\/product\/fast-burning-sintering-3d-pro-multilayer-zirconia-block\/","title":{"rendered":"Bloque de zirconia multicapa de sinterizaci\u00f3n r\u00e1pida 3D Pro"},"content":{"rendered":"<p><span style=\"font-family: arial, helvetica, sans-serif; font-size: 14pt;\">XANGTECH 3DPRO Bloque de zirconia de quema r\u00e1pida, un avance innovador en la tecnolog\u00eda de materiales dentales. Este bloque de zirconia est\u00e1 dise\u00f1ado para acelerar el proceso de sinterizaci\u00f3n de coronas de zirconia, complet\u00e1ndolo en 40-60 minutos r\u00e1pidos. Esta mejora mejora significativamente la eficiencia de la sinterizaci\u00f3n, proporcionando un ahorro sustancial de tiempo y costos para los laboratorios y cl\u00ednicas dentales. El proceso de sinterizaci\u00f3n acelerada no compromete la calidad y la durabilidad de las coronas de zirconia. En su lugar, garantiza que los profesionales dentales puedan mantener altos est\u00e1ndares de atenci\u00f3n mientras se benefician del aumento de la productividad. El bloque de zirconia 3D PRO est\u00e1 dise\u00f1ado para integrarse sin problemas en los flujos de trabajo existentes, ofreciendo una soluci\u00f3n fiable para agilizar la producci\u00f3n sin sacrificar la precisi\u00f3n o el rendimiento.<\/span><\/p>\n<p><span style=\"font-family: arial, helvetica, sans-serif; font-size: 14pt;\">Al reducir el tiempo de sinterizaci\u00f3n, el bloque 3D PRO Fast Burning permite una programaci\u00f3n m\u00e1s eficiente y tiempos de entrega m\u00e1s r\u00e1pidos, mejorando en \u00faltima instancia la satisfacci\u00f3n del paciente. El material presenta una notable estabilidad y una excepcional resistencia a las fracturas, lo que lo hace altamente adecuado tanto para restauraciones dentales anteriores como posteriores. Esto ofrece a los profesionales dentales una opci\u00f3n flexible y fiable cuando se trata de escenarios cl\u00ednicos complejos. Su microestructura de grano fino y gradiente de color natural garantizan que cada corona dental logra una apariencia notablemente natural y v\u00edvida, satisfaciendo as\u00ed a los pacientes. exigencias est\u00e9ticas al tiempo que proporciona la durabilidad necesaria para resultados sostenibles a largo plazo. <\/span><\/p>\n<p><span style=\"font-family: arial, helvetica, sans-serif; font-size: 14pt;\">Este material avanzado representa un paso adelante significativo en la tecnolog\u00eda dental, proporcionando una herramienta pr\u00e1ctica y eficaz para mejorar la eficiencia y la calidad de la producci\u00f3n de coronas de zirconia.<\/span><\/p>\n<p>&nbsp;<\/p>\n<p><span style=\"font-family: arial, helvetica, sans-serif; font-size: 14pt;\"><strong>1. Proceso de sinterizaci\u00f3n r\u00e1pido<br \/>\n2. Mejora de la eficiencia del trabajo<br \/>\n3. Alta eficacia en funci\u00f3n de los costos<br \/>\n4.Alta calidad de productos terminados<br \/>\n<\/strong><\/span><\/p>\n<div style=\"width: 800px;\" class=\"wp-video\"><video class=\"wp-video-shortcode\" id=\"video-1582-1\" width=\"800\" height=\"450\" preload=\"metadata\" controls=\"controls\"><source type=\"video\/mp4\" src=\"https:\/\/www.dentalxangtech.com\/wp-content\/uploads\/2024\/07\/fast-3d-pro-multilayer-zirconia-block.mp4?_=1\" \/><a href=\"https:\/\/www.dentalxangtech.com\/wp-content\/uploads\/2024\/07\/fast-3d-pro-multilayer-zirconia-block.mp4\">https:\/\/www.dentalxangtech.com\/wp-content\/uploads\/2024\/07\/fast-3d-pro-multilayer-zirconia-block.mp4<\/a><\/video><\/div>","protected":false},"excerpt":{"rendered":"<p>XANGTECH 3DPRO Fast Burning Zirconia Block, an innovative advancement in dental material technology. This zirconia block is engineered to expedite the sintering process of zirconia crowns, completing it within a rapid 40-60 minutes. This enhancement significantly improves sintering efficiency, providing substantial time and cost savings for dental laboratories and clinics.The accelerated sintering process does not [&hellip;]<\/p>\n","protected":false},"featured_media":2114,"template":"","meta":{"_acf_changed":false},"product_brand":[],"product_cat":[51],"product_tag":[],"class_list":{"0":"post-1582","1":"product","2":"type-product","3":"status-publish","4":"has-post-thumbnail","6":"product_cat-multilayer-zirconia-blcok","8":"first","9":"instock","10":"shipping-taxable","11":"product-type-simple"},"acf":[],"_links":{"self":[{"href":"https:\/\/www.dentalxangtech.com\/es\/wp-json\/wp\/v2\/product\/1582","targetHints":{"allow":["GET"]}}],"collection":[{"href":"https:\/\/www.dentalxangtech.com\/es\/wp-json\/wp\/v2\/product"}],"about":[{"href":"https:\/\/www.dentalxangtech.com\/es\/wp-json\/wp\/v2\/types\/product"}],"wp:featuredmedia":[{"embeddable":true,"href":"https:\/\/www.dentalxangtech.com\/es\/wp-json\/wp\/v2\/media\/2114"}],"wp:attachment":[{"href":"https:\/\/www.dentalxangtech.com\/es\/wp-json\/wp\/v2\/media?parent=1582"}],"wp:term":[{"taxonomy":"product_brand","embeddable":true,"href":"https:\/\/www.dentalxangtech.com\/es\/wp-json\/wp\/v2\/product_brand?post=1582"},{"taxonomy":"product_cat","embeddable":true,"href":"https:\/\/www.dentalxangtech.com\/es\/wp-json\/wp\/v2\/product_cat?post=1582"},{"taxonomy":"product_tag","embeddable":true,"href":"https:\/\/www.dentalxangtech.com\/es\/wp-json\/wp\/v2\/product_tag?post=1582"}],"curies":[{"name":"WP","href":"https:\/\/api.w.org\/{rel}","templated":true}]}}