{"id":1585,"date":"2024-07-03T18:37:15","date_gmt":"2024-07-03T10:37:15","guid":{"rendered":"https:\/\/www.dentalxangtech.com\/index.php\/product\/3d-plus-multilayer-zirconia-block-3\/"},"modified":"2024-11-23T15:58:16","modified_gmt":"2024-11-23T07:58:16","slug":"5d-multilayer-zirconia-block","status":"publish","type":"product","link":"https:\/\/www.dentalxangtech.com\/es\/product\/5d-multilayer-zirconia-block\/","title":{"rendered":"Bloque de zirconia multicapa 5D"},"content":{"rendered":"<p><span style=\"font-family: arial, helvetica, sans-serif; font-size: 14pt;\">XANGTECH 5D Multilayer Zirconia Block, un material dental avanzado que establece un nuevo punto de referencia en la industria. Utilizando tecnolog\u00eda de producci\u00f3n patentada, hemos superado barreras t\u00e9cnicas para lograr la mayor translucidez disponible. Nuestros bloques de zirconia tienen un sofisticado dise\u00f1o multicapa, lo que garantiza una gradaci\u00f3n sin costuras que imita de cerca los dientes naturales.<\/span><\/p>\n<p><span style=\"font-family: arial, helvetica, sans-serif; font-size: 14pt;\">La alta transparencia de nuestra zirconia permite un producto final m\u00e1s blanco y est\u00e9ticamente agradable. Dise\u00f1ados para una resistencia excepcional, estos bloques prolongan significativamente la vida \u00fatil de las restauraciones dentales, proporcionando una durabilidad de larga duraci\u00f3n. Fabricados para cumplir con los estrictos est\u00e1ndares de la industria, los bloques de zirconia multicapa 5D de XANGTECH garantizan la seguridad y la fiabilidad tanto para los profesionales dentales como para los pacientes. Mejore su pr\u00e1ctica dental con la innovadora tecnolog\u00eda de zirconia de XANGTECH, dise\u00f1ada para un rendimiento y calidad superiores en restauraciones dentales.<\/span><\/p>\n<p>&nbsp;<\/p>\n<p><span style=\"font-family: arial, helvetica, sans-serif; font-size: 14pt;\"><strong>1.Exclusivo para la industria&#8217; s \u00faltima tecnolog\u00eda<br \/>\n2.Various colores disponibles<br \/>\n3.Amplia gama de aplicaciones<br \/>\n4.No contaminaci\u00f3n al ambiente oral<br \/>\n<\/strong><\/span><\/p>\n<div style=\"width: 800px;\" class=\"wp-video\"><video class=\"wp-video-shortcode\" id=\"video-1585-1\" width=\"800\" height=\"450\" preload=\"metadata\" controls=\"controls\"><source type=\"video\/mp4\" src=\"https:\/\/www.dentalxangtech.com\/wp-content\/uploads\/2024\/07\/5d\u9506\u5757.mp4?_=1\" \/><a href=\"https:\/\/www.dentalxangtech.com\/wp-content\/uploads\/2024\/07\/5d\u9506\u5757.mp4\">https:\/\/www.dentalxangtech.com\/wp-content\/uploads\/2024\/07\/5d\u9506\u5757.mp4<\/a><\/video><\/div>\n<p>&nbsp;<\/p>","protected":false},"excerpt":{"rendered":"<p>XANGTECH 5D Multilayer Zirconia Block, an advanced dental material that sets a new benchmark in the industry. Utilizing proprietary production technology, we have overcome technical barriers to achieve the highest translucency available. Our zirconia blocks feature a sophisticated multilayer design, ensuring a seamless gradation that closely mimics natural teeth. The high transparency of our zirconia [&hellip;]<\/p>\n","protected":false},"featured_media":3096,"template":"","meta":{"_acf_changed":false},"product_brand":[],"product_cat":[51],"product_tag":[],"class_list":{"0":"post-1585","1":"product","2":"type-product","3":"status-publish","4":"has-post-thumbnail","6":"product_cat-multilayer-zirconia-blcok","8":"first","9":"instock","10":"shipping-taxable","11":"product-type-simple"},"acf":[],"_links":{"self":[{"href":"https:\/\/www.dentalxangtech.com\/es\/wp-json\/wp\/v2\/product\/1585","targetHints":{"allow":["GET"]}}],"collection":[{"href":"https:\/\/www.dentalxangtech.com\/es\/wp-json\/wp\/v2\/product"}],"about":[{"href":"https:\/\/www.dentalxangtech.com\/es\/wp-json\/wp\/v2\/types\/product"}],"wp:featuredmedia":[{"embeddable":true,"href":"https:\/\/www.dentalxangtech.com\/es\/wp-json\/wp\/v2\/media\/3096"}],"wp:attachment":[{"href":"https:\/\/www.dentalxangtech.com\/es\/wp-json\/wp\/v2\/media?parent=1585"}],"wp:term":[{"taxonomy":"product_brand","embeddable":true,"href":"https:\/\/www.dentalxangtech.com\/es\/wp-json\/wp\/v2\/product_brand?post=1585"},{"taxonomy":"product_cat","embeddable":true,"href":"https:\/\/www.dentalxangtech.com\/es\/wp-json\/wp\/v2\/product_cat?post=1585"},{"taxonomy":"product_tag","embeddable":true,"href":"https:\/\/www.dentalxangtech.com\/es\/wp-json\/wp\/v2\/product_tag?post=1585"}],"curies":[{"name":"WP","href":"https:\/\/api.w.org\/{rel}","templated":true}]}}