{"id":1833,"date":"2024-07-10T10:53:08","date_gmt":"2024-07-10T02:53:08","guid":{"rendered":"https:\/\/www.dentalxangtech.com\/?post_type=product&#038;p=1833"},"modified":"2024-08-09T15:49:48","modified_gmt":"2024-08-09T07:49:48","slug":"lithium-disilicate-block","status":"publish","type":"product","link":"https:\/\/www.dentalxangtech.com\/es\/product\/lithium-disilicate-block\/","title":{"rendered":"Bloque de disilicado de litio"},"content":{"rendered":"<p><span style=\"font-size: 14pt;\">El disilicato de litio XANGTECH ofrece ventajas significativas para las restauraciones dentales, caracterizadas por su alta estabilidad qu\u00edmica y impresionante resistencia a la flexi\u00f3n, que contribuyen a la longevidad y fiabilidad de la pr\u00f3tesis final. Este material es altamente propicio para la fresadora, reduciendo el desgaste de las rebajas y extendiendo su vida \u00fatil, optimizando as\u00ed la eficiencia operativa. El proceso de cristalizaci\u00f3n del disilicato de litio es sencillo y r\u00e1pido, minimizando el tiempo de procedimiento requerido y mejorando la eficiencia del flujo de trabajo dentro del laboratorio.<\/span><br \/>\n<span style=\"font-size: 14pt;\">Desde una perspectiva est\u00e9tica, el disilicato de litio sobresale en la entrega de restauraciones con una translucidez superior y coincidencia de colores, esenciales para lograr un acabado de alta calidad y de aspecto natural. Sus propiedades mec\u00e1nicas aseguran que las restauraciones pueden soportar tensiones funcionales, lo que lo convierte en una opci\u00f3n preferida para una amplia gama de aplicaciones dentales, incluyendo coronas, puentes, incrustaciones, onlays y carillas.<\/span><\/p>\n<p><span style=\"font-size: 14pt;\"><strong>1.Alta estabilidad qu\u00edmica y resistencia a la flexi\u00f3n<\/strong><\/span><br \/>\n<span style=\"font-size: 14pt;\"><strong>2.Easy para fresar, prolongar la vida \u00fatil de las burs<\/strong><\/span><br \/>\n<span style=\"font-size: 14pt;\"><strong>Proceso de cristalizaci\u00f3n 3.Simple y r\u00e1pido, menos tiempo de operaci\u00f3n<\/strong><\/span><br \/>\n<span style=\"font-size: 14pt;\"><strong>Efecto de reparaci\u00f3n est\u00e9tica 4.High<\/strong><\/span><\/p>","protected":false},"excerpt":{"rendered":"<p>XANGTECH lithium disilicate offers significant advantages for dental restorations, characterized by its high chemical stability and impressive bending strength, which contribute to the longevity and reliability of the final prosthesis. This material is highly conducive to milling, reducing wear on burs and extending their lifespan, thus optimizing operational efficiency. The crystallization process of lithium disilicate [&hellip;]<\/p>\n","protected":false},"featured_media":2135,"template":"","meta":{"_acf_changed":false},"product_brand":[],"product_cat":[15],"product_tag":[],"class_list":{"0":"post-1833","1":"product","2":"type-product","3":"status-publish","4":"has-post-thumbnail","6":"product_cat-restoration-materials","8":"first","9":"instock","10":"shipping-taxable","11":"product-type-simple"},"acf":[],"_links":{"self":[{"href":"https:\/\/www.dentalxangtech.com\/es\/wp-json\/wp\/v2\/product\/1833","targetHints":{"allow":["GET"]}}],"collection":[{"href":"https:\/\/www.dentalxangtech.com\/es\/wp-json\/wp\/v2\/product"}],"about":[{"href":"https:\/\/www.dentalxangtech.com\/es\/wp-json\/wp\/v2\/types\/product"}],"wp:featuredmedia":[{"embeddable":true,"href":"https:\/\/www.dentalxangtech.com\/es\/wp-json\/wp\/v2\/media\/2135"}],"wp:attachment":[{"href":"https:\/\/www.dentalxangtech.com\/es\/wp-json\/wp\/v2\/media?parent=1833"}],"wp:term":[{"taxonomy":"product_brand","embeddable":true,"href":"https:\/\/www.dentalxangtech.com\/es\/wp-json\/wp\/v2\/product_brand?post=1833"},{"taxonomy":"product_cat","embeddable":true,"href":"https:\/\/www.dentalxangtech.com\/es\/wp-json\/wp\/v2\/product_cat?post=1833"},{"taxonomy":"product_tag","embeddable":true,"href":"https:\/\/www.dentalxangtech.com\/es\/wp-json\/wp\/v2\/product_tag?post=1833"}],"curies":[{"name":"WP","href":"https:\/\/api.w.org\/{rel}","templated":true}]}}