{"id":1834,"date":"2024-07-10T10:56:45","date_gmt":"2024-07-10T02:56:45","guid":{"rendered":"https:\/\/www.dentalxangtech.com\/?post_type=product&#038;p=1834"},"modified":"2026-01-27T10:43:16","modified_gmt":"2026-01-27T02:43:16","slug":"xt50-milling-machine","status":"publish","type":"product","link":"https:\/\/www.dentalxangtech.com\/es\/product\/xt50-milling-machine\/","title":{"rendered":"XT-50 fresadora seca"},"content":{"rendered":"<p><span style=\"font-size: 14pt;\">XANGTECH XT-50 fresadora seca tiene numerosas caracter\u00edsticas inteligentes, proporcionando la mejor soluci\u00f3n dental. Nuestra fresadora de zirconia XT-50 est\u00e1 equipada con una funci\u00f3n de recuperaci\u00f3n de apagado. En caso de emergencia dental o interrupci\u00f3n durante el mecanizado, puede reanudar autom\u00e1ticamente el procesamiento, evitando efectivamente el trabajo repetitivo que aumenta el tiempo de procesamiento y reduce la eficiencia. XANGTECH XT-50 dental zirconia fresadora&#8217; La sonda incorporada de alta precisi\u00f3n permite la calibraci\u00f3n autom\u00e1tica del eje ABXYZ con un solo clic y detecta autom\u00e1ticamente la vida \u00fatil y el desgaste de la borilla de fresado, ahorrando tiempo y simplificando la operaci\u00f3n. Simplemente conecte y comience a trabajar. Adem\u00e1s, puede cortar materiales dentales verticalmente a 90 grados. Esto permite un procesamiento m\u00e1s preciso de patrones dentales al fresar incisivos, ayudando a proporcionar a los clientes pr\u00f3tesis dentales m\u00e1s realistas. Adem\u00e1s, sus amplios \u00e1ngulos de eje B, que alcanzan 35\u00b0 y -91\u00b0, se adaptan perfectamente a los implantes de gran \u00e1ngulo. Para conservar materiales dentales y evitar residuos innecesarios, nuestra fresadora dental de 5 ejes de zirconia XT-50 utiliza una abrazadera de tipo C, lo que mejora significativamente la utilizaci\u00f3n del material en un 20%. La m\u00e1quina de fresado dental de laboratorio de zirconia XT-50 no solo es altamente eficiente y estable, sino que tambi\u00e9n tiene velocidades de procesamiento l\u00edderes en la industria, incluido el cambio autom\u00e1tico de herramientas en un magaz\u00edn de 10 herramientas y el mecanizado de una sola corona en no m\u00e1s de 13 minutos. La fresadora de zirconia seca XANGTECH XT-50 adopta una estructura integrada de silicona a prueba de polvo que puede encajar firmemente en los huecos del equipo. No solo evita eficazmente el polvo generado durante el corte de materiales dentales, tales como: <span style=\"color: #00ccff;\"><a style=\"color: #00ccff;\" href=\"https:\/\/www.dentalxangtech.com\/es\/product-category\/dental-material\/dental-zirconia-block\/\">bloque de zirconia<\/a>,<\/span> de invadir el interior de la fresadora, pero tambi\u00e9n reduce el desgaste de los componentes del n\u00facleo, prolonga su vida \u00fatil y reduce los costos de mantenimiento posteriores. Sus muchas caracter\u00edsticas inteligentes, junto con nuestro confiable servicio posventa en l\u00ednea 24\/7, que proporciona retroalimentaci\u00f3n inmediata dentro de 1 hora de cualquier pregunta, resuelven todos los problemas dentales para usted.<\/span><\/p>\n<p><span style=\"font-size: 18pt;\"><strong>1. reanuda autom\u00e1ticamente el procesamiento despu\u00e9s de la interrupci\u00f3n.\u00a0<\/strong><\/span><\/p>\n<p><span style=\"font-size: 14pt;\"><strong> <img fetchpriority=\"high\" decoding=\"async\" class=\"alignnone size-medium wp-image-4653\" src=\"https:\/\/www.dentalxangtech.com\/wp-content\/uploads\/2024\/07\/1-9-300x172.jpg\" alt=\"M\u00e1quina fresadora XT50\" width=\"300\" height=\"172\" srcset=\"https:\/\/www.dentalxangtech.com\/wp-content\/uploads\/2024\/07\/1-9-300x172.jpg 300w, https:\/\/www.dentalxangtech.com\/wp-content\/uploads\/2024\/07\/1-9-18x10.jpg 18w, https:\/\/www.dentalxangtech.com\/wp-content\/uploads\/2024\/07\/1-9-600x344.jpg 600w, https:\/\/www.dentalxangtech.com\/wp-content\/uploads\/2024\/07\/1-9.jpg 750w\" sizes=\"(max-width: 300px) 100vw, 300px\" \/><\/strong><\/span><\/p>\n<p><span style=\"font-size: 18pt;\"><strong>Corte vertical de 2,90 grados para texturas de dientes anteriores.<\/strong><\/span><\/p>\n<p><img decoding=\"async\" class=\"alignnone size-medium wp-image-4654\" src=\"https:\/\/www.dentalxangtech.com\/wp-content\/uploads\/2024\/07\/2-10-300x172.jpg\" alt=\"M\u00e1quina fresadora XT50\" width=\"300\" height=\"172\" srcset=\"https:\/\/www.dentalxangtech.com\/wp-content\/uploads\/2024\/07\/2-10-300x172.jpg 300w, https:\/\/www.dentalxangtech.com\/wp-content\/uploads\/2024\/07\/2-10-18x10.jpg 18w, https:\/\/www.dentalxangtech.com\/wp-content\/uploads\/2024\/07\/2-10-600x344.jpg 600w, https:\/\/www.dentalxangtech.com\/wp-content\/uploads\/2024\/07\/2-10.jpg 750w\" sizes=\"(max-width: 300px) 100vw, 300px\" \/><\/p>\n<p><span style=\"font-size: 18pt;\"><strong>3. eje B de gran \u00e1ngulo de 35 \u00b0 y -91 \u00b0 para implantes de gran \u00e1ngulo.<\/strong><\/span><\/p>\n<p><img decoding=\"async\" class=\"alignnone size-medium wp-image-4655\" src=\"https:\/\/www.dentalxangtech.com\/wp-content\/uploads\/2024\/07\/3-12-300x172.jpg\" alt=\"M\u00e1quina fresadora XT50\" width=\"300\" height=\"172\" srcset=\"https:\/\/www.dentalxangtech.com\/wp-content\/uploads\/2024\/07\/3-12-300x172.jpg 300w, https:\/\/www.dentalxangtech.com\/wp-content\/uploads\/2024\/07\/3-12-18x10.jpg 18w, https:\/\/www.dentalxangtech.com\/wp-content\/uploads\/2024\/07\/3-12-600x344.jpg 600w, https:\/\/www.dentalxangtech.com\/wp-content\/uploads\/2024\/07\/3-12.jpg 750w\" sizes=\"(max-width: 300px) 100vw, 300px\" \/><br \/>\n<span style=\"font-size: 18pt;\"><strong>El accesorio de tipo 4.C mejora la utilizaci\u00f3n del material en un 20%.<\/strong><\/span><\/p>\n<p><img loading=\"lazy\" decoding=\"async\" class=\"alignnone size-medium wp-image-4656\" src=\"https:\/\/www.dentalxangtech.com\/wp-content\/uploads\/2024\/07\/4-7-300x172.jpg\" alt=\"M\u00e1quina fresadora XT50\" width=\"300\" height=\"172\" srcset=\"https:\/\/www.dentalxangtech.com\/wp-content\/uploads\/2024\/07\/4-7-300x172.jpg 300w, https:\/\/www.dentalxangtech.com\/wp-content\/uploads\/2024\/07\/4-7-18x10.jpg 18w, https:\/\/www.dentalxangtech.com\/wp-content\/uploads\/2024\/07\/4-7-600x344.jpg 600w, https:\/\/www.dentalxangtech.com\/wp-content\/uploads\/2024\/07\/4-7.jpg 750w\" sizes=\"(max-width: 300px) 100vw, 300px\" \/><\/p>\n<p><span style=\"font-size: 18pt;\"><strong>5.Automatic detecci\u00f3n de herramientas y calibraci\u00f3n del eje.<\/strong><\/span><\/p>\n<p><img loading=\"lazy\" decoding=\"async\" class=\"alignnone size-medium wp-image-4657\" src=\"https:\/\/www.dentalxangtech.com\/wp-content\/uploads\/2024\/07\/5-6-300x172.jpg\" alt=\"M\u00e1quina fresadora XT50\" width=\"300\" height=\"172\" srcset=\"https:\/\/www.dentalxangtech.com\/wp-content\/uploads\/2024\/07\/5-6-300x172.jpg 300w, https:\/\/www.dentalxangtech.com\/wp-content\/uploads\/2024\/07\/5-6-18x10.jpg 18w, https:\/\/www.dentalxangtech.com\/wp-content\/uploads\/2024\/07\/5-6-600x344.jpg 600w, https:\/\/www.dentalxangtech.com\/wp-content\/uploads\/2024\/07\/5-6.jpg 750w\" sizes=\"(max-width: 300px) 100vw, 300px\" \/><\/p>\n<p><span style=\"font-size: 18pt;\"><strong>Cambio autom\u00e1tico de herramienta 6.10, procesamiento de corona \u00fanica \u226413 minutos.<\/strong><\/span><\/p>\n<p><img loading=\"lazy\" decoding=\"async\" class=\"alignnone size-medium wp-image-4658\" src=\"https:\/\/www.dentalxangtech.com\/wp-content\/uploads\/2024\/07\/6-8-300x172.jpg\" alt=\"M\u00e1quina fresadora XT50\" width=\"300\" height=\"172\" srcset=\"https:\/\/www.dentalxangtech.com\/wp-content\/uploads\/2024\/07\/6-8-300x172.jpg 300w, https:\/\/www.dentalxangtech.com\/wp-content\/uploads\/2024\/07\/6-8-18x10.jpg 18w, https:\/\/www.dentalxangtech.com\/wp-content\/uploads\/2024\/07\/6-8-600x344.jpg 600w, https:\/\/www.dentalxangtech.com\/wp-content\/uploads\/2024\/07\/6-8.jpg 750w\" sizes=\"(max-width: 300px) 100vw, 300px\" \/><\/p>\n<p><strong><span style=\"font-size: 18pt;\">La estructura de silicona a prueba de polvo 7.Integrated impide que el polvo invada el interior del cuerpo.<\/span><\/strong><\/p>\n<p><img loading=\"lazy\" decoding=\"async\" class=\"alignnone size-medium wp-image-4659\" src=\"https:\/\/www.dentalxangtech.com\/wp-content\/uploads\/2024\/07\/7-300x172.jpg\" alt=\"M\u00e1quina fresadora XT50\" width=\"300\" height=\"172\" srcset=\"https:\/\/www.dentalxangtech.com\/wp-content\/uploads\/2024\/07\/7-300x172.jpg 300w, https:\/\/www.dentalxangtech.com\/wp-content\/uploads\/2024\/07\/7-18x10.jpg 18w, https:\/\/www.dentalxangtech.com\/wp-content\/uploads\/2024\/07\/7-600x344.jpg 600w, https:\/\/www.dentalxangtech.com\/wp-content\/uploads\/2024\/07\/7.jpg 750w\" sizes=\"(max-width: 300px) 100vw, 300px\" \/><\/p>\n<p><strong><span style=\"font-size: 18pt;\">8.La m\u00e1quina con la versi\u00f3n optimizada de Hyperdent.<\/span><\/strong><\/p>\n<p><img loading=\"lazy\" decoding=\"async\" class=\"alignnone size-medium wp-image-4660\" src=\"https:\/\/www.dentalxangtech.com\/wp-content\/uploads\/2024\/07\/8-300x172.jpg\" alt=\"M\u00e1quina fresadora XT50\" width=\"300\" height=\"172\" srcset=\"https:\/\/www.dentalxangtech.com\/wp-content\/uploads\/2024\/07\/8-300x172.jpg 300w, https:\/\/www.dentalxangtech.com\/wp-content\/uploads\/2024\/07\/8-18x10.jpg 18w, https:\/\/www.dentalxangtech.com\/wp-content\/uploads\/2024\/07\/8-600x344.jpg 600w, https:\/\/www.dentalxangtech.com\/wp-content\/uploads\/2024\/07\/8.jpg 750w\" sizes=\"(max-width: 300px) 100vw, 300px\" \/><\/p>\n<p style=\"text-align: center;\"><span style=\"font-size: 24pt;\"><strong>Demonstraci\u00f3n de trabajo<\/strong><\/span><\/p>\n<p><iframe title=\"XANGTECH XT-50 fresadora dental\" width=\"800\" height=\"450\" src=\"https:\/\/www.youtube.com\/embed\/wWUbFP1t8sk?feature=oembed\" frameborder=\"0\" allow=\"accelerometer; autoplay; clipboard-write; encrypted-media; gyroscope; picture-in-picture; web-share\" referrerpolicy=\"strict-origin-when-cross-origin\" allowfullscreen><\/iframe><\/p>","protected":false},"excerpt":{"rendered":"<p>XANGTECH XT-50 dry milling machine has numerous intelligent features, providing you with the best dental solution. Our XT-50 zirconia milling machine is equipped with a power-off recovery function. In the event of a dental emergency or interruption during machining, it can automatically resume processing, effectively avoiding repetitive work that increases processing time and reduces efficiency.XANGTECH [&hellip;]<\/p>\n","protected":false},"featured_media":4640,"template":"","meta":{"_acf_changed":false},"product_brand":[],"product_cat":[76],"product_tag":[],"class_list":{"0":"post-1834","1":"product","2":"type-product","3":"status-publish","4":"has-post-thumbnail","6":"product_cat-dental-milling-machine","8":"first","9":"instock","10":"shipping-taxable","11":"product-type-simple"},"acf":[],"_links":{"self":[{"href":"https:\/\/www.dentalxangtech.com\/es\/wp-json\/wp\/v2\/product\/1834","targetHints":{"allow":["GET"]}}],"collection":[{"href":"https:\/\/www.dentalxangtech.com\/es\/wp-json\/wp\/v2\/product"}],"about":[{"href":"https:\/\/www.dentalxangtech.com\/es\/wp-json\/wp\/v2\/types\/product"}],"wp:featuredmedia":[{"embeddable":true,"href":"https:\/\/www.dentalxangtech.com\/es\/wp-json\/wp\/v2\/media\/4640"}],"wp:attachment":[{"href":"https:\/\/www.dentalxangtech.com\/es\/wp-json\/wp\/v2\/media?parent=1834"}],"wp:term":[{"taxonomy":"product_brand","embeddable":true,"href":"https:\/\/www.dentalxangtech.com\/es\/wp-json\/wp\/v2\/product_brand?post=1834"},{"taxonomy":"product_cat","embeddable":true,"href":"https:\/\/www.dentalxangtech.com\/es\/wp-json\/wp\/v2\/product_cat?post=1834"},{"taxonomy":"product_tag","embeddable":true,"href":"https:\/\/www.dentalxangtech.com\/es\/wp-json\/wp\/v2\/product_tag?post=1834"}],"curies":[{"name":"WP","href":"https:\/\/api.w.org\/{rel}","templated":true}]}}