{"id":1835,"date":"2024-07-10T10:58:13","date_gmt":"2024-07-10T02:58:13","guid":{"rendered":"https:\/\/www.dentalxangtech.com\/?post_type=product&#038;p=1835"},"modified":"2025-12-30T15:11:29","modified_gmt":"2025-12-30T07:11:29","slug":"11s-zirconia-sintering-furnace","status":"publish","type":"product","link":"https:\/\/www.dentalxangtech.com\/es\/product\/11s-zirconia-sintering-furnace\/","title":{"rendered":"Horno de sinterizaci\u00f3n de zirconia 11S"},"content":{"rendered":"<p><span style=\"font-size: 14pt;\">El horno de sinterizaci\u00f3n de zirconia XANGTECH 11s es la opci\u00f3n \u00f3ptima para sinterizar las pr\u00f3tesis dentales. Nuestro horno de sinterizaci\u00f3n de zirconia cuenta con una amplia c\u00e1mara de di\u00e1metro de 100 mm, sinterizando f\u00e1cilmente 3 capas apiladas de dentaduras de zirconia. Esto aumenta significativamente la producci\u00f3n de procesamiento de un solo tiro, reduce los ciclos de sinterizaci\u00f3n, mejora la eficiencia de la producci\u00f3n dental y reduce los costos de energ\u00eda. 4 elementos de calentamiento de silicio-molibdeno de alta pureza con excelente resistencia a la oxidaci\u00f3n proporcionan calentamiento circundante. Esto no solo garantiza un funcionamiento estable a largo plazo, reduciendo el mantenimiento y los costos, sino que tambi\u00e9n garantiza una distribuci\u00f3n de temperatura m\u00e1s uniforme dentro del horno de sinterizaci\u00f3n, asegurando un calentamiento uniforme en todas las partes del horno. <span style=\"color: #00ccff;\"><a style=\"color: #00ccff;\" href=\"https:\/\/www.dentalxangtech.com\/es\/product-category\/dental-material\/dental-zirconia-block\/\">zirconia<\/a><\/span> Esto evita eficazmente las grietas, la deformaci\u00f3n y la densidad desigual, mejorando significativamente la calidad y el rendimiento del producto acabado. El horno de sinterizaci\u00f3n dental 11s puede alcanzar una temperatura m\u00e1xima de 1650 \u00b0 C y una velocidad de calentamiento de hasta 100 \u00b0 C \/ minuto, lo que permite una sinterizaci\u00f3n r\u00e1pida y precisa. En situaciones de emergencia, el modo de sinterizaci\u00f3n r\u00e1pida puede satisfacer las necesidades urgentes del cliente. Para las pr\u00f3tesis dentales con altos requisitos, materiales especiales o estructuras complejas, el modo de fuego lento permite sinterizar el material en un gradiente de temperatura estable, lo que resulta en una estructura de cristal m\u00e1s densa y uniforme dentro de la pr\u00f3tesis dental, mejorando las propiedades f\u00edsicas como la resistencia y la tenacidad, y extendiendo la vida \u00fatil de la pr\u00f3tesis dental.<\/span><\/p>\n<p><span style=\"font-size: 14pt;\">Nuestro horno de sinterizaci\u00f3n de zirconia&#8217; La pantalla intuitiva permite a los usuarios establecer f\u00e1cilmente varios par\u00e1metros de sinterizaci\u00f3n, y la funci\u00f3n de anuncio de voz incorporada simplifica significativamente el funcionamiento. La potente plataforma Linux de 32 bits soporta potentes caracter\u00edsticas de software y actualizaciones futuras. El \u00fanico <span style=\"color: #00ccff;\"><a style=\"color: #00ccff;\" href=\"https:\/\/www.dentalxangtech.com\/es\/product-category\/dental-material\/dental-zirconia-block\/\">bloque de zirconia<\/a><\/span> La funci\u00f3n de pre-secado no solo reduce el riesgo de grietas dentales, sino que tambi\u00e9n garantiza la durabilidad y la est\u00e9tica. Durante el funcionamiento, nuestro horno de sinterizaci\u00f3n de zirconia dental no solo indica el n\u00famero de part\u00edculas sinterizadas, sino que tambi\u00e9n cuenta con funciones de almacenamiento y an\u00e1lisis para garantizar un control de calidad integral a lo largo de todo el proceso.<\/span><\/p>\n<p><span style=\"font-size: 18pt;\"><b>1. C\u00e1mara de horno de 100 mm de di\u00e1metro permite la sinterizaci\u00f3n de 3 capas de pr\u00f3tesis dentales.<\/b><\/span><\/p>\n<p><span style=\"font-size: 18pt;\"><b>4 elementos de calentamiento de silicio-molibdeno de alta pureza rodean la c\u00e1mara para un calentamiento uniforme.<\/b><\/span><\/p>\n<p><span style=\"font-size: 18pt;\"><b>3. Soporta la sinterizaci\u00f3n r\u00e1pida y lenta.<\/b><\/span><\/p>\n<p><span style=\"font-size: 18pt;\"><b>4. La funci\u00f3n de pre-secado del bloque de zirconia evita que la dentadura se agriete.<\/b><\/span><\/p>\n<p><span style=\"font-size: 18pt;\"><b>5. Indicador de recuento de part\u00edculas sinterizadas, funciones de almacenamiento y an\u00e1lisis.<\/b><\/span><\/p>\n<p style=\"text-align: center;\"><span style=\"font-size: 24pt;\"><strong>Demonstraci\u00f3n de trabajo<\/strong><\/span><\/p>\n<p><iframe title=\"Horno de sinterizaci\u00f3n de zirconia dental XANGTECH\" width=\"800\" height=\"450\" src=\"https:\/\/www.youtube.com\/embed\/NSWjRCcyGPQ?feature=oembed\" frameborder=\"0\" allow=\"accelerometer; autoplay; clipboard-write; encrypted-media; gyroscope; picture-in-picture; web-share\" referrerpolicy=\"strict-origin-when-cross-origin\" allowfullscreen><\/iframe><\/p>\n<p>&nbsp;<\/p>","protected":false},"excerpt":{"rendered":"<p>XANGTECH 11s zirconia sintering furnace is the optimal choice for sintering dental dentures. Our zirconia sintering furnace boasts a spacious 100mm diameter chamber, easily sintering 3 layers stacked zirconia dentures. This significantly increases single-shot processing output, reduces sintering cycles, improves dental production efficiency, and reduces energy costs. 4 high-purity silicon-molybdenum heating elements with excellent oxidation [&hellip;]<\/p>\n","protected":false},"featured_media":2175,"template":"","meta":{"_acf_changed":false},"product_brand":[],"product_cat":[77],"product_tag":[],"class_list":{"0":"post-1835","1":"product","2":"type-product","3":"status-publish","4":"has-post-thumbnail","6":"product_cat-zirconia-sintering-furnace","8":"first","9":"instock","10":"shipping-taxable","11":"product-type-simple"},"acf":[],"_links":{"self":[{"href":"https:\/\/www.dentalxangtech.com\/es\/wp-json\/wp\/v2\/product\/1835","targetHints":{"allow":["GET"]}}],"collection":[{"href":"https:\/\/www.dentalxangtech.com\/es\/wp-json\/wp\/v2\/product"}],"about":[{"href":"https:\/\/www.dentalxangtech.com\/es\/wp-json\/wp\/v2\/types\/product"}],"wp:featuredmedia":[{"embeddable":true,"href":"https:\/\/www.dentalxangtech.com\/es\/wp-json\/wp\/v2\/media\/2175"}],"wp:attachment":[{"href":"https:\/\/www.dentalxangtech.com\/es\/wp-json\/wp\/v2\/media?parent=1835"}],"wp:term":[{"taxonomy":"product_brand","embeddable":true,"href":"https:\/\/www.dentalxangtech.com\/es\/wp-json\/wp\/v2\/product_brand?post=1835"},{"taxonomy":"product_cat","embeddable":true,"href":"https:\/\/www.dentalxangtech.com\/es\/wp-json\/wp\/v2\/product_cat?post=1835"},{"taxonomy":"product_tag","embeddable":true,"href":"https:\/\/www.dentalxangtech.com\/es\/wp-json\/wp\/v2\/product_tag?post=1835"}],"curies":[{"name":"WP","href":"https:\/\/api.w.org\/{rel}","templated":true}]}}