{"id":1838,"date":"2024-07-10T11:30:43","date_gmt":"2024-07-10T03:30:43","guid":{"rendered":"https:\/\/www.dentalxangtech.com\/?post_type=product&#038;p=1838"},"modified":"2024-08-09T15:50:20","modified_gmt":"2024-08-09T07:50:20","slug":"press-ingots","status":"publish","type":"product","link":"https:\/\/www.dentalxangtech.com\/es\/product\/press-ingots\/","title":{"rendered":"Prensa lingotes"},"content":{"rendered":"<p><span style=\"font-size: 14pt;\">Los lingotes de prensa XANGTECH ofrecen numerosas ventajas para las restauraciones dentales, proporcionando una alta estabilidad qu\u00edmica y resistencia a la compresi\u00f3n. Esto garantiza que las pr\u00f3tesis finales son duraderas y fiables, capaces de soportar las tensiones funcionales con el tiempo. Los lingotes de prensa son f\u00e1ciles de usar y f\u00e1ciles de trabajar, lo que reduce significativamente el da\u00f1o de la fresadora y, por lo tanto, prolonga la vida \u00fatil de su equipo. <\/span><br \/>\n<span style=\"font-size: 14pt;\">El procesamiento de lingotes de prensa es sencillo y r\u00e1pido, implicando menos pasos dentales. Este proceso simplificado mejora la eficiencia del flujo de trabajo, lo que permite tiempos de entrega m\u00e1s r\u00e1pidos y una mayor productividad en el laboratorio dental. El dise\u00f1o ligero y compacto de los lingotes de prensa contribuye adem\u00e1s a la facilidad de manejo, lo que los convierte en una opci\u00f3n pr\u00e1ctica para los profesionales dentales. Desde un punto de vista est\u00e9tico, los lingotes de prensa ofrecen resultados superiores, con una excelente translucidez y capacidades de coincidencia de colores que son cruciales para crear restauraciones de aspecto natural. Son adecuados para una amplia gama de aplicaciones dentales, incluyendo coronas, puentes, incrustaciones, onlays y carillas, lo que los convierte en una opci\u00f3n vers\u00e1til en odontolog\u00eda restaurativa.<\/span><\/p>\n<p>&nbsp;<\/p>\n<p><span style=\"font-size: 14pt;\"><strong>1.Alta estabilidad qu\u00edmica y resistencia a la compresi\u00f3n<\/strong><\/span><br \/>\n<span style=\"font-size: 14pt;\"><strong>2.Easy de trabajar con, reducido el da\u00f1o de fresado bur<\/strong><\/span><br \/>\n<span style=\"font-size: 14pt;\"><strong>Procesamiento 3.Simple y r\u00e1pido con menos pasos dentales<\/strong><\/span><br \/>\n<span style=\"font-size: 14pt;\"><strong>4.Lightweight, compacto y f\u00e1cil de usar<\/strong><\/span><\/p>","protected":false},"excerpt":{"rendered":"<p>XANGTECH press ingots offer numerous advantages for dental restorations, providing high chemical stability and compressive strength. This ensures that the final prosthetics are durable and reliable, capable of withstanding functional stresses over time.Press ingots are user-friendly and easy to work with, significantly reducing milling bur damage and thereby extending the lifespan of your equipment. The [&hellip;]<\/p>\n","protected":false},"featured_media":2138,"template":"","meta":{"_acf_changed":false},"product_brand":[],"product_cat":[15],"product_tag":[],"class_list":{"0":"post-1838","1":"product","2":"type-product","3":"status-publish","4":"has-post-thumbnail","6":"product_cat-restoration-materials","8":"first","9":"instock","10":"shipping-taxable","11":"product-type-simple"},"acf":[],"_links":{"self":[{"href":"https:\/\/www.dentalxangtech.com\/es\/wp-json\/wp\/v2\/product\/1838","targetHints":{"allow":["GET"]}}],"collection":[{"href":"https:\/\/www.dentalxangtech.com\/es\/wp-json\/wp\/v2\/product"}],"about":[{"href":"https:\/\/www.dentalxangtech.com\/es\/wp-json\/wp\/v2\/types\/product"}],"wp:featuredmedia":[{"embeddable":true,"href":"https:\/\/www.dentalxangtech.com\/es\/wp-json\/wp\/v2\/media\/2138"}],"wp:attachment":[{"href":"https:\/\/www.dentalxangtech.com\/es\/wp-json\/wp\/v2\/media?parent=1838"}],"wp:term":[{"taxonomy":"product_brand","embeddable":true,"href":"https:\/\/www.dentalxangtech.com\/es\/wp-json\/wp\/v2\/product_brand?post=1838"},{"taxonomy":"product_cat","embeddable":true,"href":"https:\/\/www.dentalxangtech.com\/es\/wp-json\/wp\/v2\/product_cat?post=1838"},{"taxonomy":"product_tag","embeddable":true,"href":"https:\/\/www.dentalxangtech.com\/es\/wp-json\/wp\/v2\/product_tag?post=1838"}],"curies":[{"name":"WP","href":"https:\/\/api.w.org\/{rel}","templated":true}]}}