{"id":1975,"date":"2024-07-16T09:08:42","date_gmt":"2024-07-16T01:08:42","guid":{"rendered":"https:\/\/www.dentalxangtech.com\/?post_type=product&#038;p=1975"},"modified":"2025-03-28T09:18:42","modified_gmt":"2025-03-28T01:18:42","slug":"monolayer-pmma-disc","status":"publish","type":"product","link":"https:\/\/www.dentalxangtech.com\/es\/product\/monolayer-pmma-disc\/","title":{"rendered":"Disco pmma monocapa"},"content":{"rendered":"<p><span style=\"font-size: 14pt;\">Los discos PMMA monocapa de XANGTECH son un material indispensable en odontolog\u00eda contempor\u00e1nea, meticulosamente dise\u00f1ados para fabricar pr\u00f3tesis dentales duraderas y fiables. Con su resistencia y resistencia \u00f3ptimas, estos bloques son perfectos para una amplia gama de aplicaciones dentales, garantizando un rendimiento duradero y la satisfacci\u00f3n del paciente. La biocompatibilidad superior de los discos PMMA garantiza la seguridad y la comodidad del paciente, lo que los convierte en una opci\u00f3n ideal para varios procedimientos restaurativos.<\/span><\/p>\n<p><span style=\"font-size: 14pt;\">Una de las caracter\u00edsticas destacadas de los discos PMMA monocapa son sus propiedades de color estables, que permiten a los profesionales dentales lograr excelentes resultados est\u00e9ticos. Estos bloques coinciden estrechamente con la apariencia natural de los dientes, proporcionando a los pacientes restauraciones que se mezclan perfectamente con su dentici\u00f3n existente. Adem\u00e1s, los discos PMMA monocapa ofrecen una excepcional resistencia a la abrasi\u00f3n, lo que contribuye a su longevidad y resistencia en el entorno oral. La facilidad de procesamiento de discos PMMA monocapa mejora tanto la eficiencia como la precisi\u00f3n en el laboratorio dental. Esto facilita la creaci\u00f3n de restauraciones de alta calidad, desde coronas y puentes hasta dentaduras y otras pr\u00f3tesis.<\/span><\/p>\n<p>&nbsp;<\/p>\n<p><span style=\"font-size: 14pt;\"><strong>1. Fuerza y tenacidad adecuadas para uso dental<\/strong><\/span><br \/>\n<span style=\"font-size: 14pt;\"><strong>2. Buena biocompatibilidad<\/strong><\/span><br \/>\n<span style=\"font-size: 14pt;\"><strong>3. Color estable, puede lograr el efecto est\u00e9tico ideal<\/strong><\/span><br \/>\n<span style=\"font-size: 14pt;\"><strong>4. Buena resistencia a la abrasi\u00f3n, procesamiento f\u00e1cil<\/strong><\/span><\/p>","protected":false},"excerpt":{"rendered":"<p>XANGTECH monolayer PMMA Discs are an indispensable material in contemporary dentistry, meticulously designed to fabricate durable and reliable dental prosthetics. With their optimal strength and toughness, these blocks are perfectly suited for a wide range of dental applications, ensuring long-lasting performance and patient satisfaction. The superior biocompatibility of PMMA discs guarantees patient safety and comfort, [&hellip;]<\/p>\n","protected":false},"featured_media":3747,"template":"","meta":{"_acf_changed":false},"product_brand":[],"product_cat":[61],"product_tag":[],"class_list":{"0":"post-1975","1":"product","2":"type-product","3":"status-publish","4":"has-post-thumbnail","6":"product_cat-monolayer-pmma-disc","8":"first","9":"instock","10":"shipping-taxable","11":"product-type-simple"},"acf":[],"_links":{"self":[{"href":"https:\/\/www.dentalxangtech.com\/es\/wp-json\/wp\/v2\/product\/1975","targetHints":{"allow":["GET"]}}],"collection":[{"href":"https:\/\/www.dentalxangtech.com\/es\/wp-json\/wp\/v2\/product"}],"about":[{"href":"https:\/\/www.dentalxangtech.com\/es\/wp-json\/wp\/v2\/types\/product"}],"wp:featuredmedia":[{"embeddable":true,"href":"https:\/\/www.dentalxangtech.com\/es\/wp-json\/wp\/v2\/media\/3747"}],"wp:attachment":[{"href":"https:\/\/www.dentalxangtech.com\/es\/wp-json\/wp\/v2\/media?parent=1975"}],"wp:term":[{"taxonomy":"product_brand","embeddable":true,"href":"https:\/\/www.dentalxangtech.com\/es\/wp-json\/wp\/v2\/product_brand?post=1975"},{"taxonomy":"product_cat","embeddable":true,"href":"https:\/\/www.dentalxangtech.com\/es\/wp-json\/wp\/v2\/product_cat?post=1975"},{"taxonomy":"product_tag","embeddable":true,"href":"https:\/\/www.dentalxangtech.com\/es\/wp-json\/wp\/v2\/product_tag?post=1975"}],"curies":[{"name":"WP","href":"https:\/\/api.w.org\/{rel}","templated":true}]}}