{"id":1976,"date":"2024-07-16T09:09:33","date_gmt":"2024-07-16T01:09:33","guid":{"rendered":"https:\/\/www.dentalxangtech.com\/?post_type=product&#038;p=1976"},"modified":"2024-09-27T11:00:41","modified_gmt":"2024-09-27T03:00:41","slug":"multilayer-pmma-disc","status":"publish","type":"product","link":"https:\/\/www.dentalxangtech.com\/es\/product\/multilayer-pmma-disc\/","title":{"rendered":"Disco pmma multicapa"},"content":{"rendered":"<p><span style=\"font-size: 14pt;\">Los discos pmma multicapa XANGTECH proporcionan numerosos beneficios que los convierten en un material preferido para restauraciones dentales. Una de las principales ventajas es su naturaleza ligera, lo que garantiza que no carguen la boca, mejorando significativamente la comodidad del paciente y el cumplimiento. Los pacientes pueden disfrutar de sus actividades diarias sin la molestia a menudo asociada con materiales dentales m\u00e1s pesados. La innovadora estructura multicapa de los discos PMMA multicapa contribuye a su durabilidad excepcional. Esta caracter\u00edstica de dise\u00f1o los hace m\u00e1s resistentes al desgaste, asegurando que las restauraciones dentales hechas de discos de PMMA multicapa pueden soportar los rigores del uso diario. Esta durabilidad se traduce en pr\u00f3tesis dentales de mayor duraci\u00f3n, reduciendo la necesidad de sustituciones frecuentes y proporcionando a los pacientes soluciones fiables y a largo plazo.<\/span><br \/>\n<span style=\"font-size: 14pt;\">Otro beneficio significativo de los discos PMMA multicapa es su estabilidad de color a largo plazo. A diferencia de algunos materiales que pueden desvanecerse o decolorarse con el tiempo, los discos de PMMA multicapa mantienen su atractivo est\u00e9tico, asegurando que las restauraciones se vean naturales y atractivas durante a\u00f1os. Esta estabilidad es crucial para la satisfacci\u00f3n del paciente, ya que garantiza que su trabajo dental siga siendo visualmente agradable y se mezcle perfectamente con sus dientes naturales. Los discos PMMA multicapa tambi\u00e9n son incre\u00edblemente vers\u00e1tiles, adecuados para una amplia gama de restauraciones dentales. Ya se utilicen para coronas, puentes, pr\u00f3tesis dentales o restauraciones temporales, los discos PMMA multicapa proporcionan resultados consistentes y de alta calidad. Esta versatilidad los convierte en un recurso valioso en cualquier laboratorio dental, permitiendo a los profesionales dentales satisfacer las diversas necesidades de sus pacientes con un \u00fanico material fiable.<\/span><\/p>\n<p>&nbsp;<\/p>\n<p><span style=\"font-size: 14pt;\"><strong>1. peso ligero y ninguna carga a la boca.<\/strong><\/span><br \/>\n<span style=\"font-size: 14pt;\"><strong>2. La estructura de m\u00faltiples capas es m\u00e1s duradera<\/strong><\/span><br \/>\n<span style=\"font-size: 14pt;\"><strong>3. Estabilidad del color a largo plazo para evitar el desvanecimiento.<\/strong><\/span><br \/>\n<span style=\"font-size: 14pt;\"><strong>4. Se puede usar para varias restauraciones dentales<\/strong><\/span><\/p>","protected":false},"excerpt":{"rendered":"<p>Espesor: 10-25mm<br \/>\nColor: VITA 16 colores<br \/>\nM\u00f3dulo de elasticidad: 100MP<br \/>\nDensidad: 1.35-1.45g\/cm\u00b3<br \/>\nDureza: 85-90 (dureza de la costa)<br \/>\nResistencia a la flexi\u00f3n: 88 MPa<\/p>","protected":false},"featured_media":2629,"template":"","meta":{"_acf_changed":false},"product_brand":[],"product_cat":[60],"product_tag":[],"class_list":{"0":"post-1976","1":"product","2":"type-product","3":"status-publish","4":"has-post-thumbnail","6":"product_cat-multilayer-pmma-disc","8":"first","9":"instock","10":"shipping-taxable","11":"product-type-simple"},"acf":[],"_links":{"self":[{"href":"https:\/\/www.dentalxangtech.com\/es\/wp-json\/wp\/v2\/product\/1976","targetHints":{"allow":["GET"]}}],"collection":[{"href":"https:\/\/www.dentalxangtech.com\/es\/wp-json\/wp\/v2\/product"}],"about":[{"href":"https:\/\/www.dentalxangtech.com\/es\/wp-json\/wp\/v2\/types\/product"}],"wp:featuredmedia":[{"embeddable":true,"href":"https:\/\/www.dentalxangtech.com\/es\/wp-json\/wp\/v2\/media\/2629"}],"wp:attachment":[{"href":"https:\/\/www.dentalxangtech.com\/es\/wp-json\/wp\/v2\/media?parent=1976"}],"wp:term":[{"taxonomy":"product_brand","embeddable":true,"href":"https:\/\/www.dentalxangtech.com\/es\/wp-json\/wp\/v2\/product_brand?post=1976"},{"taxonomy":"product_cat","embeddable":true,"href":"https:\/\/www.dentalxangtech.com\/es\/wp-json\/wp\/v2\/product_cat?post=1976"},{"taxonomy":"product_tag","embeddable":true,"href":"https:\/\/www.dentalxangtech.com\/es\/wp-json\/wp\/v2\/product_tag?post=1976"}],"curies":[{"name":"WP","href":"https:\/\/api.w.org\/{rel}","templated":true}]}}