{"id":1977,"date":"2024-07-17T10:46:49","date_gmt":"2024-07-17T02:46:49","guid":{"rendered":"https:\/\/www.dentalxangtech.com\/?post_type=product&#038;p=1977"},"modified":"2025-03-28T10:31:04","modified_gmt":"2025-03-28T02:31:04","slug":"dental-wax-block","status":"publish","type":"product","link":"https:\/\/www.dentalxangtech.com\/es\/product\/dental-wax-block\/","title":{"rendered":"Bloque de cera dental"},"content":{"rendered":"<p><span style=\"font-size: 14pt;\">Bloque de cera XANGTECH, una soluci\u00f3n de vanguardia meticulosamente dise\u00f1ada para elevar sus procesos artesanales e industriales. A trav\u00e9s de una t\u00e9cnica de procesamiento especializada, reduce dr\u00e1sticamente la deformaci\u00f3n durante la manipulaci\u00f3n, garantizando una estabilidad y precisi\u00f3n sin igual en todas las aplicaciones. A diferencia de los materiales de cera convencionales, nuestro producto cuenta con un alto punto de fusi\u00f3n, lo que lo hace impermeable a las altas temperaturas generadas durante la fresadora. Esto significa que puede confiar en resultados consistentes y de alta calidad sin el riesgo de derretirse o comprometer la integridad de su trabajo.<\/span><br \/>\n<span style=\"font-size: 14pt;\">Adem\u00e1s de sus robustas propiedades t\u00e9rmicas, cuenta con caracter\u00edsticas antiest\u00e1ticas sobresalientes. Estas propiedades no solo facilitan un procesamiento m\u00e1s suave, sino que tambi\u00e9n hacen que el material sea excepcionalmente f\u00e1cil de limpiar, reduciendo significativamente el tiempo y el esfuerzo de mantenimiento. Si usted&#8217; re comprometido en detalles complejos o fabricaci\u00f3n a gran escala, bloque de cera XANGTECH ofrece una soluci\u00f3n fiable y eficiente que mejora la productividad y ofrece resultados superiores. Conf\u00eda en el bloque de cera XANGTECH para satisfacer las demandas de tus proyectos m\u00e1s desafiantes con una facilidad y fiabilidad excepcionales.<\/span><\/p>\n<p>&nbsp;<\/p>\n<p><span style=\"font-size: 14pt;\"><strong>1. Despu\u00e9s del proceso especial, la deformaci\u00f3n durante el procesamiento se reduce en gran medida.<\/strong><\/span><\/p>\n<p><span style=\"font-size: 14pt;\"><strong>2. El alto punto de fusi\u00f3n no se fundir\u00e1 en el proceso de fresado debido a la alta temperatura.<\/strong><\/span><\/p>\n<p><span style=\"font-size: 14pt;\"><strong>3. Excelentes propiedades antiest\u00e1ticas, f\u00e1ciles de procesar y limpiar.<\/strong><\/span><\/p>\n<div style=\"width: 800px;\" class=\"wp-video\"><video class=\"wp-video-shortcode\" id=\"video-1977-1\" width=\"800\" height=\"450\" preload=\"metadata\" controls=\"controls\"><source type=\"video\/mp4\" src=\"https:\/\/www.dentalxangtech.com\/wp-content\/uploads\/2024\/07\/wax-block-1.mp4?_=1\" \/><a href=\"https:\/\/www.dentalxangtech.com\/wp-content\/uploads\/2024\/07\/wax-block-1.mp4\">https:\/\/www.dentalxangtech.com\/wp-content\/uploads\/2024\/07\/wax-block-1.mp4<\/a><\/video><\/div>","protected":false},"excerpt":{"rendered":"<p>XANGTECH wax block, a cutting-edge solution meticulously engineered to elevate your crafting and industrial processes. Through a specialized processing technique, it dramatically reduces deformation during handling, ensuring unparalleled stability and precision in every application. Unlike conventional wax materials, our product boasts a high melting point, making it impervious to the high temperatures generated during milling. [&hellip;]<\/p>\n","protected":false},"featured_media":3703,"template":"","meta":{"_acf_changed":false},"product_brand":[],"product_cat":[48],"product_tag":[],"class_list":{"0":"post-1977","1":"product","2":"type-product","3":"status-publish","4":"has-post-thumbnail","6":"product_cat-wax-block","8":"first","9":"instock","10":"shipping-taxable","11":"product-type-simple"},"acf":[],"_links":{"self":[{"href":"https:\/\/www.dentalxangtech.com\/es\/wp-json\/wp\/v2\/product\/1977","targetHints":{"allow":["GET"]}}],"collection":[{"href":"https:\/\/www.dentalxangtech.com\/es\/wp-json\/wp\/v2\/product"}],"about":[{"href":"https:\/\/www.dentalxangtech.com\/es\/wp-json\/wp\/v2\/types\/product"}],"wp:featuredmedia":[{"embeddable":true,"href":"https:\/\/www.dentalxangtech.com\/es\/wp-json\/wp\/v2\/media\/3703"}],"wp:attachment":[{"href":"https:\/\/www.dentalxangtech.com\/es\/wp-json\/wp\/v2\/media?parent=1977"}],"wp:term":[{"taxonomy":"product_brand","embeddable":true,"href":"https:\/\/www.dentalxangtech.com\/es\/wp-json\/wp\/v2\/product_brand?post=1977"},{"taxonomy":"product_cat","embeddable":true,"href":"https:\/\/www.dentalxangtech.com\/es\/wp-json\/wp\/v2\/product_cat?post=1977"},{"taxonomy":"product_tag","embeddable":true,"href":"https:\/\/www.dentalxangtech.com\/es\/wp-json\/wp\/v2\/product_tag?post=1977"}],"curies":[{"name":"WP","href":"https:\/\/api.w.org\/{rel}","templated":true}]}}