{"id":1978,"date":"2024-07-17T10:47:46","date_gmt":"2024-07-17T02:47:46","guid":{"rendered":"https:\/\/www.dentalxangtech.com\/?post_type=product&#038;p=1978"},"modified":"2024-08-26T16:59:50","modified_gmt":"2024-08-26T08:59:50","slug":"dental-peek-block","status":"publish","type":"product","link":"https:\/\/www.dentalxangtech.com\/es\/product\/dental-peek-block\/","title":{"rendered":"Bloque de mirada dental"},"content":{"rendered":"<p><span style=\"font-size: 14pt;\">Bloque XANGTECH PEEK, un material dental revolucionario meticulosamente dise\u00f1ado para cumplir con los altos est\u00e1ndares de la odontolog\u00eda moderna. Reconocido por sus excelentes propiedades mec\u00e1nicas y resistencia qu\u00edmica superior, el bloque XANGTECH PEEK garantiza una durabilidad y biocompatibilidad duraderas, lo que lo convierte en ideal para una amplia gama de aplicaciones dentales, incluyendo coronas, puentes y pilares.<\/span><\/p>\n<p><span style=\"font-size: 14pt;\">Una de las caracter\u00edsticas m\u00e1s notables del Bloque PEEK XangTech es su compatibilidad con aplicaciones de vac\u00edo ultra alto, lo que lo convierte en uno de los pocos materiales dentales capaces de mantener la integridad estructural y el rendimiento en condiciones tan exigentes. Adem\u00e1s, permanece excepcionalmente estable a altas temperaturas, lo que garantiza una fiabilidad constante durante los procesos de fresado y fabricaci\u00f3n. El bloque XANGTECH PEEK est\u00e1 dise\u00f1ado para proporcionar una precisi\u00f3n y estabilidad sin igual, facilitando la creaci\u00f3n de restauraciones dentales altamente precisas y duraderas. Elija el bloque XANGTECH PEEK para soluciones dentales innovadoras, fiables y superiores que mejoran los resultados del paciente y establecen nuevos est\u00e1ndares en la atenci\u00f3n dental.<\/span><\/p>\n<p>&nbsp;<\/p>\n<p><span style=\"font-size: 14pt;\"><strong>1. Excelentes propiedades mec\u00e1nicas y resistencia qu\u00edmica<\/strong><\/span><br \/>\n<span style=\"font-size: 14pt;\"><strong>2. Amplia gama de aplicaciones<\/strong><\/span><br \/>\n<span style=\"font-size: 14pt;\"><strong>3. Uno de los pocos materiales compatibles con aplicaciones de vac\u00edo ultra-alto<\/strong><\/span><br \/>\n<span style=\"font-size: 14pt;\"><strong>4. Puede permanecer estable a altas temperaturas<\/strong><\/span><\/p>","protected":false},"excerpt":{"rendered":"<p>XANGTECH PEEK block, a revolutionary dental material meticulously engineered to meet the high standards of modern dentistry. Renowned for its outstanding mechanical properties and superior chemical resistance, the XANGTECH PEEK block ensures long-lasting durability and biocompatibility, making it ideal for a wide range of dental applications, including crowns, bridges, and abutments. One of the most [&hellip;]<\/p>\n","protected":false},"featured_media":2322,"template":"","meta":{"_acf_changed":false},"product_brand":[],"product_cat":[47],"product_tag":[],"class_list":{"0":"post-1978","1":"product","2":"type-product","3":"status-publish","4":"has-post-thumbnail","6":"product_cat-peek-block","8":"first","9":"instock","10":"shipping-taxable","11":"product-type-simple"},"acf":[],"_links":{"self":[{"href":"https:\/\/www.dentalxangtech.com\/es\/wp-json\/wp\/v2\/product\/1978","targetHints":{"allow":["GET"]}}],"collection":[{"href":"https:\/\/www.dentalxangtech.com\/es\/wp-json\/wp\/v2\/product"}],"about":[{"href":"https:\/\/www.dentalxangtech.com\/es\/wp-json\/wp\/v2\/types\/product"}],"wp:featuredmedia":[{"embeddable":true,"href":"https:\/\/www.dentalxangtech.com\/es\/wp-json\/wp\/v2\/media\/2322"}],"wp:attachment":[{"href":"https:\/\/www.dentalxangtech.com\/es\/wp-json\/wp\/v2\/media?parent=1978"}],"wp:term":[{"taxonomy":"product_brand","embeddable":true,"href":"https:\/\/www.dentalxangtech.com\/es\/wp-json\/wp\/v2\/product_brand?post=1978"},{"taxonomy":"product_cat","embeddable":true,"href":"https:\/\/www.dentalxangtech.com\/es\/wp-json\/wp\/v2\/product_cat?post=1978"},{"taxonomy":"product_tag","embeddable":true,"href":"https:\/\/www.dentalxangtech.com\/es\/wp-json\/wp\/v2\/product_tag?post=1978"}],"curies":[{"name":"WP","href":"https:\/\/api.w.org\/{rel}","templated":true}]}}