{"id":2168,"date":"2024-07-31T09:50:28","date_gmt":"2024-07-31T01:50:28","guid":{"rendered":"http\/\/www.dentalxangtech.com\/?post_type=product&#038;p=2168"},"modified":"2024-08-08T11:10:51","modified_gmt":"2024-08-08T03:10:51","slug":"press-furnace","status":"publish","type":"product","link":"https:\/\/www.dentalxangtech.com\/es\/product\/press-furnace\/","title":{"rendered":"Horno de prensa"},"content":{"rendered":"<p><span style=\"font-size: 14pt;\">Horno de prensa XANGTECH, dise\u00f1ado para elevar el rendimiento y la fiabilidad en laboratorios y cl\u00ednicas dentales. Este horno avanzado destaca por su capacidad de funcionar sin necesidad de aire comprimido, simplificando tanto la instalaci\u00f3n como el mantenimiento. Al eliminar la necesidad de aire comprimido, no solo reduce la complejidad operativa, sino que tambi\u00e9n garantiza resultados consistentemente excelentes en una variedad de aplicaciones. El horno est\u00e1 dise\u00f1ado para un bajo mantenimiento, lo que se traduce en costos de mantenimiento reducidos y tiempos de inactividad m\u00ednimos. Su robusta construcci\u00f3n garantiza una alta precisi\u00f3n de borde, que es crucial para lograr trabajos dentales detallados y precisos, al tiempo que mantiene una baja probabilidad de falla para garantizar un rendimiento fiable a lo largo del tiempo.<\/span><\/p>\n<p><span style=\"font-size: 14pt;\">La versatilidad est\u00e1 en el coraz\u00f3n de nuestro horno de prensa, ya que est\u00e1 equipado para manejar funciones tanto de prensado como de porcelana. Esta doble capacidad lo convierte en un activo invaluable en cualquier pr\u00e1ctica dental, capaz de acomodar una variedad de procedimientos y materiales. El dise\u00f1o innovador del horno proporciona una funcionalidad completa al tiempo que mantiene la eficiencia, ofreciendo una integraci\u00f3n sin problemas en cualquier flujo de trabajo. Con sus caracter\u00edsticas avanzadas, incluida la excepcional precisi\u00f3n y las necesidades de mantenimiento reducidas, este horno de prensa est\u00e1 dise\u00f1ado para satisfacer las exigencias en evoluci\u00f3n de las pr\u00e1cticas dentales modernas, garantizando resultados superiores y una productividad mejorada en todas las aplicaciones.<\/span><\/p>\n<p>&nbsp;<\/p>\n<p><span style=\"font-size: 14pt;\"><strong>1. No hay necesidad de aire comprimido, excelentes resultados<\/strong><\/span><br \/>\n<span style=\"font-size: 14pt;\"><strong>2. Bajo costo de mantenimiento.<\/strong><\/span><br \/>\n<span style=\"font-size: 14pt;\"><strong>3. Alta precisi\u00f3n del borde y baja probabilidad de fallo.<\/strong><\/span><br \/>\n<span style=\"font-size: 14pt;\"><strong>4.Press y porcelana tanto funci\u00f3n<\/strong><\/span><\/p>","protected":false},"excerpt":{"rendered":"<p>XANGTECH press furnace, designed to elevate performance and reliability in dental laboratories and clinics. This advanced furnace stands out for its ability to operate without the need for compressed air, simplifying both setup and maintenance. By eliminating the need for compressed air, it not only reduces operational complexity but also ensures consistently excellent results across [&hellip;]<\/p>\n","protected":false},"featured_media":2178,"template":"","meta":{"_acf_changed":false},"product_brand":[],"product_cat":[67,15],"product_tag":[],"class_list":{"0":"post-2168","1":"product","2":"type-product","3":"status-publish","4":"has-post-thumbnail","6":"product_cat-grinder-stone","7":"product_cat-restoration-materials","9":"first","10":"instock","11":"shipping-taxable","12":"product-type-simple"},"acf":[],"_links":{"self":[{"href":"https:\/\/www.dentalxangtech.com\/es\/wp-json\/wp\/v2\/product\/2168","targetHints":{"allow":["GET"]}}],"collection":[{"href":"https:\/\/www.dentalxangtech.com\/es\/wp-json\/wp\/v2\/product"}],"about":[{"href":"https:\/\/www.dentalxangtech.com\/es\/wp-json\/wp\/v2\/types\/product"}],"wp:featuredmedia":[{"embeddable":true,"href":"https:\/\/www.dentalxangtech.com\/es\/wp-json\/wp\/v2\/media\/2178"}],"wp:attachment":[{"href":"https:\/\/www.dentalxangtech.com\/es\/wp-json\/wp\/v2\/media?parent=2168"}],"wp:term":[{"taxonomy":"product_brand","embeddable":true,"href":"https:\/\/www.dentalxangtech.com\/es\/wp-json\/wp\/v2\/product_brand?post=2168"},{"taxonomy":"product_cat","embeddable":true,"href":"https:\/\/www.dentalxangtech.com\/es\/wp-json\/wp\/v2\/product_cat?post=2168"},{"taxonomy":"product_tag","embeddable":true,"href":"https:\/\/www.dentalxangtech.com\/es\/wp-json\/wp\/v2\/product_tag?post=2168"}],"curies":[{"name":"WP","href":"https:\/\/api.w.org\/{rel}","templated":true}]}}