{"id":2181,"date":"2024-07-31T09:53:43","date_gmt":"2024-07-31T01:53:43","guid":{"rendered":"http\/\/www.dentalxangtech.com\/?post_type=product&#038;p=2181"},"modified":"2024-08-08T11:08:51","modified_gmt":"2024-08-08T03:08:51","slug":"porcelain-furnace","status":"publish","type":"product","link":"https:\/\/www.dentalxangtech.com\/es\/product\/porcelain-furnace\/","title":{"rendered":"Horno de porcelana"},"content":{"rendered":"<p><span style=\"font-size: 14pt;\">Horno de porcelana avanzado XANGTECH, dise\u00f1ado espec\u00edficamente para laboratorios y cl\u00ednicas dentales. Este dispositivo de vanguardia combina un dise\u00f1o compacto con una funcionalidad excepcional, lo que lo convierte en el horno cer\u00e1mico m\u00e1s peque\u00f1o de su clase. Las caracter\u00edsticas clave incluyen el ajuste autom\u00e1tico de temperatura de alta calidad, el mantenimiento de un margen de error dentro de \/- 1 \u00b0 C y la calibraci\u00f3n autom\u00e1tica antes de cada uso para un rendimiento consistente. El horno tambi\u00e9n ofrece un funcionamiento suave y sin jitter gracias a su accionamiento de motor paso a paso de precisi\u00f3n, e incluye una espiral de cuarzo duradera para una distribuci\u00f3n eficiente del calor. La conectividad USB facilita la f\u00e1cil integraci\u00f3n con los programas de servicio de PC, y el horno cuenta con 99 programas personalizables junto con opciones incorporadas, ofreciendo una flexibilidad sin igual.<\/span><\/p>\n<p><span style=\"font-size: 14pt;\">Confiado por profesionales dentales de todo el mundo, nuestro horno de porcelana ejemplifica la fiabilidad, la innovaci\u00f3n y la operaci\u00f3n f\u00e1cil de usar. Su tama\u00f1o compacto le permite encajar perfectamente en cualquier espacio de trabajo, mientras que los indicadores de estado claros mantienen a los usuarios informados de su estado operativo. Dise\u00f1ado para mejorar la productividad, este horno es una herramienta indispensable para las pr\u00e1cticas dentales modernas. Con su tecnolog\u00eda de vanguardia y construcci\u00f3n robusta, nuestro horno de porcelana establece un nuevo est\u00e1ndar en equipos dentales, garantizando resultados precisos, consistentes y eficientes en cada momento.<\/span><\/p>\n<p>&nbsp;<\/p>\n<p><span style=\"font-size: 14pt;\"><strong>1.Funci\u00f3n de ajuste autom\u00e1tico de temperatura de alta calidad<\/strong><\/span><br \/>\n<span style=\"font-size: 14pt;\"><strong>2.Easy de operar con tama\u00f1o peque\u00f1o<\/strong><\/span><br \/>\n<span style=\"font-size: 14pt;\"><strong>3.Precision motor paso a paso, operaci\u00f3n libre suave y sin jitter.<\/strong><\/span><br \/>\n<span style=\"font-size: 14pt;\"><strong>Calibraci\u00f3n de temperatura 4.Automatic antes de cada proceso de tostado.<\/strong><\/span><br \/>\n<span style=\"font-size: 14pt;\"><strong>Puerto 5.USB para una conexi\u00f3n f\u00e1cil con el programa de servicio del PC.<\/strong><\/span><br \/>\n<span style=\"font-size: 14pt;\"><strong>6.99 programas personalizados y programas integrados.<\/strong><\/span><br \/>\n<span style=\"font-size: 14pt;\"><strong>7. indicaci\u00f3n de estado.<\/strong><\/span><\/p>","protected":false},"excerpt":{"rendered":"<p>XANGTECH advanced porcelain furnace, designed specifically for dental laboratories and clinics. This state-of-the-art device combines a compact design with exceptional functionality, making it the smallest ceramic furnace in its class. Key features include high-quality temperature automatic adjustment, maintaining an error margin within +\/- 1\u00b0C, and automatic calibration before each use for consistent performance. The furnace [&hellip;]<\/p>\n","protected":false},"featured_media":2169,"template":"","meta":{"_acf_changed":false},"product_brand":[],"product_cat":[66],"product_tag":[],"class_list":{"0":"post-2181","1":"product","2":"type-product","3":"status-publish","4":"has-post-thumbnail","6":"product_cat-glaze-paste","8":"first","9":"instock","10":"shipping-taxable","11":"product-type-simple"},"acf":[],"_links":{"self":[{"href":"https:\/\/www.dentalxangtech.com\/es\/wp-json\/wp\/v2\/product\/2181","targetHints":{"allow":["GET"]}}],"collection":[{"href":"https:\/\/www.dentalxangtech.com\/es\/wp-json\/wp\/v2\/product"}],"about":[{"href":"https:\/\/www.dentalxangtech.com\/es\/wp-json\/wp\/v2\/types\/product"}],"wp:featuredmedia":[{"embeddable":true,"href":"https:\/\/www.dentalxangtech.com\/es\/wp-json\/wp\/v2\/media\/2169"}],"wp:attachment":[{"href":"https:\/\/www.dentalxangtech.com\/es\/wp-json\/wp\/v2\/media?parent=2181"}],"wp:term":[{"taxonomy":"product_brand","embeddable":true,"href":"https:\/\/www.dentalxangtech.com\/es\/wp-json\/wp\/v2\/product_brand?post=2181"},{"taxonomy":"product_cat","embeddable":true,"href":"https:\/\/www.dentalxangtech.com\/es\/wp-json\/wp\/v2\/product_cat?post=2181"},{"taxonomy":"product_tag","embeddable":true,"href":"https:\/\/www.dentalxangtech.com\/es\/wp-json\/wp\/v2\/product_tag?post=2181"}],"curies":[{"name":"WP","href":"https:\/\/api.w.org\/{rel}","templated":true}]}}