{"id":2215,"date":"2024-08-05T14:21:46","date_gmt":"2024-08-05T06:21:46","guid":{"rendered":"http\/\/www.dentalxangtech.com\/?post_type=product&#038;p=2215"},"modified":"2024-08-08T11:06:52","modified_gmt":"2024-08-08T03:06:52","slug":"3d-scanner","status":"publish","type":"product","link":"https:\/\/www.dentalxangtech.com\/es\/product\/3d-scanner\/","title":{"rendered":"Esc\u00e1ner 3D"},"content":{"rendered":"<p><span style=\"font-size: 14pt;\">El esc\u00e1ner 3D XANGTECH redefine la eficiencia y la precisi\u00f3n en el mundo de la tecnolog\u00eda dental. Dise\u00f1ado con un motor de escaneo r\u00e1pido y sofisticados algoritmos de software, este dispositivo puede escanear una sola corona completa en menos de 20 segundos con una precisi\u00f3n notable, logrando una precisi\u00f3n de hasta 8 micr\u00f3metros. Esta velocidad sin precedentes y la meticulosa atenci\u00f3n a los detalles no solo racionalizan su flujo de trabajo, sino que tambi\u00e9n mejoran significativamente la productividad, lo que permite a los profesionales dentales lograr m\u00e1s en un plazo m\u00e1s corto. M\u00e1s all\u00e1 de sus impresionantes capacidades de escaneo, nuestro esc\u00e1ner ofrece una versatilidad sin igual al ser compatible con cualquier software de dise\u00f1o. Esto significa que tiene la libertad de integrar nuestro esc\u00e1ner sin problemas en su flujo de trabajo existente, utilizando las herramientas y el software con los que se siente m\u00e1s c\u00f3modo, sin limitaciones. Esta compatibilidad garantiza que pueda mantener sus procesos de dise\u00f1o preferidos mientras se beneficia del rendimiento superior de nuestro esc\u00e1ner.<\/span><br \/>\n<span style=\"font-size: 14pt;\">Adem\u00e1s, el esc\u00e1ner est\u00e1 equipado con una innovadora funci\u00f3n de escaneo de texturas. Esta capacidad avanzada le permite capturar y dise\u00f1ar productos con mayor detalle e intricaci\u00f3n, lo que conduce a resultados de calidad superior. Ya sea que est\u00e9 trabajando en restauraciones dentales complejas o pr\u00f3tesis detalladas, la funci\u00f3n de escaneo de texturas proporciona la profundidad y precisi\u00f3n necesarias para lograr resultados sobresalientes. Adem\u00e1s de su habilidad t\u00e9cnica, nuestro esc\u00e1ner est\u00e1 dise\u00f1ado teniendo en cuenta la experiencia del usuario. Cuenta con una interfaz intuitiva y una operaci\u00f3n f\u00e1cil de usar, lo que garantiza que incluso aquellos que son nuevos en el escaneo digital puedan obtener resultados profesionales de forma r\u00e1pida y sencilla. El dise\u00f1o compacto y ergon\u00f3mico mejora a\u00fan m\u00e1s la facilidad de uso, lo que lo convierte en una adici\u00f3n pr\u00e1ctica a cualquier laboratorio o cl\u00ednica dental.<\/span><\/p>\n<p>&nbsp;<\/p>\n<p><span style=\"font-size: 14pt;\"><strong>1,20 segundos de escaneo ultra-r\u00e1pido de una sola corona completa<\/strong><\/span><br \/>\n<span style=\"font-size: 14pt;\"><strong>Precisi\u00f3n de 2,8 micras<\/strong><\/span><br \/>\n<span style=\"font-size: 14pt;\"><strong>3.Can dise\u00f1o en cualquier software<\/strong><\/span><br \/>\n<span style=\"font-size: 14pt;\"><strong>Funci\u00f3n de escaneo 4.Texture<\/strong><\/span><\/p>","protected":false},"excerpt":{"rendered":"<p>XANGTECH 3d scanner redefines efficiency and precision in the world of dental technology. Engineered with a lightning-fast scanning engine and sophisticated software algorithms, this device can scan a complete single crown in under 20 seconds with remarkable accuracy, achieving precision up to 8 microns. This unprecedented speed and meticulous attention to detail not only streamline [&hellip;]<\/p>\n","protected":false},"featured_media":2216,"template":"","meta":{"_acf_changed":false},"product_brand":[],"product_cat":[68],"product_tag":[],"class_list":{"0":"post-2215","1":"product","2":"type-product","3":"status-publish","4":"has-post-thumbnail","6":"product_cat-3d-scanner","8":"first","9":"instock","10":"shipping-taxable","11":"product-type-simple"},"acf":[],"_links":{"self":[{"href":"https:\/\/www.dentalxangtech.com\/es\/wp-json\/wp\/v2\/product\/2215","targetHints":{"allow":["GET"]}}],"collection":[{"href":"https:\/\/www.dentalxangtech.com\/es\/wp-json\/wp\/v2\/product"}],"about":[{"href":"https:\/\/www.dentalxangtech.com\/es\/wp-json\/wp\/v2\/types\/product"}],"wp:featuredmedia":[{"embeddable":true,"href":"https:\/\/www.dentalxangtech.com\/es\/wp-json\/wp\/v2\/media\/2216"}],"wp:attachment":[{"href":"https:\/\/www.dentalxangtech.com\/es\/wp-json\/wp\/v2\/media?parent=2215"}],"wp:term":[{"taxonomy":"product_brand","embeddable":true,"href":"https:\/\/www.dentalxangtech.com\/es\/wp-json\/wp\/v2\/product_brand?post=2215"},{"taxonomy":"product_cat","embeddable":true,"href":"https:\/\/www.dentalxangtech.com\/es\/wp-json\/wp\/v2\/product_cat?post=2215"},{"taxonomy":"product_tag","embeddable":true,"href":"https:\/\/www.dentalxangtech.com\/es\/wp-json\/wp\/v2\/product_tag?post=2215"}],"curies":[{"name":"WP","href":"https:\/\/api.w.org\/{rel}","templated":true}]}}