{"id":2219,"date":"2024-08-05T14:58:34","date_gmt":"2024-08-05T06:58:34","guid":{"rendered":"http\/\/www.dentalxangtech.com\/?post_type=product&#038;p=2219"},"modified":"2024-08-12T16:10:40","modified_gmt":"2024-08-12T08:10:40","slug":"intraoral-scanner","status":"publish","type":"product","link":"https:\/\/www.dentalxangtech.com\/es\/product\/intraoral-scanner\/","title":{"rendered":"Esc\u00e1ner intraoral"},"content":{"rendered":"<p><span style=\"font-size: 14pt;\">El esc\u00e1ner intraoral XANGTECH est\u00e1 meticulosamente dise\u00f1ado para redefinir la precisi\u00f3n y la eficiencia en las pr\u00e1cticas dentales, ofreciendo una serie de caracter\u00edsticas que satisfacen las necesidades de la odontolog\u00eda moderna. Uno de los puntos destacados es la capacidad de emparejamiento del cuerpo de escaneo, que garantiza la precisi\u00f3n operativa y la integraci\u00f3n sin problemas con las impresiones digitales. Esta caracter\u00edstica garantiza un ajuste perfecto para las restauraciones dentales, minimizando los errores y mejorando los resultados del paciente. El sistema integrado de informes de salud genera autom\u00e1ticamente informes completos de salud, proporcionando informaci\u00f3n detallada sobre el paciente; Salud oral. Esta funcionalidad no solo ayuda a una planificaci\u00f3n m\u00e1s informada del tratamiento, sino que tambi\u00e9n mejora la comunicaci\u00f3n y la confianza del paciente. Adem\u00e1s, la funci\u00f3n de comprobaci\u00f3n de la oclusi\u00f3n permite una evaluaci\u00f3n precisa de las mand\u00edbulas superior e inferior, asegurando relaciones \u00f3ptimas de mordeduras y funcionalidad de las pr\u00f3tesis dentales.<\/span><br \/>\n<span style=\"font-size: 14pt;\">Las im\u00e1genes de alta resoluci\u00f3n capturadas por el esc\u00e1ner intraoral se pueden unir sin problemas a los archivos del caso, ofreciendo documentaci\u00f3n exhaustiva y facilitando una mejor comunicaci\u00f3n con los colegas y los laboratorios dentales. El esc\u00e1ner intraoral&#8217; La selecci\u00f3n aut\u00f3noma de las \u00e1reas de escaneo permite una captura de datos enfocada y eficiente, mientras que la funci\u00f3n de bloqueo de vista ayuda a confirmar si todos los datos necesarios han sido escaneados con precisi\u00f3n, evitando cualquier supervisi\u00f3n. Dise\u00f1ado para su conveniencia, nuestro esc\u00e1ner intraoral est\u00e1 libre de calibraci\u00f3n, eliminando la necesidad de mantenimiento regular y garantizando un rendimiento consistente. El calentamiento espont\u00e1neo y la tecnolog\u00eda anti-niebla sin viento aseguran que el esc\u00e1ner intraoral siga funcionando en diversas condiciones, proporcionando un rendimiento ininterrumpido y de alta calidad. Con su conjunto completo de caracter\u00edsticas, nuestro esc\u00e1ner intraoral avanzado es la herramienta definitiva para mejorar la precisi\u00f3n, la eficiencia y el cuidado del paciente en cualquier pr\u00e1ctica dental.<\/span><\/p>\n<p>&nbsp;<\/p>\n<p><span style=\"font-size: 14pt;\"><strong>1. La coincidencia del cuerpo de escaneo asegura la precisi\u00f3n operacional<\/strong><\/span><br \/>\n<span style=\"font-size: 14pt;\"><strong>2.Sistema de informe de salud genera autom\u00e1ticamente informe de salud<\/strong><\/span><br \/>\n<span style=\"font-size: 14pt;\"><strong>3.La verificaci\u00f3n de la oclusi\u00f3n puede comprobar las mand\u00edbulas superiores e inferiores<\/strong><\/span><br \/>\n<span style=\"font-size: 14pt;\"><strong>3. Las im\u00e1genes de alta resoluci\u00f3n se pueden usar como adjuntos del caso.<\/strong><\/span><br \/>\n<span style=\"font-size: 14pt;\"><strong>4. Selecci\u00f3n aut\u00f3noma del \u00e1rea de escaneo<\/strong><\/span><br \/>\n<span style=\"font-size: 14pt;\"><strong>5. El bloqueo de vista ayuda a confirmar si los datos son escaneados o no.<\/strong><\/span><br \/>\n<span style=\"font-size: 14pt;\"><strong>6.calibraci\u00f3n libre<\/strong><\/span><br \/>\n<span style=\"font-size: 14pt;\"><strong>7. calefacci\u00f3n espont\u00e1nea y anti-niebla sin viento<\/strong><\/span><\/p>","protected":false},"excerpt":{"rendered":"<p>XANGTECH Intraoral scanner is meticulously designed to redefine precision and efficiency in dental practices, offering a host of features that cater to the needs of modern dentistry. One of the key highlights is the scan body matching capability, which ensures operational accuracy and seamless integration with digital impressions. This feature guarantees a perfect fit for [&hellip;]<\/p>\n","protected":false},"featured_media":2220,"template":"","meta":{"_acf_changed":false},"product_brand":[],"product_cat":[69],"product_tag":[],"class_list":{"0":"post-2219","1":"product","2":"type-product","3":"status-publish","4":"has-post-thumbnail","6":"product_cat-intraoral-scanner","8":"first","9":"instock","10":"shipping-taxable","11":"product-type-simple"},"acf":[],"_links":{"self":[{"href":"https:\/\/www.dentalxangtech.com\/es\/wp-json\/wp\/v2\/product\/2219","targetHints":{"allow":["GET"]}}],"collection":[{"href":"https:\/\/www.dentalxangtech.com\/es\/wp-json\/wp\/v2\/product"}],"about":[{"href":"https:\/\/www.dentalxangtech.com\/es\/wp-json\/wp\/v2\/types\/product"}],"wp:featuredmedia":[{"embeddable":true,"href":"https:\/\/www.dentalxangtech.com\/es\/wp-json\/wp\/v2\/media\/2220"}],"wp:attachment":[{"href":"https:\/\/www.dentalxangtech.com\/es\/wp-json\/wp\/v2\/media?parent=2219"}],"wp:term":[{"taxonomy":"product_brand","embeddable":true,"href":"https:\/\/www.dentalxangtech.com\/es\/wp-json\/wp\/v2\/product_brand?post=2219"},{"taxonomy":"product_cat","embeddable":true,"href":"https:\/\/www.dentalxangtech.com\/es\/wp-json\/wp\/v2\/product_cat?post=2219"},{"taxonomy":"product_tag","embeddable":true,"href":"https:\/\/www.dentalxangtech.com\/es\/wp-json\/wp\/v2\/product_tag?post=2219"}],"curies":[{"name":"WP","href":"https:\/\/api.w.org\/{rel}","templated":true}]}}