{"id":2341,"date":"2024-08-29T17:05:27","date_gmt":"2024-08-29T09:05:27","guid":{"rendered":"http\/\/www.dentalxangtech.com\/?post_type=product&#038;p=2341"},"modified":"2024-08-29T17:07:06","modified_gmt":"2024-08-29T09:07:06","slug":"rx-8y-milling-machine","status":"publish","type":"product","link":"https:\/\/www.dentalxangtech.com\/es\/product\/rx-8y-milling-machine\/","title":{"rendered":"RX-8Y fresadora"},"content":{"rendered":"<p><span style=\"font-size: 14pt;\">La fresadora dental XANGTECH RX-8Y destaca como una soluci\u00f3n de vanguardia en la industria dental, dise\u00f1ada para satisfacer las exigentes necesidades tanto de entornos de silla como de laboratorio. Su avanzada tecnolog\u00eda de corte de enlace de 5 ejes permite el molido de precisi\u00f3n de gran \u00e1ngulo, lo que garantiza una alta precisi\u00f3n en restauraciones dentales complejas. Lo que diferencia a esta m\u00e1quina es su capacidad para procesar hasta 8 materiales diferentes simult\u00e1neamente, ofreciendo una versatilidad sin igual para diversas aplicaciones dentales.<\/span><\/p>\n<p><span style=\"font-size: 14pt;\">La experiencia del usuario se mejora con una interfaz t\u00e1ctil grande inteligente y actualizada, que proporciona una operaci\u00f3n intuitiva que racionaliza el flujo de trabajo, lo que permite a los profesionales dentales enfocarse en lo que hacen mejor: brindar un excelente cuidado. El sistema integrado de monitoreo del nivel del agua, combinado con un sistema de agua circulante autom\u00e1tica, garantiza un rendimiento consistente al mantener condiciones \u00f3ptimas de funcionamiento, contribuyendo a\u00fan m\u00e1s a la m\u00e1quina. S fiabilidad. Para los profesionales dentales que buscan una mezcla de precisi\u00f3n, velocidad y versatilidad, la fresadora dental XANGTECH es una herramienta indispensable, prometiendo elevar la calidad del trabajo dental con sus caracter\u00edsticas de \u00faltima generaci\u00f3n y un rendimiento robusto.<\/span><\/p>\n<p><strong><span style=\"font-size: 14pt;\">1. corte de enlace de 5 ejes, molienda fina de gran \u00e1ngulo, adecuada para el procesamiento r\u00e1pido de la silla<\/span><\/strong><br \/>\n<strong><span style=\"font-size: 14pt;\">2. Aplicable a una variedad de materiales, puede procesar varios bloques de material com\u00fan y bases prefabricadas, puede acomodar hasta 8 materiales al mismo tiempo<\/span><\/strong><br \/>\n<strong><span style=\"font-size: 14pt;\">3. pantalla grande inteligente, operaci\u00f3n de pantalla t\u00e1ctil inteligente es m\u00e1s conveniente<\/span><\/strong><br \/>\n<strong><span style=\"font-size: 14pt;\">4. Monitoreo integrado del nivel del agua, sistema autom\u00e1tico de circulaci\u00f3n del agua, control integrado del nivel del agua, alta precisi\u00f3n<\/span><\/strong><\/p>","protected":false},"excerpt":{"rendered":"<p>The XANGTECH dental RX-8Y milling machine stands out as a cutting-edge solution in the dental industry, designed to meet the demanding needs of both chairside and laboratory environments. Its advanced 5-axis linkage cutting technology enables large-angle precision grinding, ensuring high accuracy in complex dental restorations. What sets this machine apart is its capability to process [&hellip;]<\/p>\n","protected":false},"featured_media":2342,"template":"","meta":{"_acf_changed":false},"product_brand":[],"product_cat":[15],"product_tag":[],"class_list":{"0":"post-2341","1":"product","2":"type-product","3":"status-publish","4":"has-post-thumbnail","6":"product_cat-restoration-materials","8":"first","9":"instock","10":"shipping-taxable","11":"product-type-simple"},"acf":[],"_links":{"self":[{"href":"https:\/\/www.dentalxangtech.com\/es\/wp-json\/wp\/v2\/product\/2341","targetHints":{"allow":["GET"]}}],"collection":[{"href":"https:\/\/www.dentalxangtech.com\/es\/wp-json\/wp\/v2\/product"}],"about":[{"href":"https:\/\/www.dentalxangtech.com\/es\/wp-json\/wp\/v2\/types\/product"}],"wp:featuredmedia":[{"embeddable":true,"href":"https:\/\/www.dentalxangtech.com\/es\/wp-json\/wp\/v2\/media\/2342"}],"wp:attachment":[{"href":"https:\/\/www.dentalxangtech.com\/es\/wp-json\/wp\/v2\/media?parent=2341"}],"wp:term":[{"taxonomy":"product_brand","embeddable":true,"href":"https:\/\/www.dentalxangtech.com\/es\/wp-json\/wp\/v2\/product_brand?post=2341"},{"taxonomy":"product_cat","embeddable":true,"href":"https:\/\/www.dentalxangtech.com\/es\/wp-json\/wp\/v2\/product_cat?post=2341"},{"taxonomy":"product_tag","embeddable":true,"href":"https:\/\/www.dentalxangtech.com\/es\/wp-json\/wp\/v2\/product_tag?post=2341"}],"curies":[{"name":"WP","href":"https:\/\/api.w.org\/{rel}","templated":true}]}}