{"id":2699,"date":"2024-10-28T17:24:18","date_gmt":"2024-10-28T09:24:18","guid":{"rendered":"http\/\/www.dentalxangtech.com\/?post_type=product&#038;p=2699"},"modified":"2025-03-29T16:33:15","modified_gmt":"2025-03-29T08:33:15","slug":"dental-titanium-block","status":"publish","type":"product","link":"https:\/\/www.dentalxangtech.com\/es\/product\/dental-titanium-block\/","title":{"rendered":"Bloque de titanio dental"},"content":{"rendered":"<p>Los bloques de titanio dental XANGTECH son para materiales duraderos, biocompatibles y altamente estables en restauraciones dentales. Conocidos por sus excepcionales propiedades mec\u00e1nicas, los bloques dentales de titanio proporcionan soluciones tanto para restauraciones prot\u00e9ticas como con implantes. Los beneficios inherentes del titanio, como la resistencia a la corrosi\u00f3n, la composici\u00f3n ligera y la compatibilidad con tejidos biol\u00f3gicos, hacen que estos bloques sean altamente adecuados para una variedad de procedimientos restaurativos, incluyendo coronas, puentes y estructuras de implantes complejas. Con capacidades mejoradas de fresado de precisi\u00f3n, estos bloques se pueden adaptar para adaptarse a pacientes individuales, garantizando la m\u00e1xima comodidad, durabilidad y atractivo est\u00e9tico. Dise\u00f1ado para soportar los rigores de la masticaci\u00f3n diaria, la resistencia y la resiliencia del titanio lo hacen particularmente valioso para restauraciones que experimentan alto estr\u00e9s. Los bloques dentales de titanio conservan la integridad estructural bajo una carga pesada, resistiendo fracturas, desgaste y deformaci\u00f3n incluso despu\u00e9s de a\u00f1os de uso. Con un nivel excepcionalmente alto de biocompatibilidad, el titanio minimiza el riesgo de reacciones adversas, como la inflamaci\u00f3n o las respuestas al\u00e9rgicas. Esto garantiza comodidad y seguridad para los pacientes, promoviendo la integraci\u00f3n oseointegrada exitosa en los implantes y aumentando la tasa de \u00e9xito de las restauraciones a largo plazo.<\/p>\n<p>Ideales para coronas anteriores y posteriores, los bloques de titanio ofrecen durabilidad a largo plazo y una excelente est\u00e9tica. Su resistencia y ligereza los hacen adecuados para puentes, reduciendo la tensi\u00f3n sobre los dientes de soporte al tiempo que garantizan la estabilidad. Y, perfecto para pr\u00f3tesis fijas o extra\u00edbles, la biocompatibilidad del titanio garantiza una integraci\u00f3n segura con la mand\u00edbula, apoyando tanto la est\u00e9tica como la funci\u00f3n. Lo que es m\u00e1s, \u00fatil en restauraciones de arco completo y de m\u00faltiples unidades que requieren tanto durabilidad como precisi\u00f3n para una restauraci\u00f3n altamente natural y funcional.<\/p>\n<p>Los bloques de titanio tienen enormes ventajas sobre otros materiales dentales. El bloqueo de zirconia, aunque fuerte, es propenso a romperse bajo presi\u00f3n extrema, especialmente en pacientes con bruxismo. Adem\u00e1s, con el tiempo, puede desarrollar microgrietas que pueden comprometer la integridad estructural. El disilicato de litio es m\u00e1s suave y m\u00e1s adecuado para aplicaciones est\u00e9ticas de bajo estr\u00e9s como incisivos en lugar de \u00e1reas de masticaci\u00f3n de alto estr\u00e9s. Tambi\u00e9n es m\u00e1s propenso al desgaste y menos duradero bajo presi\u00f3n pesada o repetida. El PMMA, por otro lado, es un material a base de pl\u00e1stico que carece de la resistencia y tenacidad necesarias para soluciones dentales permanentes y se utiliza principalmente para restauraciones temporales. Adem\u00e1s, es propenso al desgaste y la tinci\u00f3n bajo la masticaci\u00f3n frecuente, lo que lo hace inadecuado para el uso a largo plazo.<\/p>\n<p><strong>1.Suitable para aplicaciones dentales a largo plazo<\/strong><\/p>\n<p><strong>2.No t\u00f3xico, h<\/strong><strong>ipoalerg\u00e9nico y seguro para todos los pacientes<\/strong><\/p>\n<p><strong>3.Superior resistencia a la corrosi\u00f3n y buena resistencia al calor<\/strong><\/p>\n<p><strong>4.Excelente resistencia, biocompatibilidad y resistencia a la corrosi\u00f3n<\/strong><\/p>\n<div style=\"width: 800px;\" class=\"wp-video\"><video class=\"wp-video-shortcode\" id=\"video-2699-1\" width=\"800\" height=\"450\" preload=\"metadata\" controls=\"controls\"><source type=\"video\/mp4\" src=\"https:\/\/www.dentalxangtech.com\/wp-content\/uploads\/2024\/10\/titanium-block.mp4?_=1\" \/><a href=\"https:\/\/www.dentalxangtech.com\/wp-content\/uploads\/2024\/10\/titanium-block.mp4\">https:\/\/www.dentalxangtech.com\/wp-content\/uploads\/2024\/10\/titanium-block.mp4<\/a><\/video><\/div>","protected":false},"excerpt":{"rendered":"<p>XANGTECH dental titanium blocks is for durable, biocompatible, and highly stable materials in dental restorations. Known for their exceptional mechanical properties, dental titanium blocks provide solutions for both prosthetic and implant-supported restorations. The inherent benefits of titanium, such as resistance to corrosion, lightweight composition, and compatibility with biological tissue, make these blocks highly suitable for [&hellip;]<\/p>\n","protected":false},"featured_media":3760,"template":"","meta":{"_acf_changed":false},"product_brand":[],"product_cat":[15,46],"product_tag":[],"class_list":{"0":"post-2699","1":"product","2":"type-product","3":"status-publish","4":"has-post-thumbnail","6":"product_cat-restoration-materials","7":"product_cat-titanium-block","9":"first","10":"instock","11":"shipping-taxable","12":"product-type-simple"},"acf":[],"_links":{"self":[{"href":"https:\/\/www.dentalxangtech.com\/es\/wp-json\/wp\/v2\/product\/2699","targetHints":{"allow":["GET"]}}],"collection":[{"href":"https:\/\/www.dentalxangtech.com\/es\/wp-json\/wp\/v2\/product"}],"about":[{"href":"https:\/\/www.dentalxangtech.com\/es\/wp-json\/wp\/v2\/types\/product"}],"wp:featuredmedia":[{"embeddable":true,"href":"https:\/\/www.dentalxangtech.com\/es\/wp-json\/wp\/v2\/media\/3760"}],"wp:attachment":[{"href":"https:\/\/www.dentalxangtech.com\/es\/wp-json\/wp\/v2\/media?parent=2699"}],"wp:term":[{"taxonomy":"product_brand","embeddable":true,"href":"https:\/\/www.dentalxangtech.com\/es\/wp-json\/wp\/v2\/product_brand?post=2699"},{"taxonomy":"product_cat","embeddable":true,"href":"https:\/\/www.dentalxangtech.com\/es\/wp-json\/wp\/v2\/product_cat?post=2699"},{"taxonomy":"product_tag","embeddable":true,"href":"https:\/\/www.dentalxangtech.com\/es\/wp-json\/wp\/v2\/product_tag?post=2699"}],"curies":[{"name":"WP","href":"https:\/\/api.w.org\/{rel}","templated":true}]}}