{"id":2787,"date":"2024-11-09T17:09:03","date_gmt":"2024-11-09T09:09:03","guid":{"rendered":"http\/\/www.dentalxangtech.com\/?post_type=product&#038;p=2787"},"modified":"2024-11-09T17:09:03","modified_gmt":"2024-11-09T09:09:03","slug":"sirona-cerec-ht-plus-white-dental-zirconia-block","status":"publish","type":"product","link":"https:\/\/www.dentalxangtech.com\/es\/product\/sirona-cerec-ht-plus-white-dental-zirconia-block\/","title":{"rendered":"Sirona Cerec HT Plus Bloque de zirconia dental blanco"},"content":{"rendered":"<p>XANGTECH Sirona Cerec HT Plus Bloque de zirconia dental blanco est\u00e1 dise\u00f1ado para una durabilidad superior, atractivo est\u00e9tico y precisi\u00f3n, lo que lo convierte en una opci\u00f3n excepcional tanto para profesionales dentales como para pacientes que buscan restauraciones fiables y de alta calidad. Estos bloques est\u00e1n dise\u00f1ados espec\u00edficamente con un alto grado de resistencia a las manchas, asegurando que las restauraciones dentales mantengan su apariencia natural con el tiempo, incluso con exposici\u00f3n regular a alimentos y bebidas. Esto es especialmente valioso para los pacientes que buscan evitar el problema com\u00fan de la decoloraci\u00f3n que puede afectar a otros materiales dentales. Fabricados utilizando tecnolog\u00eda avanzada de prensado isost\u00e1tico en fr\u00edo, nuestros bloques de zirconia Sirona Cerec HT Plus White poseen una estructura densa y duradera que soporta una vida \u00fatil prolongada. Este proceso mejora la estabilidad interna y la resistencia del material, lo que le permite soportar mejor el desgaste diario, lo que lo convierte en una soluci\u00f3n confiable para los pacientes que necesitan restauraciones duraderas y a largo plazo. Los bloques tambi\u00e9n cuentan con una impresionante relaci\u00f3n resistencia-peso, lo que los hace ideales para pacientes con requisitos especiales de resistencia, como aquellos con bruxismo o aquellos que necesitan un soporte robusto para coronas molares o puentes.<\/p>\n<p>Con un perfil de resistencia superior, es ideal para pacientes con requisitos especiales de resistencia, como aquellos que experimentan bruxismo (molienda de dientes) o requieren restauraciones robustas en la regi\u00f3n posterior donde las fuerzas de mordedura son mayores. Si bien muchos bloques de circonia ofrecen alta resistencia, sus propiedades de resistencia van m\u00e1s all\u00e1 para satisfacer las demandas espec\u00edficas de durabilidad y soporte mejorados, superando a muchos bloques de circonia est\u00e1ndar en casos desafiantes. Es&#8217; s forma est\u00e1 dise\u00f1ada para una compatibilidad \u00f3ptima con las fresadoras dentales Sirona de alta velocidad, lo que permite un procesamiento m\u00e1s r\u00e1pido y eficiente. Este beneficio es especialmente \u00fatil en laboratorios y cl\u00ednicas dentales de alta demanda, donde el tiempo de entrega es esencial. Al fresar m\u00e1s f\u00e1cilmente y con menos desgaste en las borsas de fresado, estos bloques ayudan a reducir los costos generales de procesamiento y el tiempo, lo que lo convierte en una opci\u00f3n m\u00e1s eficiente en comparaci\u00f3n con otros bloques de zirconia que pueden tomar m\u00e1s tiempo o requerir pasos adicionales.<\/p>","protected":false},"excerpt":{"rendered":"<p>XANGTECH Sirona Cerec HT Plus White dental zirconia block is crafted for superior durability, aesthetic appeal, and precision, making it an exceptional choice for both dental professionals and patients seeking reliable, high-quality restorations. These blocks are specifically designed with a high degree of stain resistance, ensuring that dental restorations maintain their natural appearance over time, [&hellip;]<\/p>\n","protected":false},"featured_media":2788,"template":"","meta":{"_acf_changed":false},"product_brand":[],"product_cat":[53],"product_tag":[],"class_list":{"0":"post-2787","1":"product","2":"type-product","3":"status-publish","4":"has-post-thumbnail","6":"product_cat-white-zirconia-block","8":"first","9":"instock","10":"shipping-taxable","11":"product-type-simple"},"acf":[],"_links":{"self":[{"href":"https:\/\/www.dentalxangtech.com\/es\/wp-json\/wp\/v2\/product\/2787","targetHints":{"allow":["GET"]}}],"collection":[{"href":"https:\/\/www.dentalxangtech.com\/es\/wp-json\/wp\/v2\/product"}],"about":[{"href":"https:\/\/www.dentalxangtech.com\/es\/wp-json\/wp\/v2\/types\/product"}],"wp:featuredmedia":[{"embeddable":true,"href":"https:\/\/www.dentalxangtech.com\/es\/wp-json\/wp\/v2\/media\/2788"}],"wp:attachment":[{"href":"https:\/\/www.dentalxangtech.com\/es\/wp-json\/wp\/v2\/media?parent=2787"}],"wp:term":[{"taxonomy":"product_brand","embeddable":true,"href":"https:\/\/www.dentalxangtech.com\/es\/wp-json\/wp\/v2\/product_brand?post=2787"},{"taxonomy":"product_cat","embeddable":true,"href":"https:\/\/www.dentalxangtech.com\/es\/wp-json\/wp\/v2\/product_cat?post=2787"},{"taxonomy":"product_tag","embeddable":true,"href":"https:\/\/www.dentalxangtech.com\/es\/wp-json\/wp\/v2\/product_tag?post=2787"}],"curies":[{"name":"WP","href":"https:\/\/api.w.org\/{rel}","templated":true}]}}