{"id":2835,"date":"2024-11-14T10:46:22","date_gmt":"2024-11-14T02:46:22","guid":{"rendered":"http\/\/www.dentalxangtech.com\/product\/sirona-cerec-ht-plus-white-dental-zirconia-block-2\/"},"modified":"2024-11-15T17:37:37","modified_gmt":"2024-11-15T09:37:37","slug":"sirona-cerec-3d-pro-zirconia-block","status":"publish","type":"product","link":"https:\/\/www.dentalxangtech.com\/es\/product\/sirona-cerec-3d-pro-zirconia-block\/","title":{"rendered":"Bloque de zirconia Sirona Cerec 3D Pro"},"content":{"rendered":"<p>XANGTECH&#8217; El bloque de zirconia Sirona Cerec 3D Pro representa un nuevo est\u00e1ndar en materiales dentales restauradores, dise\u00f1ados para los m\u00e9dicos que buscan resultados de alta calidad con la m\u00e1xima eficiencia. Con su innovadora tecnolog\u00eda multicapa 3D, el bloque ofrece un gradiente natural en translucidez y color que refleja la apariencia de dientes reales, logrando una est\u00e9tica notablemente realista. Cada capa dentro del bloque de zirconia est\u00e1 dise\u00f1ada para reflejar las variaciones naturales de color que se encuentran en el esmalte y la dentina, lo que permite a los dentistas crear restauraciones que se integran sin problemas en la sonrisa del paciente. Construido con zirconia de alta resistencia, es excepcionalmente duradero, lo que lo hace ideal para coronas de una sola unidad y pr\u00f3tesis de m\u00faltiples unidades m\u00e1s grandes como puentes. La resistencia del material asegura que puede soportar el desgaste diario mientras mantiene su color y translucidez con el tiempo, aumentando la satisfacci\u00f3n del paciente y la confianza en la calidad de su atenci\u00f3n dental. Su compatibilidad con los sistemas CAD\/CAM de Sirona lo distingue a\u00fan m\u00e1s como una poderosa herramienta para agilizar los flujos de trabajo en las pr\u00e1cticas dentales modernas. Al integrarse con el sistema, el bloque de zirconia 3D Pro permite un fresado eficiente junto a la silla, lo que puede reducir la necesidad de m\u00faltiples visitas al paciente y permitir restauraciones del mismo d\u00eda en muchos casos. Esta soluci\u00f3n que ahorra tiempo proporciona a los dentistas y t\u00e9cnicos dentales la precisi\u00f3n necesaria para casos complejos, al tiempo que ofrece a los pacientes una experiencia m\u00e1s r\u00e1pida y c\u00f3moda.<\/p>\n<p>A diferencia de la zirconia tradicional, ofrece una translucidez adaptativa que mejora la difusi\u00f3n de la luz para un brillo notablemente realista. Esta propiedad \u00fanica permite restauraciones que capturan y reflejan la luz de una manera natural, particularmente beneficiosa para restauraciones anteriores donde la est\u00e9tica es crucial.  \u00bfQu\u00e9&#8217; M\u00e1s, gracias a su refinada composici\u00f3n de part\u00edculas, este bloque de zirconia est\u00e1 dise\u00f1ado para ser suave en la dentici\u00f3n opuesta, reduciendo el desgaste mientras conserva su propia durabilidad. Esta caracter\u00edstica apoya la salud oral a largo plazo al preservar los dientes naturales circundantes, lo que lo convierte en una excelente opci\u00f3n para las rehabilitaciones de boca completa. Ofrece baja conductividad t\u00e9rmica, lo que minimiza la sensibilidad a la temperatura para los pacientes una vez instalada la restauraci\u00f3n. Este atributo hace que el bloqueo sea particularmente c\u00f3modo para los pacientes que pueden experimentar incomodidades con alimentos y bebidas calientes o fr\u00edas. Y, con una textura superficial especialmente optimizada, ayuda a garantizar que las restauraciones permanecen seguras en su lugar, incluso en \u00e1reas de alta carga, ofreciendo a los pacientes confianza en la longevidad de su trabajo dental. Con una tasa de contracci\u00f3n impresionantemente baja durante la sinterizaci\u00f3n, mantiene su precisi\u00f3n dimensional, lo que se traduce en un mejor ajuste inicial y resultados m\u00e1s predecibles. Esta consistencia puede reducir la necesidad de ajustes y ayudar a los pacientes a disfrutar de una experiencia de ajuste m\u00e1s r\u00e1pida y c\u00f3moda.<\/p>","protected":false},"excerpt":{"rendered":"<p>XANGTECH&#8217;s Sirona Cerec 3D Pro zirconia block represents a new standard in restorative dental materials, crafted for clinicians who seek high-quality outcomes with maximum efficiency. With its innovative 3D multilayer technology, the block offers a natural gradient in translucency and color that mirrors the appearance of real teeth, achieving a remarkably lifelike esthetic. Each layer [&hellip;]<\/p>\n","protected":false},"featured_media":2844,"template":"","meta":{"_acf_changed":false},"product_brand":[],"product_cat":[43],"product_tag":[],"class_list":{"0":"post-2835","1":"product","2":"type-product","3":"status-publish","4":"has-post-thumbnail","6":"product_cat-zirconia-block","8":"first","9":"instock","10":"shipping-taxable","11":"product-type-simple"},"acf":[],"_links":{"self":[{"href":"https:\/\/www.dentalxangtech.com\/es\/wp-json\/wp\/v2\/product\/2835","targetHints":{"allow":["GET"]}}],"collection":[{"href":"https:\/\/www.dentalxangtech.com\/es\/wp-json\/wp\/v2\/product"}],"about":[{"href":"https:\/\/www.dentalxangtech.com\/es\/wp-json\/wp\/v2\/types\/product"}],"wp:featuredmedia":[{"embeddable":true,"href":"https:\/\/www.dentalxangtech.com\/es\/wp-json\/wp\/v2\/media\/2844"}],"wp:attachment":[{"href":"https:\/\/www.dentalxangtech.com\/es\/wp-json\/wp\/v2\/media?parent=2835"}],"wp:term":[{"taxonomy":"product_brand","embeddable":true,"href":"https:\/\/www.dentalxangtech.com\/es\/wp-json\/wp\/v2\/product_brand?post=2835"},{"taxonomy":"product_cat","embeddable":true,"href":"https:\/\/www.dentalxangtech.com\/es\/wp-json\/wp\/v2\/product_cat?post=2835"},{"taxonomy":"product_tag","embeddable":true,"href":"https:\/\/www.dentalxangtech.com\/es\/wp-json\/wp\/v2\/product_tag?post=2835"}],"curies":[{"name":"WP","href":"https:\/\/api.w.org\/{rel}","templated":true}]}}