{"id":2850,"date":"2024-11-15T11:29:02","date_gmt":"2024-11-15T03:29:02","guid":{"rendered":"http\/\/www.dentalxangtech.com\/product\/sirona-cerec-ht-plus-white-dental-zirconia-block-2-2\/"},"modified":"2024-11-15T17:59:56","modified_gmt":"2024-11-15T09:59:56","slug":"sirona-cerec-sht-multilayer-zirconia-block","status":"publish","type":"product","link":"https:\/\/www.dentalxangtech.com\/es\/product\/sirona-cerec-sht-multilayer-zirconia-block\/","title":{"rendered":"Bloque de zirconia multicapa Sirona Cerec SHT"},"content":{"rendered":"<p>XANGTECH&#8217; El bloque de zirconia multicapa Sirona Cerec SHT es un material de vanguardia dise\u00f1ado para satisfacer la creciente demanda de restauraciones dentales de alta calidad y de apariencia natural que priorizan tanto la durabilidad como la est\u00e9tica. Con la avanzada tecnolog\u00eda Super High Translucency (SHT), estos bloques de zirconia replican las complejas transiciones de color que se encuentran en los dientes naturales, ofreciendo un gradiente multicapa que cambia sin problemas de un n\u00facleo denso a una superficie altamente transl\u00facida similar al esmalte. Este dise\u00f1o innovador no solo logra resultados realistas excepcionales, sino que tambi\u00e9n reduce la necesidad de sombreado y tinci\u00f3n adicionales, ahorrando tiempo y mejorando la eficiencia en el laboratorio o la cl\u00ednica dental. Desarrollado para una variedad de restauraciones dentales, incluyendo coronas, puentes y estructuras soportadas por implantes, proporciona la resistencia y la resiliencia necesarias tanto para aplicaciones anteriores como posteriores. Los bloques mantienen una excepcional resistencia a las fracturas, asegurando restauraciones que pueden soportar las presiones del desgaste diario sin comprometer la est\u00e9tica. Adem\u00e1s, las propiedades de translucidez del material y los gradientes de color naturales minimizan el riesgo de decoloraci\u00f3n, mejorando la longevidad y el atractivo de cada restauraci\u00f3n. Combinando facilidad de uso con alta precisi\u00f3n, se alinea con los modernos flujos de trabajo digitales. Esta compatibilidad permite a los dentistas y t\u00e9cnicos dise\u00f1ar y producir restauraciones de una manera simplificada y rentable, al tiempo que ofrecen resultados predecibles y hermosos que cumplen con los estrictos est\u00e1ndares de los pacientes. Con \u00e9l, los profesionales dentales pueden proporcionar con confianza restauraciones que elevan tanto la funci\u00f3n como la est\u00e9tica, garantizando la satisfacci\u00f3n del paciente y un rendimiento duradero.<\/p>\n<p>Se diferencia de otros tipos de bloques de zirconia a trav\u00e9s de su mezcla \u00fanica de transiciones de color multicapa, translucidez y resistencia inherente. A diferencia de los bloques de zirconia est\u00e1ndar, que a menudo se basan en la tinci\u00f3n adicional o la formaci\u00f3n de capas para lograr una apariencia realista, est\u00e1 elaborado con capas pre-sombreadas que reflejan la progresi\u00f3n natural del color de la dentina al esmalte. Este gradiente de color cuidadosamente calibrado elimina la necesidad de pasos adicionales para agregar profundidad y tono, haciendo que el proceso de fabricaci\u00f3n sea m\u00e1s r\u00e1pido, eficiente y fiable. Para los t\u00e9cnicos dentales y cl\u00ednicos, esta caracter\u00edstica reduce el tiempo y simplifica el flujo de trabajo, al tiempo que garantiza que cada restauraci\u00f3n logre un resultado realista de alta calidad. Muchos bloques de zirconia en el mercado tienden a comprometer entre la resistencia y la translucidez, con opciones t\u00edpicamente inclinadas hacia una mayor resistencia, pero resultando en un acabado m\u00e1s opaco y menos est\u00e9tico, o elegir una translucidez mejorada que puede debilitar la durabilidad. Est\u00e1 dise\u00f1ado para resolver este problema logrando un equilibrio que mejore ambos atributos. A trav\u00e9s de su tecnolog\u00eda Super High Translucency (SHT), proporciona un nivel natural de translucidez sin sacrificar la resistencia a la fractura requerida para las restauraciones en \u00e1reas de alta tensi\u00f3n de la boca, como molares y puentes. Esta doble capacidad significa que el material puede ser utilizado con confianza para restauraciones anteriores, donde la est\u00e9tica es crucial, as\u00ed como en aplicaciones posteriores, donde la durabilidad es clave. Adem\u00e1s, simplifica los procesos de dise\u00f1o y fresado, lo que facilita a los profesionales dentales fabricar restauraciones precisas y hermosas al tiempo que reduce los costos y los tiempos de procesamiento. Por lo tanto, IT ofrece una ventaja sin igual sobre las opciones de zirconia convencionales, lo que permite a los laboratorios y cl\u00ednicas dentales ofrecer restauraciones que no solo mejoran la confianza del paciente con una est\u00e9tica de aspecto natural, sino que tambi\u00e9n aseguran la satisfacci\u00f3n a largo plazo con restauraciones construidas para soportar el uso diario.<\/p>","protected":false},"excerpt":{"rendered":"<p>XANGTECH&#8217;s Sirona Cerec SHT multilayer zirconia block is a cutting-edge material designed to meet the growing demand for high-quality, natural-looking dental restorations that prioritize both durability and aesthetics. With advanced Super High Translucency (SHT) technology, these zirconia blocks replicate the complex color transitions found in natural teeth, offering a multilayered gradient that smoothly shifts from [&hellip;]<\/p>\n","protected":false},"featured_media":2869,"template":"","meta":{"_acf_changed":false},"product_brand":[],"product_cat":[43],"product_tag":[],"class_list":{"0":"post-2850","1":"product","2":"type-product","3":"status-publish","4":"has-post-thumbnail","6":"product_cat-zirconia-block","8":"first","9":"instock","10":"shipping-taxable","11":"product-type-simple"},"acf":[],"_links":{"self":[{"href":"https:\/\/www.dentalxangtech.com\/es\/wp-json\/wp\/v2\/product\/2850","targetHints":{"allow":["GET"]}}],"collection":[{"href":"https:\/\/www.dentalxangtech.com\/es\/wp-json\/wp\/v2\/product"}],"about":[{"href":"https:\/\/www.dentalxangtech.com\/es\/wp-json\/wp\/v2\/types\/product"}],"wp:featuredmedia":[{"embeddable":true,"href":"https:\/\/www.dentalxangtech.com\/es\/wp-json\/wp\/v2\/media\/2869"}],"wp:attachment":[{"href":"https:\/\/www.dentalxangtech.com\/es\/wp-json\/wp\/v2\/media?parent=2850"}],"wp:term":[{"taxonomy":"product_brand","embeddable":true,"href":"https:\/\/www.dentalxangtech.com\/es\/wp-json\/wp\/v2\/product_brand?post=2850"},{"taxonomy":"product_cat","embeddable":true,"href":"https:\/\/www.dentalxangtech.com\/es\/wp-json\/wp\/v2\/product_cat?post=2850"},{"taxonomy":"product_tag","embeddable":true,"href":"https:\/\/www.dentalxangtech.com\/es\/wp-json\/wp\/v2\/product_tag?post=2850"}],"curies":[{"name":"WP","href":"https:\/\/api.w.org\/{rel}","templated":true}]}}