{"id":2870,"date":"2024-11-15T14:00:50","date_gmt":"2024-11-15T06:00:50","guid":{"rendered":"http\/\/www.dentalxangtech.com\/product\/intraoral-scanner-2\/"},"modified":"2024-11-18T08:50:04","modified_gmt":"2024-11-18T00:50:04","slug":"vacuum-cleaner","status":"publish","type":"product","link":"https:\/\/www.dentalxangtech.com\/es\/product\/vacuum-cleaner\/","title":{"rendered":"Aspiradora"},"content":{"rendered":"<p>XANGTECH&#8217; La aspiradora es una soluci\u00f3n potente e inteligente dise\u00f1ada para cumplir con los rigurosos requisitos de limpieza de los laboratorios dentales y entornos de fabricaci\u00f3n de precisi\u00f3n. Su avanzada capacidad de enlace inteligente permite una conectividad sin costuras con tornos de zirconia, lo que garantiza que el polvo y las part\u00edculas se eliminan autom\u00e1ticamente con un innovador sistema de eliminaci\u00f3n de polvo de pulso. Esta conexi\u00f3n inteligente no solo mejora la limpieza del espacio de trabajo, sino que tambi\u00e9n apoya la eficiencia y la longevidad de la m\u00e1quina al prevenir la acumulaci\u00f3n de desechos en componentes delicados. Equipado con un motor sin cepillo de alta potencia y un sistema de ventilador eficiente, ofrece una excepcional resistencia a la succi\u00f3n capaz de capturar incluso las part\u00edculas m\u00e1s finas. Esta poderosa aspiraci\u00f3n, combinada con un fuerte flujo de aire, garantiza una limpieza completa en un solo paso, gestionando eficazmente la alta producci\u00f3n de polvo com\u00fan en el procesamiento de zirconia y otras tareas dentales o de laboratorio. La velocidad del viento se puede ajustar f\u00e1cilmente mediante un bot\u00f3n de rotaci\u00f3n manual, lo que permite a los usuarios ajustar el nivel de succi\u00f3n a su tarea espec\u00edfica, ya sea una limpieza ligera o una eliminaci\u00f3n intensa de polvo. Una caracter\u00edstica destacada de la aspiradora XANGTECH es su funcionamiento bajo ruido. Esta funcionalidad ultra silenciosa es ideal para un uso prolongado en entornos donde la concentraci\u00f3n y las perturbaciones m\u00ednimas son cr\u00edticas, ofreciendo un espacio de trabajo m\u00e1s c\u00f3modo y silencioso en comparaci\u00f3n con las aspiradoras tradicionales de alta potencia. Construido teniendo en cuenta tanto el rendimiento como la facilidad de uso, combina tecnolog\u00eda inteligente, potencia robusta y dise\u00f1o pensado para soportar las exigentes necesidades de laboratorios dentales modernos e instalaciones industriales, proporcionando un entorno m\u00e1s limpio y ayudando al equipo a operar con m\u00e1xima eficiencia.<\/p>\n<p>La aspiradora XANGTECH est\u00e1 dise\u00f1ada para un rendimiento potente y flexible, capaz de aspirar simult\u00e1neamente dos fresadoras, lo que la convierte en una opci\u00f3n excepcional para laboratorios dentales ocupados y entornos de fabricaci\u00f3n que operan m\u00faltiples m\u00e1quinas. Esta caracter\u00edstica \u00fanica de doble capacidad permite al vac\u00edo manejar eficientemente el polvo y los desechos de dos tornos de zirconia a la vez, mejorando significativamente la productividad y manteniendo un espacio de trabajo m\u00e1s limpio y seguro sin la necesidad de equipo de limpieza adicional. Su tecnolog\u00eda de enlace inteligente se conecta sin problemas a m\u00faltiples m\u00e1quinas, iniciando autom\u00e1ticamente la eliminaci\u00f3n del polvo de pulso para mantener las superficies y los componentes libres de la acumulaci\u00f3n de part\u00edculas, lo que es esencial para mantener la precisi\u00f3n y la eficiencia de las operaciones de fresado. Con un motor sin cepillo de alta potencia y un ventilador de alta eficiencia, el vac\u00edo ofrece una resistencia a la succi\u00f3n robusta, capturando eficazmente el polvo y las part\u00edculas de ambas m\u00e1quinas sin ning\u00fan compromiso en el rendimiento.<\/p>\n<p><strong>1. eliminaci\u00f3n de polvo de pulso linkage.automatic inteligente, conectado inteligentemente a tornos de circonia<\/strong><\/p>\n<p><strong>2.string motor de succi\u00f3n force.brushless, ventilador de alta eficiencia vientos fuertes y succi\u00f3n fuerte<\/strong><\/p>\n<p><strong>3.rotate button.manually girar el bot\u00f3n para ajustar la velocidad del viento libremente<\/strong><\/p>\n<p><strong>4.low noise.low ruido de trabajo con un nivel de ruido inferior a 48 decibelos<\/strong><\/p>","protected":false},"excerpt":{"rendered":"<p>XANGTECH&#8217;s vacuum cleaner is a powerful, intelligent solution tailored to meet the rigorous cleaning requirements of dental labs and precision manufacturing environments. Its advanced intelligent linkage capability enables seamless connectivity with zirconia lathes, ensuring that dust and particles are automatically removed with an innovative pulse dust removal system. This intelligent connection not only improves the [&hellip;]<\/p>\n","protected":false},"featured_media":2875,"template":"","meta":{"_acf_changed":false},"product_brand":[],"product_cat":[15],"product_tag":[],"class_list":{"0":"post-2870","1":"product","2":"type-product","3":"status-publish","4":"has-post-thumbnail","6":"product_cat-restoration-materials","8":"first","9":"instock","10":"shipping-taxable","11":"product-type-simple"},"acf":[],"_links":{"self":[{"href":"https:\/\/www.dentalxangtech.com\/es\/wp-json\/wp\/v2\/product\/2870","targetHints":{"allow":["GET"]}}],"collection":[{"href":"https:\/\/www.dentalxangtech.com\/es\/wp-json\/wp\/v2\/product"}],"about":[{"href":"https:\/\/www.dentalxangtech.com\/es\/wp-json\/wp\/v2\/types\/product"}],"wp:featuredmedia":[{"embeddable":true,"href":"https:\/\/www.dentalxangtech.com\/es\/wp-json\/wp\/v2\/media\/2875"}],"wp:attachment":[{"href":"https:\/\/www.dentalxangtech.com\/es\/wp-json\/wp\/v2\/media?parent=2870"}],"wp:term":[{"taxonomy":"product_brand","embeddable":true,"href":"https:\/\/www.dentalxangtech.com\/es\/wp-json\/wp\/v2\/product_brand?post=2870"},{"taxonomy":"product_cat","embeddable":true,"href":"https:\/\/www.dentalxangtech.com\/es\/wp-json\/wp\/v2\/product_cat?post=2870"},{"taxonomy":"product_tag","embeddable":true,"href":"https:\/\/www.dentalxangtech.com\/es\/wp-json\/wp\/v2\/product_tag?post=2870"}],"curies":[{"name":"WP","href":"https:\/\/api.w.org\/{rel}","templated":true}]}}