{"id":3009,"date":"2024-11-21T11:48:08","date_gmt":"2024-11-21T03:48:08","guid":{"rendered":"http\/\/www.dentalxangtech.com\/?post_type=product&#038;p=3009"},"modified":"2024-11-26T15:17:20","modified_gmt":"2024-11-26T07:17:20","slug":"super-translucent-plus-white-zirconia-block","status":"publish","type":"product","link":"https:\/\/www.dentalxangtech.com\/es\/product\/super-translucent-plus-white-zirconia-block\/","title":{"rendered":"Bloque de Zirconia Super Transl\u00facido Plus Blanco"},"content":{"rendered":"<p><span style=\"font-family: arial, helvetica, sans-serif; font-size: 12pt;\">Los bloques de zirconia super transl\u00facida y blanca de XANGTECH est\u00e1n dise\u00f1ados para imitar el color natural y la translucidez de los dientes, lo que los convierte en una opci\u00f3n preferida en laboratorios dentales en todo el mundo. Elaborados utilizando procesamiento avanzado de materias primas y t\u00e9cnicas de fabricaci\u00f3n de vanguardia, estos bloques ofrecen una transparencia sin igual en comparaci\u00f3n con los materiales dentales tradicionales, garantizando una est\u00e9tica realista en restauraciones totalmente cer\u00e1micas. Estos bloques de zirconia cuentan con una excelente compatibilidad y una conductividad t\u00e9rmica ultrabaja, proporcionando un rendimiento fiable en varias aplicaciones. Mejorados por la tecnolog\u00eda de pre-sinterizaci\u00f3n de \u00faltima generaci\u00f3n y prensado isost\u00e1tico en fr\u00edo, presentan una dureza moderada para un corte preciso y sencillo, lo que los hace ideales para crear coronas, puentes y otras pr\u00f3tesis dentales. Dise\u00f1ado para restaurar la forma, funci\u00f3n y belleza de los dientes, combina alta resistencia y durabilidad con una translucidez mejorada, logrando una apariencia m\u00e1s cercana a los dientes naturales. Conf\u00eda en XANGTECH para restauraciones que ofrecen calidad excepcional, est\u00e9tica y fiabilidad.<\/span><\/p>\n<p><span style=\"font-family: arial, helvetica, sans-serif; font-size: 12pt;\">Se diferencia de otros bloques de zirconia al ofrecer una combinaci\u00f3n excepcional de translucidez mejorada, resistencia superior y capacidades de procesamiento avanzadas. A diferencia de la tradicional zirconia, que a menudo prioriza la resistencia o la transparencia, este bloque logra un equilibrio \u00f3ptimo, ofreciendo durabilidad y est\u00e9tica realista que imitan de cerca la apariencia de los dientes naturales. Su superior translucidez reduce el aspecto denso y opaco t\u00edpico de los materiales de circonia m\u00e1s antiguos, lo que lo convierte en una opci\u00f3n ideal para coronas anteriores, chapas y otras restauraciones donde la transmisi\u00f3n de luz natural es esencial. Adem\u00e1s de la est\u00e9tica, los bloques de zirconia de XANGTECH proporcionan excelentes propiedades mec\u00e1nicas, incluyendo alta resistencia y dureza moderada, lo que garantiza un corte preciso y eficiente durante la fabricaci\u00f3n. Los bloques se fabrican utilizando tecnolog\u00eda de pre-sinterizaci\u00f3n de \u00faltima generaci\u00f3n y prensado isost\u00e1tico en fr\u00edo, lo que resulta en una densidad uniforme y una calidad consistente, superando a la zirconia tradicional en rendimiento y facilidad de uso. Con una conductividad t\u00e9rmica ultrabaja para mejorar la comodidad del paciente y la biocompatibilidad para aplicaciones dentales seguras y a largo plazo, ofrecen un nivel de fiabilidad en el que los profesionales pueden confiar. <\/span><\/p>\n<ol>\n<li><strong>Personalizable para coincidir con el color de los dientes humanos lo m\u00e1s cerca posible<\/strong><\/li>\n<li><strong>Transparencia superior<\/strong><\/li>\n<li><strong>Ampliamente aplicable a todos los sistemas CAD CAM<\/strong><\/li>\n<li><strong>No irritante, confiable<\/strong><\/li>\n<\/ol>","protected":false},"excerpt":{"rendered":"<p>XANGTECH\u2019s super translucent plus white zirconia blocks are expertly engineered to mimic the natural color and translucency of teeth, making them a preferred choice in dental laboratories worldwide. Crafted using advanced raw material processing and cutting-edge manufacturing techniques, these blocks offer unparalleled transparency compared to traditional dental materials, ensuring lifelike aesthetics in all-ceramic restorations. These [&hellip;]<\/p>\n","protected":false},"featured_media":3010,"template":"","meta":{"_acf_changed":false},"product_brand":[],"product_cat":[53],"product_tag":[],"class_list":{"0":"post-3009","1":"product","2":"type-product","3":"status-publish","4":"has-post-thumbnail","6":"product_cat-white-zirconia-block","8":"first","9":"instock","10":"shipping-taxable","11":"product-type-simple"},"acf":[],"_links":{"self":[{"href":"https:\/\/www.dentalxangtech.com\/es\/wp-json\/wp\/v2\/product\/3009","targetHints":{"allow":["GET"]}}],"collection":[{"href":"https:\/\/www.dentalxangtech.com\/es\/wp-json\/wp\/v2\/product"}],"about":[{"href":"https:\/\/www.dentalxangtech.com\/es\/wp-json\/wp\/v2\/types\/product"}],"wp:featuredmedia":[{"embeddable":true,"href":"https:\/\/www.dentalxangtech.com\/es\/wp-json\/wp\/v2\/media\/3010"}],"wp:attachment":[{"href":"https:\/\/www.dentalxangtech.com\/es\/wp-json\/wp\/v2\/media?parent=3009"}],"wp:term":[{"taxonomy":"product_brand","embeddable":true,"href":"https:\/\/www.dentalxangtech.com\/es\/wp-json\/wp\/v2\/product_brand?post=3009"},{"taxonomy":"product_cat","embeddable":true,"href":"https:\/\/www.dentalxangtech.com\/es\/wp-json\/wp\/v2\/product_cat?post=3009"},{"taxonomy":"product_tag","embeddable":true,"href":"https:\/\/www.dentalxangtech.com\/es\/wp-json\/wp\/v2\/product_tag?post=3009"}],"curies":[{"name":"WP","href":"https:\/\/api.w.org\/{rel}","templated":true}]}}