{"id":3014,"date":"2024-11-21T14:52:02","date_gmt":"2024-11-21T06:52:02","guid":{"rendered":"http\/\/www.dentalxangtech.com\/?post_type=product&#038;p=3014"},"modified":"2024-12-23T10:00:53","modified_gmt":"2024-12-23T02:00:53","slug":"4d-multilayer-zirconia-block","status":"publish","type":"product","link":"https:\/\/www.dentalxangtech.com\/es\/product\/4d-multilayer-zirconia-block\/","title":{"rendered":"Bloque de zirconia multicapa 4D"},"content":{"rendered":"<p><span style=\"font-family: arial, helvetica, sans-serif; font-size: 14pt;\">XANGTECH 4D Multilayer Zirconia Block, dise\u00f1ado con los \u00faltimos avances, este producto innovador mejora significativamente la permeabilidad de la zirconia mientras mantiene su renombrada resistencia y durabilidad. En comparaci\u00f3n con las generaciones anteriores, nuestro nuevo bloque de zirconia cuenta con un dise\u00f1o novedoso que ofrece un rendimiento excepcional y resultados superiores. La construcci\u00f3n de bloques de zirconia multicapa 4D garantiza una mezcla perfecta de translucidez y robustez, lo que lo convierte en una opci\u00f3n ideal para una amplia gama de aplicaciones dentales. Ya sea que est\u00e9 elaborando coronas, puentes u otras restauraciones, el bloque de zirconia 4D de XANGTECH ofrece una precisi\u00f3n y fiabilidad sin igual.<\/span><\/p>\n<p><span style=\"font-family: arial, helvetica, sans-serif; font-size: 14pt;\">Nuestro \u00faltimo bloque de circonia cuenta con un sofisticado dise\u00f1o multicapa que ofrece mejoras notables en el rendimiento y el atractivo est\u00e9tico en comparaci\u00f3n con los bloques de circonia tradicionales. La tecnolog\u00eda de bloque de zirconia multicapa 4D garantiza un equilibrio perfecto entre translucidez y robustez, lo que lo convierte en la opci\u00f3n \u00f3ptima para crear restauraciones dentales precisas y de aspecto natural, incluyendo coronas, puentes y carillas.<\/span><\/p>\n<p><span style=\"font-family: arial, helvetica, sans-serif; font-size: 14pt;\">En comparaci\u00f3n con los bloques tradicionales de zirconia, XANGTECH&#8217; La m\u00e1s reciente innovaci\u00f3n ofrece resultados superiores con un rendimiento mejorado y un atractivo est\u00e9tico. Ya sea para restauraciones de un solo diente o casos dentales complejos, el Bloque de Zirconia Multicapa 4D establece un nuevo est\u00e1ndar, proporcionando el equilibrio perfecto entre funcionalidad y belleza para la odontolog\u00eda moderna.<\/span><\/p>\n<p><span style=\"font-family: arial, helvetica, sans-serif; font-size: 14pt;\"><strong>1. M\u00e1s capas del proceso de transici\u00f3n de color m\u00e1s completo<br \/>\n2. Alta transparencia y color m\u00e1s blanco del producto acabado<br \/>\n3. Alta resistencia para extender la vida \u00fatil del producto terminado<\/strong><\/span><\/p>\n<div style=\"width: 800px;\" class=\"wp-video\"><video class=\"wp-video-shortcode\" id=\"video-3014-1\" width=\"800\" height=\"450\" preload=\"metadata\" controls=\"controls\"><source type=\"video\/mp4\" src=\"https:\/\/www.dentalxangtech.com\/wp-content\/uploads\/2024\/11\/12\u670823\u65e5.mp4?_=1\" \/><a href=\"https:\/\/www.dentalxangtech.com\/wp-content\/uploads\/2024\/11\/12\u670823\u65e5.mp4\">https:\/\/www.dentalxangtech.com\/wp-content\/uploads\/2024\/11\/12\u670823\u65e5.mp4<\/a><\/video><\/div>","protected":false},"excerpt":{"rendered":"<p>XANGTECH 4D Multilayer Zirconia Block,engineered with the latest advancements, this groundbreaking product significantly enhances the permeability of zirconia while maintaining its renowned strength and durability. Compared to previous generations, our newest zirconia block boasts a novel design that delivers exceptional performance and superior results.The 4D multilayer zirconia block construction ensures a seamless blend of translucency [&hellip;]<\/p>\n","protected":false},"featured_media":3346,"template":"","meta":{"_acf_changed":false},"product_brand":[],"product_cat":[51],"product_tag":[],"class_list":{"0":"post-3014","1":"product","2":"type-product","3":"status-publish","4":"has-post-thumbnail","6":"product_cat-multilayer-zirconia-blcok","8":"first","9":"instock","10":"shipping-taxable","11":"product-type-simple"},"acf":[],"_links":{"self":[{"href":"https:\/\/www.dentalxangtech.com\/es\/wp-json\/wp\/v2\/product\/3014","targetHints":{"allow":["GET"]}}],"collection":[{"href":"https:\/\/www.dentalxangtech.com\/es\/wp-json\/wp\/v2\/product"}],"about":[{"href":"https:\/\/www.dentalxangtech.com\/es\/wp-json\/wp\/v2\/types\/product"}],"wp:featuredmedia":[{"embeddable":true,"href":"https:\/\/www.dentalxangtech.com\/es\/wp-json\/wp\/v2\/media\/3346"}],"wp:attachment":[{"href":"https:\/\/www.dentalxangtech.com\/es\/wp-json\/wp\/v2\/media?parent=3014"}],"wp:term":[{"taxonomy":"product_brand","embeddable":true,"href":"https:\/\/www.dentalxangtech.com\/es\/wp-json\/wp\/v2\/product_brand?post=3014"},{"taxonomy":"product_cat","embeddable":true,"href":"https:\/\/www.dentalxangtech.com\/es\/wp-json\/wp\/v2\/product_cat?post=3014"},{"taxonomy":"product_tag","embeddable":true,"href":"https:\/\/www.dentalxangtech.com\/es\/wp-json\/wp\/v2\/product_tag?post=3014"}],"curies":[{"name":"WP","href":"https:\/\/api.w.org\/{rel}","templated":true}]}}