{"id":3160,"date":"2024-11-27T14:56:20","date_gmt":"2024-11-27T06:56:20","guid":{"rendered":"http\/\/www.dentalxangtech.com\/?post_type=product&#038;p=3160"},"modified":"2024-12-24T15:32:24","modified_gmt":"2024-12-24T07:32:24","slug":"unshaded-3d-pro-multilayer-zirconia-block","status":"publish","type":"product","link":"https:\/\/www.dentalxangtech.com\/es\/product\/unshaded-3d-pro-multilayer-zirconia-block\/","title":{"rendered":"Bloque de zirconia multicapa 3D Pro sin sombra"},"content":{"rendered":"<p><span style=\"font-family: arial, helvetica, sans-serif; font-size: 14pt;\">El bloque de zirconia 3D sin sombra tiene alta resistencia y puede soportar varias tensiones como fuerzas de mordedura en la boca. Sus propiedades de alta resistencia hacen que tenga buena estabilidad y fiabilidad cuando se utiliza como material de restauraci\u00f3n dental. Aunque la zirconia sin sombra en s\u00ed misma tiene una cierta apariencia blanca, su est\u00e9tica es relativamente baja en comparaci\u00f3n con el color de los dientes naturales. En algunos pacientes con altos requisitos est\u00e9ticos, el tratamiento de coloraci\u00f3n puede ser necesario para coincidir mejor con el color de los dientes circundantes.<\/span><\/p>\n<p><span style=\"font-family: arial, helvetica, sans-serif; font-size: 14pt;\">El bloque de circonia 3D sin sombra es comparable al bloque de circonia coloreada en resistencia, y el bloque de circonia 3D sin sombra tiene una estabilidad similar al bloque de circonia coloreada en propiedades f\u00edsicas y qu\u00edmicas b\u00e1sicas. Aunque los bloques de circonia 3D sin color tienen un bajo grado de coincidencia con el color de los dientes naturales debido a su \u00fanico color, la coloraci\u00f3n puede hacer que el color del bloque de circonia se acerque a los dientes naturales, mejorando as\u00ed el efecto est\u00e9tico despu\u00e9s de la restauraci\u00f3n. Por ejemplo, al introducir un fluido colorante, el color de los bloques de zirconio puede estar muy cerca del color de los dientes naturales.<\/span><\/p>\n<p><span style=\"font-family: arial, helvetica, sans-serif; font-size: 14pt;\">La zirconia 3D sin color tiene un valor de aplicaci\u00f3n importante en la restauraci\u00f3n dental. Aunque su est\u00e9tica es relativamente baja, es comparable a la zirconia de color en estabilidad de rendimiento, e incluso tiene ventajas en algunos aspectos.<\/span><\/p>\n<ol>\n<li><span style=\"font-size: 14pt; font-family: arial, helvetica, sans-serif;\">Materias primas de alta calidad<\/span><\/li>\n<li><span style=\"font-size: 14pt; font-family: arial, helvetica, sans-serif;\">Excepcional resistencia al envejecimiento<\/span><\/li>\n<li><span style=\"font-size: 14pt; font-family: arial, helvetica, sans-serif;\">Mayor estabilidad de carga de fractura<\/span><\/li>\n<\/ol>","protected":false},"excerpt":{"rendered":"<p>Unshaded 3D zirconia block has high strength and can withstand various stresses such as bite forces in the mouth. Its high strength properties make it have good stability and reliability when used as a dental restoration material. Although unshaded zirconia itself has a certain white appearance, its aesthetics is relatively low compared to the color [&hellip;]<\/p>\n","protected":false},"featured_media":3161,"template":"","meta":{"_acf_changed":false},"product_brand":[],"product_cat":[51],"product_tag":[],"class_list":{"0":"post-3160","1":"product","2":"type-product","3":"status-publish","4":"has-post-thumbnail","6":"product_cat-multilayer-zirconia-blcok","8":"first","9":"instock","10":"shipping-taxable","11":"product-type-simple"},"acf":[],"_links":{"self":[{"href":"https:\/\/www.dentalxangtech.com\/es\/wp-json\/wp\/v2\/product\/3160","targetHints":{"allow":["GET"]}}],"collection":[{"href":"https:\/\/www.dentalxangtech.com\/es\/wp-json\/wp\/v2\/product"}],"about":[{"href":"https:\/\/www.dentalxangtech.com\/es\/wp-json\/wp\/v2\/types\/product"}],"wp:featuredmedia":[{"embeddable":true,"href":"https:\/\/www.dentalxangtech.com\/es\/wp-json\/wp\/v2\/media\/3161"}],"wp:attachment":[{"href":"https:\/\/www.dentalxangtech.com\/es\/wp-json\/wp\/v2\/media?parent=3160"}],"wp:term":[{"taxonomy":"product_brand","embeddable":true,"href":"https:\/\/www.dentalxangtech.com\/es\/wp-json\/wp\/v2\/product_brand?post=3160"},{"taxonomy":"product_cat","embeddable":true,"href":"https:\/\/www.dentalxangtech.com\/es\/wp-json\/wp\/v2\/product_cat?post=3160"},{"taxonomy":"product_tag","embeddable":true,"href":"https:\/\/www.dentalxangtech.com\/es\/wp-json\/wp\/v2\/product_tag?post=3160"}],"curies":[{"name":"WP","href":"https:\/\/api.w.org\/{rel}","templated":true}]}}