{"id":3167,"date":"2024-11-27T16:18:38","date_gmt":"2024-11-27T08:18:38","guid":{"rendered":"http\/\/www.dentalxangtech.com\/?post_type=product&#038;p=3167"},"modified":"2024-12-11T14:32:22","modified_gmt":"2024-12-11T06:32:22","slug":"unshaded-4d-multilayer-zirconia-block","status":"publish","type":"product","link":"https:\/\/www.dentalxangtech.com\/es\/product\/unshaded-4d-multilayer-zirconia-block\/","title":{"rendered":"Bloque de zirconia multicapa 4D sin sombra"},"content":{"rendered":"<p>El bloque de zirconia multicapa 4D sin sombra de XANGTECH representa el pin\u00e1culo de los materiales restauradores dentales, combinando tecnolog\u00eda de vanguardia con una est\u00e9tica inigualable. Dise\u00f1ado espec\u00edficamente para la restauraci\u00f3n de dientes frontales, este bloque de zirconia proporciona un equilibrio perfecto entre apariencia natural, integraci\u00f3n sin problemas y rendimiento excepcional. Con su innovadora tecnolog\u00eda de apilamiento de cinco capas y gradiente de color de nueve capas, el bloque de zirconia replica la belleza de los dientes naturales con una precisi\u00f3n notable. Las transiciones de color son completamente sin capas, lo que garantiza un gradiente suave y armonioso que mejora la calidad realista de cada restauraci\u00f3n. Esto lo convierte en una opci\u00f3n ideal para lograr restauraciones que son indistinguibles de la dentici\u00f3n natural.<\/p>\n<p>Una caracter\u00edstica destacada del bloque de zirconia multicapa 4D sin sombra XANGTECH es su versatilidad en flujos de trabajo de alta eficiencia. Su compatibilidad con t\u00e9cnicas de sinterizaci\u00f3n r\u00e1pida permite a los profesionales dentales producir resultados impresionantes en menos tiempo, satisfaciendo las demandas de las pr\u00e1cticas dentales modernas sin comprometer la calidad o la durabilidad. Meticulosamente dise\u00f1ado tanto para el atractivo est\u00e9tico como para la integridad estructural, este bloque de zirconia ofrece una estabilidad fiable y un rendimiento superior. Su dise\u00f1o sin sombra proporciona flexibilidad a los t\u00e9cnicos dentales, lo que les permite personalizar las restauraciones para satisfacer las necesidades individuales del paciente mientras mantiene resultados naturales y realistas. Ya sea que est\u00e9 elaborando coronas, chapas o puentes para la regi\u00f3n anterior, ofrece la soluci\u00f3n perfecta. Eleva tu pr\u00e1ctica dental con un material que encarna la combinaci\u00f3n ideal de belleza, eficiencia y fiabilidad.<\/p>\n<p>1. Amplia gama de aplicaci\u00f3n<br \/>\n2. Transici\u00f3n de color sin capa<br \/>\n3. Nueve capas de transici\u00f3n de color<br \/>\n4. Se puede aplicar a la tecnolog\u00eda de sinterizaci\u00f3n r\u00e1pida<\/p>","protected":false},"excerpt":{"rendered":"<p>XANGTECH unshaded 4D multilayer zirconia block represents the pinnacle of dental restorative materials, combining cutting-edge technology with unmatched aesthetics. Designed specifically for front teeth restorations, this zirconia block provides a perfect balance of natural appearance, seamless integration, and exceptional performance. With its innovative five-layer stacking and nine-layer color gradient technology, the zirconia block replicates the [&hellip;]<\/p>\n","protected":false},"featured_media":3346,"template":"","meta":{"_acf_changed":false},"product_brand":[],"product_cat":[51],"product_tag":[],"class_list":{"0":"post-3167","1":"product","2":"type-product","3":"status-publish","4":"has-post-thumbnail","6":"product_cat-multilayer-zirconia-blcok","8":"first","9":"instock","10":"shipping-taxable","11":"product-type-simple"},"acf":[],"_links":{"self":[{"href":"https:\/\/www.dentalxangtech.com\/es\/wp-json\/wp\/v2\/product\/3167","targetHints":{"allow":["GET"]}}],"collection":[{"href":"https:\/\/www.dentalxangtech.com\/es\/wp-json\/wp\/v2\/product"}],"about":[{"href":"https:\/\/www.dentalxangtech.com\/es\/wp-json\/wp\/v2\/types\/product"}],"wp:featuredmedia":[{"embeddable":true,"href":"https:\/\/www.dentalxangtech.com\/es\/wp-json\/wp\/v2\/media\/3346"}],"wp:attachment":[{"href":"https:\/\/www.dentalxangtech.com\/es\/wp-json\/wp\/v2\/media?parent=3167"}],"wp:term":[{"taxonomy":"product_brand","embeddable":true,"href":"https:\/\/www.dentalxangtech.com\/es\/wp-json\/wp\/v2\/product_brand?post=3167"},{"taxonomy":"product_cat","embeddable":true,"href":"https:\/\/www.dentalxangtech.com\/es\/wp-json\/wp\/v2\/product_cat?post=3167"},{"taxonomy":"product_tag","embeddable":true,"href":"https:\/\/www.dentalxangtech.com\/es\/wp-json\/wp\/v2\/product_tag?post=3167"}],"curies":[{"name":"WP","href":"https:\/\/api.w.org\/{rel}","templated":true}]}}