{"id":3179,"date":"2024-11-28T16:06:47","date_gmt":"2024-11-28T08:06:47","guid":{"rendered":"http\/\/www.dentalxangtech.com\/?post_type=product&#038;p=3179"},"modified":"2024-11-28T16:18:32","modified_gmt":"2024-11-28T08:18:32","slug":"roland-zirconia-milling-bur","status":"publish","type":"product","link":"https:\/\/www.dentalxangtech.com\/es\/product\/roland-zirconia-milling-bur\/","title":{"rendered":"Roland Zirconia fresadora Bur"},"content":{"rendered":"<p><span style=\"font-family: arial, helvetica, sans-serif; font-size: 14pt;\">Las borsas de fresado de zirconia Roland se utilizan ampliamente en restauraciones dentales, especialmente en el procesamiento de materiales de zirconia. El recubrimiento de diamante y el recubrimiento de carbono tipo diamante utilizado en estas borras les dan una larga vida \u00fatil y los mantienen afilados incluso en condiciones de trabajo de alta intensidad. El corte de precisi\u00f3n de estas bursas garantiza un corte preciso en materiales de zirconia, reduce el da\u00f1o t\u00e9rmico durante el procesamiento y garantiza la suavidad y la finura de la superficie de restauraci\u00f3n.<\/span><\/p>\n<p><span style=\"font-family: arial, helvetica, sans-serif; font-size: 14pt;\">Las borsas de fresado de zirconia Roland XANGTECH pueden trabajar de manera estable a altas velocidades y presiones, proporcionando un rendimiento de corte eficiente. Incluso cuando se procesan materiales duros de zirconia, pueden mantener un proceso de corte suave, reduciendo el da\u00f1o t\u00e9rmico y las grietas superficiales.<\/span><\/p>\n<p><span style=\"font-family: arial, helvetica, sans-serif; font-size: 14pt;\">Las borsas de fresado XANGTECH Roland son 100% compatibles con DWX-52D\/DWX-52DCi\/DWX-42W.<\/span><\/p>\n<p><span style=\"font-family: arial, helvetica, sans-serif; font-size: 14pt;\">XANGTECH Roland borsas de fresado dental son borsas de alta calidad con una resistencia al desgaste extremadamente alta. DLC revestido bur puede perforar 150 a 200 unidades de corona de zirconia. El bur recubierto de diamante puede molinar de 400 a 500 unidades de corona de zirconia.<\/span><\/p>\n<ol>\n<li><span style=\"font-family: arial, helvetica, sans-serif; font-size: 14pt;\">Super resistente al desgaste<\/span><\/li>\n<li><span style=\"font-family: arial, helvetica, sans-serif; font-size: 14pt;\">Alta precisi\u00f3n<\/span><\/li>\n<li><span style=\"font-family: arial, helvetica, sans-serif; font-size: 14pt;\"><span style=\"font-family: arial, helvetica, sans-serif; font-size: 14pt;\">100% compatible con el sistema Cad Cam<\/span><\/span><div style=\"width: 800px;\" class=\"wp-video\"><video class=\"wp-video-shortcode\" id=\"video-3179-1\" width=\"800\" height=\"450\" preload=\"metadata\" controls=\"controls\"><source type=\"video\/mp4\" src=\"https:\/\/www.dentalxangtech.com\/wp-content\/uploads\/2024\/11\/11\u670828\u65e5.mp4?_=1\" \/><a href=\"https:\/\/www.dentalxangtech.com\/wp-content\/uploads\/2024\/11\/11\u670828\u65e5.mp4\">https:\/\/www.dentalxangtech.com\/wp-content\/uploads\/2024\/11\/11\u670828\u65e5.mp4<\/a><\/video><\/div><\/li>\n<\/ol>","protected":false},"excerpt":{"rendered":"<p>Roland zirconia milling burs are widely used in dental restorations, especially in the processing of zirconia materials. The diamond coating and diamond-like carbon coating used on these burs give them a long service life and keep them sharp even under high-intensity working conditions. The precision cutting of these burs ensures accurate cutting on zirconia materials, [&hellip;]<\/p>\n","protected":false},"featured_media":3181,"template":"","meta":{"_acf_changed":false},"product_brand":[],"product_cat":[57],"product_tag":[],"class_list":{"0":"post-3179","1":"product","2":"type-product","3":"status-publish","4":"has-post-thumbnail","6":"product_cat-zirconia-milling-bur","8":"first","9":"instock","10":"shipping-taxable","11":"product-type-simple"},"acf":[],"_links":{"self":[{"href":"https:\/\/www.dentalxangtech.com\/es\/wp-json\/wp\/v2\/product\/3179","targetHints":{"allow":["GET"]}}],"collection":[{"href":"https:\/\/www.dentalxangtech.com\/es\/wp-json\/wp\/v2\/product"}],"about":[{"href":"https:\/\/www.dentalxangtech.com\/es\/wp-json\/wp\/v2\/types\/product"}],"wp:featuredmedia":[{"embeddable":true,"href":"https:\/\/www.dentalxangtech.com\/es\/wp-json\/wp\/v2\/media\/3181"}],"wp:attachment":[{"href":"https:\/\/www.dentalxangtech.com\/es\/wp-json\/wp\/v2\/media?parent=3179"}],"wp:term":[{"taxonomy":"product_brand","embeddable":true,"href":"https:\/\/www.dentalxangtech.com\/es\/wp-json\/wp\/v2\/product_brand?post=3179"},{"taxonomy":"product_cat","embeddable":true,"href":"https:\/\/www.dentalxangtech.com\/es\/wp-json\/wp\/v2\/product_cat?post=3179"},{"taxonomy":"product_tag","embeddable":true,"href":"https:\/\/www.dentalxangtech.com\/es\/wp-json\/wp\/v2\/product_tag?post=3179"}],"curies":[{"name":"WP","href":"https:\/\/api.w.org\/{rel}","templated":true}]}}