{"id":3196,"date":"2024-11-28T17:18:25","date_gmt":"2024-11-28T09:18:25","guid":{"rendered":"http\/\/www.dentalxangtech.com\/?post_type=product&#038;p=3196"},"modified":"2024-11-29T16:03:30","modified_gmt":"2024-11-29T08:03:30","slug":"mcxl-milling-bur","status":"publish","type":"product","link":"https:\/\/www.dentalxangtech.com\/es\/product\/mcxl-milling-bur\/","title":{"rendered":"Borra de fresado MCXL"},"content":{"rendered":"<p>XANGTECH dental mcxl fresadora bur es una herramienta de vanguardia dise\u00f1ada para satisfacer las rigurosas demandas de la fresadora dental moderna. Dise\u00f1ado para la precisi\u00f3n, la durabilidad y la eficiencia, este fresador es una opci\u00f3n confiable para los profesionales dentales que buscan resultados de alta calidad. Si usted&#8217; Refabricando coronas, puentes, chapas o incrustaciones, asegura un rendimiento superior e integraci\u00f3n sin problemas con los sistemas de fresado MCXL. Hecho de carburo de tungsteno premium, est\u00e1 dise\u00f1ado para soportar un uso intenso, procesando hasta 25-35 unidades dentales por bur. Esta durabilidad garantiza un rendimiento consistente, incluso en entornos de alta demanda. El borde de corte ultraafilado permite fresar de alta precisi\u00f3n, proporcionando restauraciones con detalles complejos y un ajuste perfecto. Esta precisi\u00f3n reduce los remakes y garantiza la satisfacci\u00f3n del paciente. Dise\u00f1ado con la comodidad del usuario en mente, es f\u00e1cil de instalar, reemplazar y mantener, reduciendo el tiempo de inactividad de la m\u00e1quina y mejorando la eficiencia del flujo de trabajo tanto en laboratorios dentales como en cl\u00ednicas. Su capacidad para ofrecer una fresadora m\u00e1s r\u00e1pida sin comprometer la calidad garantiza que los profesionales dentales puedan mantener la productividad mientras cumplen con los altos est\u00e1ndares de la odontolog\u00eda restaurativa moderna.<\/p>\n<p>Su corte de precisi\u00f3n tambi\u00e9n reduce los residuos de material, lo que lo hace no solo rentable sino tambi\u00e9n respetuoso con el medio ambiente. Al optimizar el uso de materiales y agilizar los procesos de producci\u00f3n, contribuye a un enfoque eficiente y sostenible de la restauraci\u00f3n dental. Apoyada por la reputaci\u00f3n de innovaci\u00f3n y calidad de XANGTECH, esta burra de fresado es un testimonio de la dedicaci\u00f3n de la compa\u00f1\u00eda a avanzar en el campo de la tecnolog\u00eda dental. Ya sea la creaci\u00f3n de restauraciones permanentes o soluciones temporales, los profesionales dentales pueden confiar en \u00e9l para ofrecer resultados consistentes y de alta calidad que mejoren la satisfacci\u00f3n del paciente y eleven los est\u00e1ndares de atenci\u00f3n. Esta herramienta es una adici\u00f3n indispensable a cualquier pr\u00e1ctica dental que busque precisi\u00f3n, fiabilidad y excelencia en fresado CAD \/ CAM.<\/p>\n<p>1. Puede procesar coronas de vidrio de cer\u00e1mica 25-35<br \/>\n2. Alta precisi\u00f3n y rendimiento estable<br \/>\n3. F\u00e1cil de operar<br \/>\n4. Larga vida \u00fatil<\/p>","protected":false},"excerpt":{"rendered":"<p>XANGTECH dental mcxl milling bur is a cutting-edge tool designed to meet the rigorous demands of modern dental milling. Engineered for precision, durability, and efficiency, this milling bur is a reliable choice for dental professionals seeking high-quality results. Whether you&#8217;re crafting crowns, bridges, veneers, or inlays, it ensures superior performance and seamless integration with MCXL [&hellip;]<\/p>\n","protected":false},"featured_media":3198,"template":"","meta":{"_acf_changed":false},"product_brand":[],"product_cat":[56],"product_tag":[],"class_list":{"0":"post-3196","1":"product","2":"type-product","3":"status-publish","4":"has-post-thumbnail","6":"product_cat-ceramic-glass-milling-bur","8":"first","9":"instock","10":"shipping-taxable","11":"product-type-simple"},"acf":[],"_links":{"self":[{"href":"https:\/\/www.dentalxangtech.com\/es\/wp-json\/wp\/v2\/product\/3196","targetHints":{"allow":["GET"]}}],"collection":[{"href":"https:\/\/www.dentalxangtech.com\/es\/wp-json\/wp\/v2\/product"}],"about":[{"href":"https:\/\/www.dentalxangtech.com\/es\/wp-json\/wp\/v2\/types\/product"}],"wp:featuredmedia":[{"embeddable":true,"href":"https:\/\/www.dentalxangtech.com\/es\/wp-json\/wp\/v2\/media\/3198"}],"wp:attachment":[{"href":"https:\/\/www.dentalxangtech.com\/es\/wp-json\/wp\/v2\/media?parent=3196"}],"wp:term":[{"taxonomy":"product_brand","embeddable":true,"href":"https:\/\/www.dentalxangtech.com\/es\/wp-json\/wp\/v2\/product_brand?post=3196"},{"taxonomy":"product_cat","embeddable":true,"href":"https:\/\/www.dentalxangtech.com\/es\/wp-json\/wp\/v2\/product_cat?post=3196"},{"taxonomy":"product_tag","embeddable":true,"href":"https:\/\/www.dentalxangtech.com\/es\/wp-json\/wp\/v2\/product_tag?post=3196"}],"curies":[{"name":"WP","href":"https:\/\/api.w.org\/{rel}","templated":true}]}}