{"id":3204,"date":"2024-11-29T15:55:49","date_gmt":"2024-11-29T07:55:49","guid":{"rendered":"http\/\/www.dentalxangtech.com\/?post_type=product&#038;p=3204"},"modified":"2024-11-29T15:55:49","modified_gmt":"2024-11-29T07:55:49","slug":"roland-pmma-milling-bur","status":"publish","type":"product","link":"https:\/\/www.dentalxangtech.com\/es\/product\/roland-pmma-milling-bur\/","title":{"rendered":"Bur de fresado Roland PMMA"},"content":{"rendered":"<p><span style=\"font-family: arial, helvetica, sans-serif; font-size: 14pt;\">Las borsas de fresado Roland PMMA de XANGTECH son herramientas de grabado dise\u00f1adas espec\u00edficamente para materiales de resina (como PMMA, resina compuesta, etc.) y generalmente se usan para procesar materiales de resina en m\u00e1quinas de grabado CNC o equipos CAD \/ CAM. El fresador est\u00e1 dise\u00f1ado para producir un acabado superficial liso en PMMA, lo que es esencial para aplicaciones dentales donde la apariencia, la comodidad y el ajuste son importantes. La superficie lisa reduce la necesidad de etapas de acabado adicionales y proporciona un resultado de alta calidad que est\u00e1 listo para su uso o procesamiento adicional.<\/span><\/p>\n<p><span style=\"font-family: arial, helvetica, sans-serif; font-size: 14pt;\">El PMMA es sensible al calor, y la acumulaci\u00f3n excesiva de calor durante la fresadora puede conducir a la deformaci\u00f3n o grietas del material. Las borsas de fresado Xangtech Roland est\u00e1n dise\u00f1adas para minimizar la generaci\u00f3n de calor durante el corte, asegurando que el material permanezca intacto y sin da\u00f1os.<\/span><\/p>\n<p><span style=\"font-family: arial, helvetica, sans-serif; font-size: 14pt;\">Las borsas de fresado Roland PMMA est\u00e1n dise\u00f1adas para trabajar con las m\u00e1quinas de fresado dental de Roland, como la serie DWX (por ejemplo, DWX-4, DWX-52DC), que son populares en laboratorios y cl\u00ednicas dentales. Las bursas est\u00e1n dise\u00f1adas para funcionar sin problemas con el software y el sistema de control de la m\u00e1quina, garantizando un rendimiento eficiente y fiable.<\/span><\/p>\n<p><span style=\"font-family: arial, helvetica, sans-serif; font-size: 14pt;\">Las borsas de fresado Roland PMMA se integran sin problemas en los flujos de trabajo dentales digitales, ayudando a los t\u00e9cnicos a pasar del dise\u00f1o CAD al producto final con un m\u00ednimo esfuerzo. Esta integraci\u00f3n acelera todo el proceso de restauraci\u00f3n.<\/span><\/p>\n<div style=\"width: 800px;\" class=\"wp-video\"><video class=\"wp-video-shortcode\" id=\"video-3204-1\" width=\"800\" height=\"450\" preload=\"metadata\" controls=\"controls\"><source type=\"video\/mp4\" src=\"https:\/\/www.dentalxangtech.com\/wp-content\/uploads\/2024\/11\/roland-pmma-bur-video.mp4?_=1\" \/><a href=\"https:\/\/www.dentalxangtech.com\/wp-content\/uploads\/2024\/11\/roland-pmma-bur-video.mp4\">https:\/\/www.dentalxangtech.com\/wp-content\/uploads\/2024\/11\/roland-pmma-bur-video.mp4<\/a><\/video><\/div>","protected":false},"excerpt":{"rendered":"<p>XANGTECH Roland PMMA milling burs are engraving tools designed specifically for resin materials (such as PMMA, composite resin, etc.), and are usually used to process resin materials in CNC engraving machines or CAD\/CAM equipment. The milling bur is engineered to produce a smooth surface finish on PMMA, which is essential for dental applications where appearance, [&hellip;]<\/p>\n","protected":false},"featured_media":3216,"template":"","meta":{"_acf_changed":false},"product_brand":[],"product_cat":[55],"product_tag":[],"class_list":{"0":"post-3204","1":"product","2":"type-product","3":"status-publish","4":"has-post-thumbnail","6":"product_cat-pmma-milling-bur","8":"first","9":"instock","10":"shipping-taxable","11":"product-type-simple"},"acf":[],"_links":{"self":[{"href":"https:\/\/www.dentalxangtech.com\/es\/wp-json\/wp\/v2\/product\/3204","targetHints":{"allow":["GET"]}}],"collection":[{"href":"https:\/\/www.dentalxangtech.com\/es\/wp-json\/wp\/v2\/product"}],"about":[{"href":"https:\/\/www.dentalxangtech.com\/es\/wp-json\/wp\/v2\/types\/product"}],"wp:featuredmedia":[{"embeddable":true,"href":"https:\/\/www.dentalxangtech.com\/es\/wp-json\/wp\/v2\/media\/3216"}],"wp:attachment":[{"href":"https:\/\/www.dentalxangtech.com\/es\/wp-json\/wp\/v2\/media?parent=3204"}],"wp:term":[{"taxonomy":"product_brand","embeddable":true,"href":"https:\/\/www.dentalxangtech.com\/es\/wp-json\/wp\/v2\/product_brand?post=3204"},{"taxonomy":"product_cat","embeddable":true,"href":"https:\/\/www.dentalxangtech.com\/es\/wp-json\/wp\/v2\/product_cat?post=3204"},{"taxonomy":"product_tag","embeddable":true,"href":"https:\/\/www.dentalxangtech.com\/es\/wp-json\/wp\/v2\/product_tag?post=3204"}],"curies":[{"name":"WP","href":"https:\/\/api.w.org\/{rel}","templated":true}]}}