{"id":3228,"date":"2024-12-02T15:45:49","date_gmt":"2024-12-02T07:45:49","guid":{"rendered":"http\/\/www.dentalxangtech.com\/?post_type=product&#038;p=3228"},"modified":"2024-12-02T15:45:49","modified_gmt":"2024-12-02T07:45:49","slug":"roland-wet-milling-bur","status":"publish","type":"product","link":"https:\/\/www.dentalxangtech.com\/es\/product\/roland-wet-milling-bur\/","title":{"rendered":"Roland fresadora h\u00fameda"},"content":{"rendered":"<p><span style=\"font-family: arial, helvetica, sans-serif; font-size: 14pt;\">Las borsas de fresado h\u00famedo Roland ofrecen precisi\u00f3n, eficiencia y acabado superficial excepcional, lo que las convierte en un componente esencial de Roland&#8217; sistemas CAD\/CAM dentales, particularmente las fresadoras de la serie DWX. Dise\u00f1ado para sistemas de fresado en h\u00famedo, puede disipar eficientemente el calor en entorno de corte en h\u00famedo, reducir la acumulaci\u00f3n de calor durante el corte y evitar que el material se sobrecalente o se agriete. La combinaci\u00f3n de fresado en h\u00famedo y bursas de ingenier\u00eda de precisi\u00f3n reduce significativamente el riesgo de chipping o rotura de materiales fr\u00e1giles como cer\u00e1mica y disilicatos de litio.<\/span><\/p>\n<p><span style=\"font-family: arial, helvetica, sans-serif; font-size: 14pt;\">Las borsas de fresado h\u00famedo Roland est\u00e1n hechas de carburo de tungsteno para mejorar la resistencia al desgaste y el rendimiento de corte. Producen una superficie lisa y pulida, minimizando la necesidad de pulido post-fresado, logrando la alta translucidez y apariencia natural requeridas para las restauraciones de disilicato de litio, asegurando que las restauraciones cumplan con los requisitos est\u00e9ticos y funcionales.<\/span><\/p>\n<p><span style=\"font-family: arial, helvetica, sans-serif; font-size: 14pt;\">Las borsas de fresado h\u00famedo Roland se utilizan para fresar coronas, puentes, chapas, incrustaciones y superposiciones en cer\u00e1mica de disilicato de litio. Ideal para restauraciones anteriores y posteriores donde la resistencia y la est\u00e9tica son cr\u00edticas<\/span><\/p>\n<div style=\"width: 800px;\" class=\"wp-video\"><video class=\"wp-video-shortcode\" id=\"video-3228-1\" width=\"800\" height=\"450\" preload=\"metadata\" controls=\"controls\"><source type=\"video\/mp4\" src=\"https:\/\/www.dentalxangtech.com\/wp-content\/uploads\/2024\/12\/Roland-wet-1.mp4?_=1\" \/><a href=\"https:\/\/www.dentalxangtech.com\/wp-content\/uploads\/2024\/12\/Roland-wet-1.mp4\">https:\/\/www.dentalxangtech.com\/wp-content\/uploads\/2024\/12\/Roland-wet-1.mp4<\/a><\/video><\/div>\n<p>&nbsp;<\/p>","protected":false},"excerpt":{"rendered":"<p>Roland wet milling burs deliver precision, efficiency, and exceptional surface finish, making them an essential component of Roland&#8217;s dental CAD\/CAM systems, particularly the DWX series milling machines. Designed for wet milling systems, it can efficiently dissipate heat in wet cutting environment, reduce heat accumulation during cutting, and prevent material from overheating or cracking. The combination [&hellip;]<\/p>\n","protected":false},"featured_media":3233,"template":"","meta":{"_acf_changed":false},"product_brand":[],"product_cat":[56],"product_tag":[],"class_list":{"0":"post-3228","1":"product","2":"type-product","3":"status-publish","4":"has-post-thumbnail","6":"product_cat-ceramic-glass-milling-bur","8":"first","9":"instock","10":"shipping-taxable","11":"product-type-simple"},"acf":[],"_links":{"self":[{"href":"https:\/\/www.dentalxangtech.com\/es\/wp-json\/wp\/v2\/product\/3228","targetHints":{"allow":["GET"]}}],"collection":[{"href":"https:\/\/www.dentalxangtech.com\/es\/wp-json\/wp\/v2\/product"}],"about":[{"href":"https:\/\/www.dentalxangtech.com\/es\/wp-json\/wp\/v2\/types\/product"}],"wp:featuredmedia":[{"embeddable":true,"href":"https:\/\/www.dentalxangtech.com\/es\/wp-json\/wp\/v2\/media\/3233"}],"wp:attachment":[{"href":"https:\/\/www.dentalxangtech.com\/es\/wp-json\/wp\/v2\/media?parent=3228"}],"wp:term":[{"taxonomy":"product_brand","embeddable":true,"href":"https:\/\/www.dentalxangtech.com\/es\/wp-json\/wp\/v2\/product_brand?post=3228"},{"taxonomy":"product_cat","embeddable":true,"href":"https:\/\/www.dentalxangtech.com\/es\/wp-json\/wp\/v2\/product_cat?post=3228"},{"taxonomy":"product_tag","embeddable":true,"href":"https:\/\/www.dentalxangtech.com\/es\/wp-json\/wp\/v2\/product_tag?post=3228"}],"curies":[{"name":"WP","href":"https:\/\/api.w.org\/{rel}","templated":true}]}}