{"id":3241,"date":"2024-12-02T17:15:48","date_gmt":"2024-12-02T09:15:48","guid":{"rendered":"http\/\/www.dentalxangtech.com\/?post_type=product&#038;p=3241"},"modified":"2024-12-02T17:15:48","modified_gmt":"2024-12-02T09:15:48","slug":"zirkonzahn-milling-bur","status":"publish","type":"product","link":"https:\/\/www.dentalxangtech.com\/es\/product\/zirkonzahn-milling-bur\/","title":{"rendered":"Zirkonzahn fresadora"},"content":{"rendered":"<p><span style=\"font-family: arial, helvetica, sans-serif; font-size: 14pt;\">Las borsas de fresado en h\u00famedo Zirkonzahn M1 son herramientas de corte de alto rendimiento dise\u00f1adas para procesar materiales de vidrio cer\u00e1mico. Se utilizan ampliamente en sistemas CAD\/CAM dentales para la fabricaci\u00f3n de restauraciones dentales como coronas totalmente cer\u00e1micas, chapas, incrustaciones, etc. Est\u00e1 dise\u00f1ado espec\u00edficamente para el sistema de fresado en h\u00famedo Zirkonzahn M1 para garantizar una cooperaci\u00f3n sin costuras, mejorar la estabilidad y la eficiencia del procesamiento. Cuando se utiliza con refrigerante, puede reducir la temperatura durante el proceso de fresado, reducir el da\u00f1o t\u00e9rmico y prolongar la vida \u00fatil de las borras.<\/span><\/p>\n<p><span style=\"font-family: arial, helvetica, sans-serif; font-size: 14pt;\">Las borsas de fresado h\u00famedo Zirkonzahn M1 pueden fresar con precisi\u00f3n materiales de vidrio cer\u00e1mico, reducir grietas y colapso de bordes durante el proceso de fresado y garantizar la integridad y la resistencia de la restauraci\u00f3n. Las bursas pueden mantener resultados de corte consistentes durante el uso a largo plazo, mejorando efectivamente la eficiencia del trabajo. En un entorno de fresado h\u00famedo, las borsas pueden mantener una temperatura de fresado baja para evitar da\u00f1os t\u00e9rmicos. Dise\u00f1ado espec\u00edficamente para Zirkonzahn&#8217; s sistema CAD \/ CAM y equipo de fresado h\u00famedo, es adecuado para el procesamiento de restauraci\u00f3n dental multifuncional de alta precisi\u00f3n y puede optimizar los efectos de fresado y la precisi\u00f3n del procesamiento.<\/span><\/p>\n<div style=\"width: 800px;\" class=\"wp-video\"><video class=\"wp-video-shortcode\" id=\"video-3241-1\" width=\"800\" height=\"450\" preload=\"metadata\" controls=\"controls\"><source type=\"video\/mp4\" src=\"https:\/\/www.dentalxangtech.com\/wp-content\/uploads\/2024\/12\/Zirkonzahn-Emax-milling-bur-video.mp4?_=1\" \/><a href=\"https:\/\/www.dentalxangtech.com\/wp-content\/uploads\/2024\/12\/Zirkonzahn-Emax-milling-bur-video.mp4\">https:\/\/www.dentalxangtech.com\/wp-content\/uploads\/2024\/12\/Zirkonzahn-Emax-milling-bur-video.mp4<\/a><\/video><\/div>","protected":false},"excerpt":{"rendered":"<p>Zirkonzahn M1wet milling burs are high-performance cutting tools designed for processing glass ceramic materials. They are widely used in dental CAD\/CAM systems for manufacturing dental restorations such as all-ceramic crowns, veneers, inlays, etc. It is designed specifically for the Zirkonzahn M1 wet milling system to ensure seamless cooperation, improve processing stability and efficiency. When used [&hellip;]<\/p>\n","protected":false},"featured_media":3244,"template":"","meta":{"_acf_changed":false},"product_brand":[],"product_cat":[56],"product_tag":[],"class_list":{"0":"post-3241","1":"product","2":"type-product","3":"status-publish","4":"has-post-thumbnail","6":"product_cat-ceramic-glass-milling-bur","8":"first","9":"instock","10":"shipping-taxable","11":"product-type-simple"},"acf":[],"_links":{"self":[{"href":"https:\/\/www.dentalxangtech.com\/es\/wp-json\/wp\/v2\/product\/3241","targetHints":{"allow":["GET"]}}],"collection":[{"href":"https:\/\/www.dentalxangtech.com\/es\/wp-json\/wp\/v2\/product"}],"about":[{"href":"https:\/\/www.dentalxangtech.com\/es\/wp-json\/wp\/v2\/types\/product"}],"wp:featuredmedia":[{"embeddable":true,"href":"https:\/\/www.dentalxangtech.com\/es\/wp-json\/wp\/v2\/media\/3244"}],"wp:attachment":[{"href":"https:\/\/www.dentalxangtech.com\/es\/wp-json\/wp\/v2\/media?parent=3241"}],"wp:term":[{"taxonomy":"product_brand","embeddable":true,"href":"https:\/\/www.dentalxangtech.com\/es\/wp-json\/wp\/v2\/product_brand?post=3241"},{"taxonomy":"product_cat","embeddable":true,"href":"https:\/\/www.dentalxangtech.com\/es\/wp-json\/wp\/v2\/product_cat?post=3241"},{"taxonomy":"product_tag","embeddable":true,"href":"https:\/\/www.dentalxangtech.com\/es\/wp-json\/wp\/v2\/product_tag?post=3241"}],"curies":[{"name":"WP","href":"https:\/\/api.w.org\/{rel}","templated":true}]}}