{"id":3258,"date":"2024-12-03T17:05:57","date_gmt":"2024-12-03T09:05:57","guid":{"rendered":"http\/\/www.dentalxangtech.com\/?post_type=product&#038;p=3258"},"modified":"2024-12-03T17:05:57","modified_gmt":"2024-12-03T09:05:57","slug":"amann-girrbach-milling-bur","status":"publish","type":"product","link":"https:\/\/www.dentalxangtech.com\/es\/product\/amann-girrbach-milling-bur\/","title":{"rendered":"Amann Girrbach fresadora"},"content":{"rendered":"<p><span style=\"font-family: arial, helvetica, sans-serif; font-size: 14pt;\">Las borbas de fresado de zirconia Amann Girrbach de XANGTECH se someten a rigurosas pruebas de calidad para garantizar que cada borba cumpla con altos est\u00e1ndares de calidad, proporcionando as\u00ed herramientas estables y fiables para el trabajo de restauraci\u00f3n dental.<\/span><\/p>\n<p><span style=\"font-family: arial, helvetica, sans-serif; font-size: 14pt;\">El fresador de zirconia Amann Girrbach utiliza un recubrimiento de diamante o carbono similar al diamante, lo que le da una excelente dureza, resistencia al desgaste y resistencia a la corrosi\u00f3n para garantizar que sea suficiente para manejar materiales de alta resistencia. Las borsas de fresado de zirconia Amann Girrbach son ideales para elaborar coronas, puentes, incrustaciones y onlays de zirconia de alta calidad. Dise\u00f1adas para la resistencia al desgaste, estas rebajas mantienen su nitidez y rendimiento de corte incluso bajo altas cargas de trabajo. Las borsas de fresado de zirconia Amann Girrbach est\u00e1n dise\u00f1adas para una integraci\u00f3n perfecta con los sistemas Amann Girrbach, garantizando resultados \u00f3ptimos.<\/span><\/p>\n<div style=\"width: 800px;\" class=\"wp-video\"><video class=\"wp-video-shortcode\" id=\"video-3258-1\" width=\"800\" height=\"450\" preload=\"metadata\" controls=\"controls\"><source type=\"video\/mp4\" src=\"https:\/\/www.dentalxangtech.com\/wp-content\/uploads\/2024\/12\/amann-zirconia-bur-video.mp4?_=1\" \/><a href=\"https:\/\/www.dentalxangtech.com\/wp-content\/uploads\/2024\/12\/amann-zirconia-bur-video.mp4\">https:\/\/www.dentalxangtech.com\/wp-content\/uploads\/2024\/12\/amann-zirconia-bur-video.mp4<\/a><\/video><\/div>","protected":false},"excerpt":{"rendered":"<p>XANGTECH Amann Girrbach zirconia milling burs undergo rigorous quality testing to ensure that each bur meets high quality standards, thus providing stable and reliable tools for dental restoration work. Amann Girrbach zirconia milling burs can be well matched with the common CAD\/CAM machining systems on the market, providing convenience for the digital dental restoration process [&hellip;]<\/p>\n","protected":false},"featured_media":3261,"template":"","meta":{"_acf_changed":false},"product_brand":[],"product_cat":[57],"product_tag":[],"class_list":{"0":"post-3258","1":"product","2":"type-product","3":"status-publish","4":"has-post-thumbnail","6":"product_cat-zirconia-milling-bur","8":"first","9":"instock","10":"shipping-taxable","11":"product-type-simple"},"acf":[],"_links":{"self":[{"href":"https:\/\/www.dentalxangtech.com\/es\/wp-json\/wp\/v2\/product\/3258","targetHints":{"allow":["GET"]}}],"collection":[{"href":"https:\/\/www.dentalxangtech.com\/es\/wp-json\/wp\/v2\/product"}],"about":[{"href":"https:\/\/www.dentalxangtech.com\/es\/wp-json\/wp\/v2\/types\/product"}],"wp:featuredmedia":[{"embeddable":true,"href":"https:\/\/www.dentalxangtech.com\/es\/wp-json\/wp\/v2\/media\/3261"}],"wp:attachment":[{"href":"https:\/\/www.dentalxangtech.com\/es\/wp-json\/wp\/v2\/media?parent=3258"}],"wp:term":[{"taxonomy":"product_brand","embeddable":true,"href":"https:\/\/www.dentalxangtech.com\/es\/wp-json\/wp\/v2\/product_brand?post=3258"},{"taxonomy":"product_cat","embeddable":true,"href":"https:\/\/www.dentalxangtech.com\/es\/wp-json\/wp\/v2\/product_cat?post=3258"},{"taxonomy":"product_tag","embeddable":true,"href":"https:\/\/www.dentalxangtech.com\/es\/wp-json\/wp\/v2\/product_tag?post=3258"}],"curies":[{"name":"WP","href":"https:\/\/api.w.org\/{rel}","templated":true}]}}