{"id":3273,"date":"2024-12-04T16:20:52","date_gmt":"2024-12-04T08:20:52","guid":{"rendered":"http\/\/www.dentalxangtech.com\/?post_type=product&#038;p=3273"},"modified":"2024-12-04T16:20:52","modified_gmt":"2024-12-04T08:20:52","slug":"yenadent-milling-bur","status":"publish","type":"product","link":"https:\/\/www.dentalxangtech.com\/es\/product\/yenadent-milling-bur\/","title":{"rendered":"Yenadent fresadora"},"content":{"rendered":"<p><span style=\"font-family: arial, helvetica, sans-serif; font-size: 14pt;\">Las borsas de fresado Yenadent est\u00e1n hechas de materiales de primera calidad como carburo de tungsteno, diamante y acero. Estos materiales son muy duraderos y pueden soportar las rotaciones de alta velocidad requeridas durante las operaciones de fresado y corte dental. Las borsas de fresado Yenadent est\u00e1n dise\u00f1adas para proporcionar una acci\u00f3n de corte precisa, garantizando una vibraci\u00f3n m\u00ednima y una precisi\u00f3n superior. Esto es esencial para lograr un ajuste perfecto en las restauraciones dentales, especialmente en los trabajos de corona y puente.<\/span><br \/>\n<span style=\"font-family: arial, helvetica, sans-serif; font-size: 14pt;\">Las borsas de fresado de Yenadent son compatibles con una amplia gama de m\u00e1quinas de fresado utilizadas en laboratorios y cl\u00ednicas dentales, incluidos los sistemas de fresado de dise\u00f1o asistido por computadora (CAD). La ergonom\u00eda es una consideraci\u00f3n clave en el dise\u00f1o de las borsas de fresado Yenadent. Sus v\u00e1stagos est\u00e1n dise\u00f1ados para facilitar el manejo y encajar de forma segura en las piezas de mano dentales m\u00e1s usadas. Esto garantiza el control de precisi\u00f3n durante el fresado y reduce la fatiga de las manos durante procedimientos prolongados.<\/span><br \/>\n<span style=\"font-family: arial, helvetica, sans-serif; font-size: 14pt;\">El fresador Yenadent es adecuado para diversas operaciones dentales, con especial \u00e9nfasis en la universalidad y la adaptabilidad, y es capaz de manejar una amplia gama de materiales dentales como porcelana, resinas compuestas, aleaciones met\u00e1licas, resinas, aleaciones de cobalto-cromo, etc. El dise\u00f1o de tratamiento superficial de las fresadoras dentales Yenadent reduce la acumulaci\u00f3n de suciedad y es f\u00e1cil de limpiar despu\u00e9s del uso para mantenerlas en buenas condiciones de trabajo.<\/span><\/p>\n<div style=\"width: 800px;\" class=\"wp-video\"><video class=\"wp-video-shortcode\" id=\"video-3273-1\" width=\"800\" height=\"450\" preload=\"metadata\" controls=\"controls\"><source type=\"video\/mp4\" src=\"https:\/\/www.dentalxangtech.com\/wp-content\/uploads\/2024\/12\/yenadent-metal-bur-video.mp4?_=1\" \/><a href=\"https:\/\/www.dentalxangtech.com\/wp-content\/uploads\/2024\/12\/yenadent-metal-bur-video.mp4\">https:\/\/www.dentalxangtech.com\/wp-content\/uploads\/2024\/12\/yenadent-metal-bur-video.mp4<\/a><\/video><\/div>","protected":false},"excerpt":{"rendered":"<p>Yenadent milling burs are made from premium materials like tungsten carbide, diamond, and steel. These materials are highly durable and can withstand the high-speed rotations required during dental milling and cutting operations.Yenadent milling burs are designed to provide precise cutting action, ensuring minimal vibration and superior accuracy. This is essential for achieving a perfect fit [&hellip;]<\/p>\n","protected":false},"featured_media":3274,"template":"","meta":{"_acf_changed":false},"product_brand":[],"product_cat":[54],"product_tag":[],"class_list":{"0":"post-3273","1":"product","2":"type-product","3":"status-publish","4":"has-post-thumbnail","6":"product_cat-metal-milling-bur","8":"first","9":"instock","10":"shipping-taxable","11":"product-type-simple"},"acf":[],"_links":{"self":[{"href":"https:\/\/www.dentalxangtech.com\/es\/wp-json\/wp\/v2\/product\/3273","targetHints":{"allow":["GET"]}}],"collection":[{"href":"https:\/\/www.dentalxangtech.com\/es\/wp-json\/wp\/v2\/product"}],"about":[{"href":"https:\/\/www.dentalxangtech.com\/es\/wp-json\/wp\/v2\/types\/product"}],"wp:featuredmedia":[{"embeddable":true,"href":"https:\/\/www.dentalxangtech.com\/es\/wp-json\/wp\/v2\/media\/3274"}],"wp:attachment":[{"href":"https:\/\/www.dentalxangtech.com\/es\/wp-json\/wp\/v2\/media?parent=3273"}],"wp:term":[{"taxonomy":"product_brand","embeddable":true,"href":"https:\/\/www.dentalxangtech.com\/es\/wp-json\/wp\/v2\/product_brand?post=3273"},{"taxonomy":"product_cat","embeddable":true,"href":"https:\/\/www.dentalxangtech.com\/es\/wp-json\/wp\/v2\/product_cat?post=3273"},{"taxonomy":"product_tag","embeddable":true,"href":"https:\/\/www.dentalxangtech.com\/es\/wp-json\/wp\/v2\/product_tag?post=3273"}],"curies":[{"name":"WP","href":"https:\/\/api.w.org\/{rel}","templated":true}]}}