{"id":3286,"date":"2024-12-04T16:56:29","date_gmt":"2024-12-04T08:56:29","guid":{"rendered":"http\/\/www.dentalxangtech.com\/?post_type=product&#038;p=3286"},"modified":"2024-12-04T16:56:29","modified_gmt":"2024-12-04T08:56:29","slug":"vhf-milling-bur","status":"publish","type":"product","link":"https:\/\/www.dentalxangtech.com\/es\/product\/vhf-milling-bur\/","title":{"rendered":"Borra de fresado VHF"},"content":{"rendered":"<p><span style=\"font-family: arial, helvetica, sans-serif; font-size: 14pt;\">VHF fresado bur es adecuado para VHF&#8217; s sistemas de fresado (como K5, R5, etc.), y es altamente compatible con VHF&#8217; sistemas de hardware y software, garantizando un rendimiento de fresado eficiente y resultados precisos. Proporciona alta precisi\u00f3n, alto rendimiento y larga vida \u00fatil, y es particularmente adecuado para el procesamiento de restauraciones dentales complejas y materiales duros.<\/span><br \/>\n<span style=\"font-family: arial, helvetica, sans-serif; font-size: 14pt;\">VHF&#8217; El dise\u00f1o de la fresadora se centra en el corte de alta precisi\u00f3n y eficiente, utilizando materiales de alta calidad (como recubrimiento de diamantes) y tiene una geometr\u00eda optimizada para garantizar que permanezca afilada durante la fresadora de alta velocidad y alta carga. VHF K5 Milling Bur es adecuado para una variedad de materiales como zirconia, Emax, aleaci\u00f3n de cobalto-cromo, aleaci\u00f3n de titanio, etc., y puede proporcionar acabado superficial fino y procesamiento de alta precisi\u00f3n.<\/span><br \/>\n<span style=\"font-family: arial, helvetica, sans-serif; font-size: 14pt;\">VHF K5 fresadora bur combinado con VHF K5 fresadora&#8217; La tecnolog\u00eda de fresado de 5 ejes puede proporcionar una precisi\u00f3n y flexibilidad de procesamiento extremadamente altas, especialmente para restauraciones con formas, profundidades y estructuras internas complejas. La combinaci\u00f3n perfecta con el equipo VHF le permite realizar su mejor rendimiento durante el procesamiento fino. Las fresadoras VHF son ideales para la producci\u00f3n en grandes vol\u00famenes, especialmente cuando se requiere un mecanizado eficiente y preciso, como la fabricaci\u00f3n de restauraci\u00f3n rutinaria en laboratorios dentales o la producci\u00f3n estandarizada de restauraci\u00f3n de implantes.<\/span><\/p>\n<div style=\"width: 800px;\" class=\"wp-video\"><video class=\"wp-video-shortcode\" id=\"video-3286-1\" width=\"800\" height=\"450\" preload=\"metadata\" controls=\"controls\"><source type=\"video\/mp4\" src=\"https:\/\/www.dentalxangtech.com\/wp-content\/uploads\/2024\/12\/VHF-k5-burs-video.mp4?_=1\" \/><a href=\"https:\/\/www.dentalxangtech.com\/wp-content\/uploads\/2024\/12\/VHF-k5-burs-video.mp4\">https:\/\/www.dentalxangtech.com\/wp-content\/uploads\/2024\/12\/VHF-k5-burs-video.mp4<\/a><\/video><\/div>","protected":false},"excerpt":{"rendered":"<p>VHF milling bur is suitable for VHF&#8217;s milling systems (such as K5, R5, etc.), and is highly compatible with VHF&#8217;s hardware and software systems, ensuring efficient milling performance and precise results. It provides high precision, high performance and long service life, and is particularly suitable for the processing of complex dental restorations and hard materials. [&hellip;]<\/p>\n","protected":false},"featured_media":3288,"template":"","meta":{"_acf_changed":false},"product_brand":[],"product_cat":[57],"product_tag":[],"class_list":{"0":"post-3286","1":"product","2":"type-product","3":"status-publish","4":"has-post-thumbnail","6":"product_cat-zirconia-milling-bur","8":"first","9":"instock","10":"shipping-taxable","11":"product-type-simple"},"acf":[],"_links":{"self":[{"href":"https:\/\/www.dentalxangtech.com\/es\/wp-json\/wp\/v2\/product\/3286","targetHints":{"allow":["GET"]}}],"collection":[{"href":"https:\/\/www.dentalxangtech.com\/es\/wp-json\/wp\/v2\/product"}],"about":[{"href":"https:\/\/www.dentalxangtech.com\/es\/wp-json\/wp\/v2\/types\/product"}],"wp:featuredmedia":[{"embeddable":true,"href":"https:\/\/www.dentalxangtech.com\/es\/wp-json\/wp\/v2\/media\/3288"}],"wp:attachment":[{"href":"https:\/\/www.dentalxangtech.com\/es\/wp-json\/wp\/v2\/media?parent=3286"}],"wp:term":[{"taxonomy":"product_brand","embeddable":true,"href":"https:\/\/www.dentalxangtech.com\/es\/wp-json\/wp\/v2\/product_brand?post=3286"},{"taxonomy":"product_cat","embeddable":true,"href":"https:\/\/www.dentalxangtech.com\/es\/wp-json\/wp\/v2\/product_cat?post=3286"},{"taxonomy":"product_tag","embeddable":true,"href":"https:\/\/www.dentalxangtech.com\/es\/wp-json\/wp\/v2\/product_tag?post=3286"}],"curies":[{"name":"WP","href":"https:\/\/api.w.org\/{rel}","templated":true}]}}