{"id":3301,"date":"2024-12-05T17:21:30","date_gmt":"2024-12-05T09:21:30","guid":{"rendered":"http\/\/www.dentalxangtech.com\/?post_type=product&#038;p=3301"},"modified":"2024-12-05T17:21:30","modified_gmt":"2024-12-05T09:21:30","slug":"mcx5-milling-bur","status":"publish","type":"product","link":"https:\/\/www.dentalxangtech.com\/es\/product\/mcx5-milling-bur\/","title":{"rendered":"Borra de fresado MCX5"},"content":{"rendered":"<p>En el mundo de la tecnolog\u00eda dental, la precisi\u00f3n y la durabilidad no son solo preferencias, son necesidades. XANGTECH MCX5 ejemplifica estas cualidades, estableciendo un nuevo punto de referencia para el rendimiento y la fiabilidad en herramientas de fresado dental. Con su dise\u00f1o innovador y construcci\u00f3n robusta, este bur es un cambio de juego para los profesionales dentales que buscan precisi\u00f3n, eficiencia y longevidad en su trabajo. Elaborado con t\u00e9cnicas de fabricaci\u00f3n avanzadas, ofrece un nivel de precisi\u00f3n que garantiza resultados perfectos para cada restauraci\u00f3n dental. El meticuloso proceso de producci\u00f3n garantiza uniformidad y consistencia, lo que permite a los profesionales dentales replicar las texturas y contornos naturales de los dientes con una precisi\u00f3n sin igual. Este enfoque en la precisi\u00f3n minimiza los errores y el retrabal\u00f3n, ahorrando tiempo y recursos al tiempo que ofrece resultados superiores para los pacientes.<\/p>\n<p>La durabilidad es otra piedra angular. Dise\u00f1ado con materiales de primera calidad, este bur est\u00e1 construido para soportar los rigores del uso diario en entornos de alta demanda. Su resistencia reduce la frecuencia de sustituciones, ofreciendo a los t\u00e9cnicos dentales una herramienta fiable que funciona de manera consistente con el tiempo. Esta durabilidad no solo mejora la productividad, sino que tambi\u00e9n representa una soluci\u00f3n rentable para laboratorios y cl\u00ednicas dentales. Lo que realmente lo diferencia es su versatilidad. Dise\u00f1ado para trabajar sin problemas con una amplia gama de fresadoras dentales, proporciona una soluci\u00f3n universal para diversos flujos de trabajo. Esta adaptabilidad garantiza que los profesionales dentales puedan integrarlo en sus sistemas existentes sin esfuerzo, mejorando la eficiencia operativa sin necesidad de ajustes significativos. Para los profesionales dentales que buscan mejorar su artesan\u00eda, es m\u00e1s que una herramienta: es un socio en precisi\u00f3n, dise\u00f1ado para sacar lo mejor de cada restauraci\u00f3n.<\/p>\n<p>1. Tecnolog\u00eda de producci\u00f3n avanzada<br \/>\n2. Excelente calidad y durabilidad<br \/>\n3. Hecho de materias primas de alta resistencia<\/p>","protected":false},"excerpt":{"rendered":"<p>In the world of dental technology, precision and durability are not just preferences\u2014they are necessities.XANGTECH MCX5 milling bur exemplifies these qualities, setting a new benchmark for performance and reliability in dental milling tools. With its innovative design and robust construction, this bur is a game-changer for dental professionals seeking accuracy, efficiency, and longevity in their [&hellip;]<\/p>\n","protected":false},"featured_media":3308,"template":"","meta":{"_acf_changed":false},"product_brand":[],"product_cat":[44],"product_tag":[],"class_list":{"0":"post-3301","1":"product","2":"type-product","3":"status-publish","4":"has-post-thumbnail","6":"product_cat-ceramic-glass","8":"first","9":"instock","10":"shipping-taxable","11":"product-type-simple"},"acf":[],"_links":{"self":[{"href":"https:\/\/www.dentalxangtech.com\/es\/wp-json\/wp\/v2\/product\/3301","targetHints":{"allow":["GET"]}}],"collection":[{"href":"https:\/\/www.dentalxangtech.com\/es\/wp-json\/wp\/v2\/product"}],"about":[{"href":"https:\/\/www.dentalxangtech.com\/es\/wp-json\/wp\/v2\/types\/product"}],"wp:featuredmedia":[{"embeddable":true,"href":"https:\/\/www.dentalxangtech.com\/es\/wp-json\/wp\/v2\/media\/3308"}],"wp:attachment":[{"href":"https:\/\/www.dentalxangtech.com\/es\/wp-json\/wp\/v2\/media?parent=3301"}],"wp:term":[{"taxonomy":"product_brand","embeddable":true,"href":"https:\/\/www.dentalxangtech.com\/es\/wp-json\/wp\/v2\/product_brand?post=3301"},{"taxonomy":"product_cat","embeddable":true,"href":"https:\/\/www.dentalxangtech.com\/es\/wp-json\/wp\/v2\/product_cat?post=3301"},{"taxonomy":"product_tag","embeddable":true,"href":"https:\/\/www.dentalxangtech.com\/es\/wp-json\/wp\/v2\/product_tag?post=3301"}],"curies":[{"name":"WP","href":"https:\/\/api.w.org\/{rel}","templated":true}]}}