{"id":3309,"date":"2024-12-06T16:01:50","date_gmt":"2024-12-06T08:01:50","guid":{"rendered":"http\/\/www.dentalxangtech.com\/?post_type=product&#038;p=3309"},"modified":"2024-12-06T16:11:58","modified_gmt":"2024-12-06T08:11:58","slug":"up-3d-milling-bur","status":"publish","type":"product","link":"https:\/\/www.dentalxangtech.com\/es\/product\/up-3d-milling-bur\/","title":{"rendered":"Bur de fresado 3D"},"content":{"rendered":"<p>Las bursas de fresado dental XANGTECH UP 3D son un cambio de juego en la restauraci\u00f3n dental moderna, ofreciendo una mezcla perfecta de precisi\u00f3n, durabilidad y versatilidad. Dise\u00f1adas para satisfacer las necesidades de los profesionales dentales en todo el mundo, estas bursas son compatibles con todos los principales sistemas CAD\/CAM nacionales e internacionales, eliminando las preocupaciones de compatibilidad y garantizando una integraci\u00f3n sin esfuerzo en cualquier flujo de trabajo. Fabricado con ingenier\u00eda avanzada y materiales de alta calidad, sobresale en la fresadora de zirconia, proporcionando resultados suaves y precisos para una variedad de restauraciones dentales. Desde coronas intricadas hasta puentes robustos, estas herramientas proporcionan la precisi\u00f3n necesaria para incluso las restauraciones dentales m\u00e1s complejas. Su dise\u00f1o eficiente garantiza un alto rendimiento de corte, reduciendo el tiempo de operaci\u00f3n mientras mantiene excelentes acabados superficiales que requieren un m\u00ednimo post-procesamiento.<\/p>\n<p>La durabilidad es el n\u00facleo de las borsas de fresado XANGTECH. Su robusta construcci\u00f3n prolonga la vida \u00fatil de las herramientas, lo que los convierte en una opci\u00f3n fiable y rentable para cl\u00ednicas y laboratorios dentales ocupados. Esta durabilidad se traduce en menos reemplazos, lo que garantiza operaciones ininterrumpidas y costos generales m\u00e1s bajos. Al combinar compatibilidad universal, precisi\u00f3n excepcional y rendimiento duradero, permite a los profesionales dentales ofrecer resultados superiores de manera eficiente. Si usted&#8217; utilizando equipos nacionales o importados, estas bursas establecen el est\u00e1ndar para la fresadora de zirconia, lo que le ayuda a lograr restauraciones de primer nivel con confianza.<\/p>\n<p>1. Tecnolog\u00eda avanzada y alta precisi\u00f3n<br \/>\n2. material de alta calidad con buena durabilidad<br \/>\n3. F\u00e1cil de operar y simplificar el flujo de trabajo<\/p>","protected":false},"excerpt":{"rendered":"<p>XANGTECH UP 3D dental milling burs are a game-changer in modern dental restoration, offering a seamless blend of precision, durability, and versatility. Designed to meet the needs of dental professionals worldwide, these burs are compatible with all major domestic and international CAD\/CAM systems, eliminating compatibility concerns and ensuring effortless integration into any workflow.Crafted with advanced [&hellip;]<\/p>\n","protected":false},"featured_media":3312,"template":"","meta":{"_acf_changed":false},"product_brand":[],"product_cat":[44],"product_tag":[],"class_list":{"0":"post-3309","1":"product","2":"type-product","3":"status-publish","4":"has-post-thumbnail","6":"product_cat-ceramic-glass","8":"first","9":"instock","10":"shipping-taxable","11":"product-type-simple"},"acf":[],"_links":{"self":[{"href":"https:\/\/www.dentalxangtech.com\/es\/wp-json\/wp\/v2\/product\/3309","targetHints":{"allow":["GET"]}}],"collection":[{"href":"https:\/\/www.dentalxangtech.com\/es\/wp-json\/wp\/v2\/product"}],"about":[{"href":"https:\/\/www.dentalxangtech.com\/es\/wp-json\/wp\/v2\/types\/product"}],"wp:featuredmedia":[{"embeddable":true,"href":"https:\/\/www.dentalxangtech.com\/es\/wp-json\/wp\/v2\/media\/3312"}],"wp:attachment":[{"href":"https:\/\/www.dentalxangtech.com\/es\/wp-json\/wp\/v2\/media?parent=3309"}],"wp:term":[{"taxonomy":"product_brand","embeddable":true,"href":"https:\/\/www.dentalxangtech.com\/es\/wp-json\/wp\/v2\/product_brand?post=3309"},{"taxonomy":"product_cat","embeddable":true,"href":"https:\/\/www.dentalxangtech.com\/es\/wp-json\/wp\/v2\/product_cat?post=3309"},{"taxonomy":"product_tag","embeddable":true,"href":"https:\/\/www.dentalxangtech.com\/es\/wp-json\/wp\/v2\/product_tag?post=3309"}],"curies":[{"name":"WP","href":"https:\/\/api.w.org\/{rel}","templated":true}]}}