{"id":3316,"date":"2024-12-07T16:18:40","date_gmt":"2024-12-07T08:18:40","guid":{"rendered":"http\/\/www.dentalxangtech.com\/?post_type=product&#038;p=3316"},"modified":"2024-12-07T16:18:40","modified_gmt":"2024-12-07T08:18:40","slug":"camdent-milling-bur","status":"publish","type":"product","link":"https:\/\/www.dentalxangtech.com\/es\/product\/camdent-milling-bur\/","title":{"rendered":"Camdent fresadora Bur"},"content":{"rendered":"<p><span style=\"font-family: arial, helvetica, sans-serif; font-size: 14pt;\">Las borsas de fresado de zirconia Camdent cortan sin problemas y son adecuadas para el acabado y el ajuste de la forma de varias restauraciones. Tienen una alta eficiencia de corte y son adecuados para la producci\u00f3n de restauraciones convencionales. Es adecuado para una variedad de marcas de equipos, tiene una fuerte versatilidad y es ampliamente utilizado en equipos dentales port\u00e1tiles o fresadoras comunes. Compatible con una variedad de dispositivos y se puede usar con una amplia gama de sistemas CAD\/CAM. Las borsas de fresado de zirconia Camdent son conocidas por su alto rendimiento de costo y rendimiento fiable, con alto rendimiento de costo, larga vida \u00fatil y buena resistencia al desgaste.<\/span><\/p>\n<p><span style=\"font-family: arial, helvetica, sans-serif; font-size: 14pt;\">Las bursas de zirconia Camdent se usan ampliamente en operaciones de restauraci\u00f3n dental, principalmente incluyendo: ajuste de restauraci\u00f3n de zirconia, utilizado para recortar y ajustar coronas, incrustaciones, chapas y otras restauraciones de cer\u00e1mica de zirconia; acabado de borde de restauraci\u00f3n, ajuste de densidad de borde de recorte, optimizando el efecto de reparaci\u00f3n; talla de forma, detalles de talla en la restauraci\u00f3n de zirconia para coincidir con el paciente&#8217; forma del diente; pulido superficial, proporcionando un tratamiento suave a la superficie de la restauraci\u00f3n de zirconia, mejorando la est\u00e9tica y la comodidad.<\/span><\/p>\n<div style=\"width: 800px;\" class=\"wp-video\"><video class=\"wp-video-shortcode\" id=\"video-3316-1\" width=\"800\" height=\"450\" preload=\"metadata\" controls=\"controls\"><source type=\"video\/mp4\" src=\"https:\/\/www.dentalxangtech.com\/wp-content\/uploads\/2024\/12\/video.mp4?_=1\" \/><a href=\"https:\/\/www.dentalxangtech.com\/wp-content\/uploads\/2024\/12\/video.mp4\">https:\/\/www.dentalxangtech.com\/wp-content\/uploads\/2024\/12\/video.mp4<\/a><\/video><\/div>","protected":false},"excerpt":{"rendered":"<p>Camdent zirconia milling burs cut smoothly and are suitable for the finishing and shape adjustment of various restorations. They have high cutting efficiency and are suitable for the production of conventional restorations. It is suitable for a variety of brands of equipment, has strong versatility, and is widely used in handheld dental equipment or common [&hellip;]<\/p>\n","protected":false},"featured_media":3318,"template":"","meta":{"_acf_changed":false},"product_brand":[],"product_cat":[57],"product_tag":[],"class_list":{"0":"post-3316","1":"product","2":"type-product","3":"status-publish","4":"has-post-thumbnail","6":"product_cat-zirconia-milling-bur","8":"first","9":"instock","10":"shipping-taxable","11":"product-type-simple"},"acf":[],"_links":{"self":[{"href":"https:\/\/www.dentalxangtech.com\/es\/wp-json\/wp\/v2\/product\/3316","targetHints":{"allow":["GET"]}}],"collection":[{"href":"https:\/\/www.dentalxangtech.com\/es\/wp-json\/wp\/v2\/product"}],"about":[{"href":"https:\/\/www.dentalxangtech.com\/es\/wp-json\/wp\/v2\/types\/product"}],"wp:featuredmedia":[{"embeddable":true,"href":"https:\/\/www.dentalxangtech.com\/es\/wp-json\/wp\/v2\/media\/3318"}],"wp:attachment":[{"href":"https:\/\/www.dentalxangtech.com\/es\/wp-json\/wp\/v2\/media?parent=3316"}],"wp:term":[{"taxonomy":"product_brand","embeddable":true,"href":"https:\/\/www.dentalxangtech.com\/es\/wp-json\/wp\/v2\/product_brand?post=3316"},{"taxonomy":"product_cat","embeddable":true,"href":"https:\/\/www.dentalxangtech.com\/es\/wp-json\/wp\/v2\/product_cat?post=3316"},{"taxonomy":"product_tag","embeddable":true,"href":"https:\/\/www.dentalxangtech.com\/es\/wp-json\/wp\/v2\/product_tag?post=3316"}],"curies":[{"name":"WP","href":"https:\/\/api.w.org\/{rel}","templated":true}]}}