{"id":3330,"date":"2024-12-09T16:03:08","date_gmt":"2024-12-09T08:03:08","guid":{"rendered":"http\/\/www.dentalxangtech.com\/?post_type=product&#038;p=3330"},"modified":"2024-12-09T16:03:08","modified_gmt":"2024-12-09T08:03:08","slug":"imes-icore-milling-bur","status":"publish","type":"product","link":"https:\/\/www.dentalxangtech.com\/es\/product\/imes-icore-milling-bur\/","title":{"rendered":"Imes Icore fresadora"},"content":{"rendered":"<p><span style=\"font-family: arial, helvetica, sans-serif; font-size: 14pt;\">La fresadora Imes Icore es una herramienta de mecanizado dental e industrial de alta precisi\u00f3n dise\u00f1ada para satisfacer las estrictas demandas de detalle en la producci\u00f3n de restauraciones dentales. Puede lograr una precisi\u00f3n de mecanizado a nivel de micr\u00f3n para las necesidades de procesamiento de restauraciones met\u00e1licas complejas (como puentes, pilares de implante, etc.).<\/span><\/p>\n<p><span style=\"font-family: arial, helvetica, sans-serif; font-size: 14pt;\">Las borsas de fresado Imes Icore est\u00e1n hechas de acero de tungsteno de alta resistencia o acero aleado. Tienen una dureza y tenacidad extremadamente altas y pueden soportar la alta tensi\u00f3n y el ambiente de alta temperatura durante el procesamiento de metales. Durante el proceso de fresado de alta velocidad, la herramienta mantiene la estabilidad y la nitidez. No es f\u00e1cil de degradar.<\/span><\/p>\n<p><span style=\"font-family: arial, helvetica, sans-serif; font-size: 14pt;\">Las borsas de fresado Imes Icore tienen una fuerte compatibilidad y son totalmente compatibles con varias fresadoras CNC producidas por imes-icore (como la serie CORiTEC), y tambi\u00e9n son adecuadas para otras marcas de equipos. Las agujas de torneo imes-icore tienen altas velocidades de corte y excelentes propiedades de disipaci\u00f3n de calor, lo que reduce significativamente los tiempos de mecanizado. Debido a su superior material y tecnolog\u00eda de recubrimiento, su vida \u00fatil es generalmente 1,5-2 veces la de las herramientas ordinarias, especialmente cuando se procesan materiales duros.<\/span><\/p>\n<div style=\"width: 800px;\" class=\"wp-video\"><video class=\"wp-video-shortcode\" id=\"video-3330-1\" width=\"800\" height=\"450\" preload=\"metadata\" controls=\"controls\"><source type=\"video\/mp4\" src=\"https:\/\/www.dentalxangtech.com\/wp-content\/uploads\/2024\/12\/Imes-Icore-Metal-Ball-end-D6.mp4?_=1\" \/><a href=\"https:\/\/www.dentalxangtech.com\/wp-content\/uploads\/2024\/12\/Imes-Icore-Metal-Ball-end-D6.mp4\">https:\/\/www.dentalxangtech.com\/wp-content\/uploads\/2024\/12\/Imes-Icore-Metal-Ball-end-D6.mp4<\/a><\/video><\/div>","protected":false},"excerpt":{"rendered":"<p>The Imes Icore milling bur is a high-precision dental and industrial machining tool designed to meet the stringent demands for detail in the production of dental restorations. It can achieve micron-level machining accuracy for complex metal restorations (such as bridges Implantation abutments, etc.) processing needs. The Imes Icore milling burs are made of high-strength tungsten [&hellip;]<\/p>\n","protected":false},"featured_media":3333,"template":"","meta":{"_acf_changed":false},"product_brand":[],"product_cat":[54],"product_tag":[],"class_list":{"0":"post-3330","1":"product","2":"type-product","3":"status-publish","4":"has-post-thumbnail","6":"product_cat-metal-milling-bur","8":"first","9":"instock","10":"shipping-taxable","11":"product-type-simple"},"acf":[],"_links":{"self":[{"href":"https:\/\/www.dentalxangtech.com\/es\/wp-json\/wp\/v2\/product\/3330","targetHints":{"allow":["GET"]}}],"collection":[{"href":"https:\/\/www.dentalxangtech.com\/es\/wp-json\/wp\/v2\/product"}],"about":[{"href":"https:\/\/www.dentalxangtech.com\/es\/wp-json\/wp\/v2\/types\/product"}],"wp:featuredmedia":[{"embeddable":true,"href":"https:\/\/www.dentalxangtech.com\/es\/wp-json\/wp\/v2\/media\/3333"}],"wp:attachment":[{"href":"https:\/\/www.dentalxangtech.com\/es\/wp-json\/wp\/v2\/media?parent=3330"}],"wp:term":[{"taxonomy":"product_brand","embeddable":true,"href":"https:\/\/www.dentalxangtech.com\/es\/wp-json\/wp\/v2\/product_brand?post=3330"},{"taxonomy":"product_cat","embeddable":true,"href":"https:\/\/www.dentalxangtech.com\/es\/wp-json\/wp\/v2\/product_cat?post=3330"},{"taxonomy":"product_tag","embeddable":true,"href":"https:\/\/www.dentalxangtech.com\/es\/wp-json\/wp\/v2\/product_tag?post=3330"}],"curies":[{"name":"WP","href":"https:\/\/api.w.org\/{rel}","templated":true}]}}