{"id":3355,"date":"2024-12-11T16:57:24","date_gmt":"2024-12-11T08:57:24","guid":{"rendered":"http\/\/www.dentalxangtech.com\/?post_type=product&#038;p=3355"},"modified":"2024-12-11T16:57:24","modified_gmt":"2024-12-11T08:57:24","slug":"xtcera-milling-bur","status":"publish","type":"product","link":"https:\/\/www.dentalxangtech.com\/es\/product\/xtcera-milling-bur\/","title":{"rendered":"Bur de fresado Xtcera"},"content":{"rendered":"<p>Las borsas de fresado Xtcera establecen un nuevo est\u00e1ndar en la tecnolog\u00eda de fresado dental, ofreciendo una precisi\u00f3n, eficiencia y durabilidad sin igual. Hecho a partir de material de barra de tungsteno ultrafino, estas bursas est\u00e1n dise\u00f1adas para soportar los rigores del uso continuo en laboratorios dentales de alta demanda, mientras que ofrecen resultados consistentemente superiores. El uso de procesos de fabricaci\u00f3n avanzados asegura que cada bur est\u00e1 dise\u00f1ado con est\u00e1ndares rigurosos de resistencia, nitidez y fiabilidad, convirti\u00e9ndolos en una herramienta indispensable para los profesionales dentales de todo el mundo. Su composici\u00f3n excepcional permite una molienda m\u00e1s r\u00e1pida, reduciendo significativamente los tiempos de producci\u00f3n sin comprometer la calidad del producto final. Su avanzado rendimiento de corte garantiza una fresadora limpia y suave que preserva la integridad del material y mejora la precisi\u00f3n de cada restauraci\u00f3n. Ya sea que est\u00e9 trabajando en restauraciones complejas o tareas de fresado est\u00e1ndar, estas bursas sobresalen en la entrega de resultados precisos que cumplen con los m\u00e1s altos est\u00e1ndares de la industria.<\/p>\n<p>Lo que lo diferencia es su capacidad para fresar material dental de manera eficiente, proporcionando versatilidad y adaptabilidad en una amplia gama de aplicaciones dentales. Estas bursas est\u00e1n optimizadas para manejar los materiales m\u00e1s duros con facilidad, asegurando que permanezcan afiladas y eficaces durante per\u00edodos prolongados de uso. Su dise\u00f1o de alto rendimiento minimiza el desgaste, reduciendo la necesidad de reemplazos frecuentes y reduciendo los costos operativos generales. Adem\u00e1s de su superioridad t\u00e9cnica, las borsas de fresado Xtcera est\u00e1n dise\u00f1adas con el usuario en mente. Su excepcional fiabilidad garantiza una experiencia de fresado sin costuras, lo que permite a los profesionales dentales centrarse en crear restauraciones de alta calidad que excedan las expectativas del paciente. Al combinar velocidad, precisi\u00f3n y durabilidad, permite a los laboratorios dentales lograr una mayor eficiencia al tiempo que mantiene una atenci\u00f3n intransigente al detalle.<\/p>\n<p><strong>1. Borras de fresado de alta calidad.<\/strong><\/p>\n<p><strong>2. part\u00edculas ultrafinas de material de varilla de tungsteno.<\/strong><\/p>\n<p><strong>3.Grinding m\u00e1s r\u00e1pido para fresar material dental.<\/strong><\/p>\n<div style=\"width: 800px;\" class=\"wp-video\"><video class=\"wp-video-shortcode\" id=\"video-3355-1\" width=\"800\" height=\"450\" preload=\"metadata\" controls=\"controls\"><source type=\"video\/mp4\" src=\"https:\/\/www.dentalxangtech.com\/wp-content\/uploads\/2024\/12\/XANGTECH-Dental-XTCERA-600-WET-Milling-Bur.mp4?_=1\" \/><a href=\"https:\/\/www.dentalxangtech.com\/wp-content\/uploads\/2024\/12\/XANGTECH-Dental-XTCERA-600-WET-Milling-Bur.mp4\">https:\/\/www.dentalxangtech.com\/wp-content\/uploads\/2024\/12\/XANGTECH-Dental-XTCERA-600-WET-Milling-Bur.mp4<\/a><\/video><\/div>","protected":false},"excerpt":{"rendered":"<p>Xtcera milling burs set a new standard in dental milling technology, offering unmatched precision, efficiency, and durability. Crafted from ultrafine tungsten rod material, these burs are designed to withstand the rigors of continuous use in high-demand dental laboratories while delivering consistently superior results. The use of advanced manufacturing processes ensures that each bur is engineered [&hellip;]<\/p>\n","protected":false},"featured_media":3359,"template":"","meta":{"_acf_changed":false},"product_brand":[],"product_cat":[44],"product_tag":[],"class_list":{"0":"post-3355","1":"product","2":"type-product","3":"status-publish","4":"has-post-thumbnail","6":"product_cat-ceramic-glass","8":"first","9":"instock","10":"shipping-taxable","11":"product-type-simple"},"acf":[],"_links":{"self":[{"href":"https:\/\/www.dentalxangtech.com\/es\/wp-json\/wp\/v2\/product\/3355","targetHints":{"allow":["GET"]}}],"collection":[{"href":"https:\/\/www.dentalxangtech.com\/es\/wp-json\/wp\/v2\/product"}],"about":[{"href":"https:\/\/www.dentalxangtech.com\/es\/wp-json\/wp\/v2\/types\/product"}],"wp:featuredmedia":[{"embeddable":true,"href":"https:\/\/www.dentalxangtech.com\/es\/wp-json\/wp\/v2\/media\/3359"}],"wp:attachment":[{"href":"https:\/\/www.dentalxangtech.com\/es\/wp-json\/wp\/v2\/media?parent=3355"}],"wp:term":[{"taxonomy":"product_brand","embeddable":true,"href":"https:\/\/www.dentalxangtech.com\/es\/wp-json\/wp\/v2\/product_brand?post=3355"},{"taxonomy":"product_cat","embeddable":true,"href":"https:\/\/www.dentalxangtech.com\/es\/wp-json\/wp\/v2\/product_cat?post=3355"},{"taxonomy":"product_tag","embeddable":true,"href":"https:\/\/www.dentalxangtech.com\/es\/wp-json\/wp\/v2\/product_tag?post=3355"}],"curies":[{"name":"WP","href":"https:\/\/api.w.org\/{rel}","templated":true}]}}