{"id":3363,"date":"2024-12-12T16:31:35","date_gmt":"2024-12-12T08:31:35","guid":{"rendered":"http\/\/www.dentalxangtech.com\/?post_type=product&#038;p=3363"},"modified":"2024-12-12T16:31:35","modified_gmt":"2024-12-12T08:31:35","slug":"dental-plus-milling-bur","status":"publish","type":"product","link":"https:\/\/www.dentalxangtech.com\/es\/product\/dental-plus-milling-bur\/","title":{"rendered":"Dental Plus fresadora"},"content":{"rendered":"<p>En el mundo din\u00e1mico de la odontolog\u00eda, donde la precisi\u00f3n y la eficiencia son primordiales, las bursas de fresado XANGTECH Dental Plus han emergido como una opci\u00f3n l\u00edder para los profesionales que buscan fiabilidad y rendimiento superior. Estas herramientas incorporan una mezcla de ingenier\u00eda avanzada y funcionalidad pr\u00e1ctica, lo que las hace indispensables en procedimientos dentales restaurativos. En el coraz\u00f3n de las borsas de fresado Dental Plus est\u00e1 su excepcional precisi\u00f3n, lograda a trav\u00e9s de procesos de producci\u00f3n meticulosos. Estas herramientas se fabrican utilizando t\u00e9cnicas innovadoras de galvanoplastia y recubrimiento multicapa, que garantizan un rendimiento de corte consistente. Su capacidad para manejar diversos materiales como zirconia, cer\u00e1mica y metales subraya su versatilidad, lo que los hace adecuados para una amplia gama de restauraciones dentales, incluyendo coronas, puentes y chapas. El dise\u00f1o de estas bursas permite una eliminaci\u00f3n suave y detallada del material, lo que permite la creaci\u00f3n de restauraciones que imitan estrechamente los dientes naturales en apariencia y funci\u00f3n.<\/p>\n<p>Est\u00e1 dise\u00f1ado con meticulosa atenci\u00f3n al detalle. Fabricados utilizando tecnolog\u00eda de \u00faltima generaci\u00f3n, estos burs cuentan con recubrimientos densos y multicapa hechos de carburo de tungsteno o part\u00edculas de diamante. Este dise\u00f1o mejora su eficiencia de corte al tiempo que garantiza la durabilidad. El resultado es una herramienta capaz de ejecutar los dise\u00f1os m\u00e1s complejos con una precisi\u00f3n impecable, lo que permite restauraciones que imitan de cerca la apariencia y funci\u00f3n de los dientes naturales. Adem\u00e1s, estas borras de fresado se someten a rigurosos procesos de garant\u00eda de calidad. Cada herramienta se somete a inspecciones de medici\u00f3n l\u00e1ser y pruebas de rendimiento de corte, asegurando que cumplan con los m\u00e1s altos est\u00e1ndares de fiabilidad y precisi\u00f3n. Este compromiso con la calidad se traduce en resultados previsibles y consistentes, lo que permite a los profesionales dentales ofrecer resultados excepcionales.<\/p>\n<p><strong>1. Simple y f\u00e1cil de operar<\/strong><br \/>\n<strong>2. Material duro con excelente calidad<\/strong><br \/>\n<strong>3. Amplia gama de aplicaci\u00f3n<\/strong><\/p>\n<div style=\"width: 800px;\" class=\"wp-video\"><video class=\"wp-video-shortcode\" id=\"video-3363-1\" width=\"800\" height=\"450\" preload=\"metadata\" controls=\"controls\"><source type=\"video\/mp4\" src=\"https:\/\/www.dentalxangtech.com\/wp-content\/uploads\/2024\/12\/dental-plus.mp4?_=1\" \/><a href=\"https:\/\/www.dentalxangtech.com\/wp-content\/uploads\/2024\/12\/dental-plus.mp4\">https:\/\/www.dentalxangtech.com\/wp-content\/uploads\/2024\/12\/dental-plus.mp4<\/a><\/video><\/div>","protected":false},"excerpt":{"rendered":"<p>In the dynamic world of dentistry, where accuracy and efficiency are paramount, XANGTECH Dental Plus milling burs have emerged as a leading choice for professionals seeking reliability and superior performance. These tools embody a blend of advanced engineering and practical functionality, making them indispensable in restorative dental procedures.At the heart of Dental Plus milling burs [&hellip;]<\/p>\n","protected":false},"featured_media":3368,"template":"","meta":{"_acf_changed":false},"product_brand":[],"product_cat":[44],"product_tag":[],"class_list":{"0":"post-3363","1":"product","2":"type-product","3":"status-publish","4":"has-post-thumbnail","6":"product_cat-ceramic-glass","8":"first","9":"instock","10":"shipping-taxable","11":"product-type-simple"},"acf":[],"_links":{"self":[{"href":"https:\/\/www.dentalxangtech.com\/es\/wp-json\/wp\/v2\/product\/3363","targetHints":{"allow":["GET"]}}],"collection":[{"href":"https:\/\/www.dentalxangtech.com\/es\/wp-json\/wp\/v2\/product"}],"about":[{"href":"https:\/\/www.dentalxangtech.com\/es\/wp-json\/wp\/v2\/types\/product"}],"wp:featuredmedia":[{"embeddable":true,"href":"https:\/\/www.dentalxangtech.com\/es\/wp-json\/wp\/v2\/media\/3368"}],"wp:attachment":[{"href":"https:\/\/www.dentalxangtech.com\/es\/wp-json\/wp\/v2\/media?parent=3363"}],"wp:term":[{"taxonomy":"product_brand","embeddable":true,"href":"https:\/\/www.dentalxangtech.com\/es\/wp-json\/wp\/v2\/product_brand?post=3363"},{"taxonomy":"product_cat","embeddable":true,"href":"https:\/\/www.dentalxangtech.com\/es\/wp-json\/wp\/v2\/product_cat?post=3363"},{"taxonomy":"product_tag","embeddable":true,"href":"https:\/\/www.dentalxangtech.com\/es\/wp-json\/wp\/v2\/product_tag?post=3363"}],"curies":[{"name":"WP","href":"https:\/\/api.w.org\/{rel}","templated":true}]}}