{"id":3371,"date":"2024-12-13T17:02:06","date_gmt":"2024-12-13T09:02:06","guid":{"rendered":"http\/\/www.dentalxangtech.com\/?post_type=product&#038;p=3371"},"modified":"2024-12-13T17:02:06","modified_gmt":"2024-12-13T09:02:06","slug":"zotion-milling-bur","status":"publish","type":"product","link":"https:\/\/www.dentalxangtech.com\/es\/product\/zotion-milling-bur\/","title":{"rendered":"Bur fresadora Zotion"},"content":{"rendered":"<p>El campo de la odontolog\u00eda ha sido testigo de notables avances a lo largo de los a\u00f1os, con herramientas y tecnolog\u00edas cada vez m\u00e1s sofisticadas para satisfacer las demandas de precisi\u00f3n, eficiencia y durabilidad. Entre estos avances, las bursas de fresado XANGTECH Zotion se han establecido como una piedra angular de los procesos modernos de restauraci\u00f3n dental, ofreciendo una fiabilidad y un rendimiento inigualables para los profesionales dentales en todo el mundo. Elaborado a partir de carburo de tungsteno ultrafino, ejemplifica la fusi\u00f3n de la ciencia de materiales avanzada y la ingenier\u00eda de vanguardia. Su robusta construcci\u00f3n garantiza una durabilidad excepcional, lo que los hace capaces de soportar los rigores del uso continuo en laboratorios y cl\u00ednicas dentales. Ya sea que se fresen zirconia, PMMA, cera o incluso metal, estas bursas mantienen su nitidez e integridad estructural, garantizando una precisi\u00f3n consistente a lo largo del tiempo. Esta longevidad no solo reduce la frecuencia de reemplazo, sino que tambi\u00e9n contribuye a la eficiencia en costes, un factor cr\u00edtico en entornos de alta demanda.<\/p>\n<p>La precisi\u00f3n es su caracter\u00edstica: sus bordes de corte meticulosamente dise\u00f1ados permiten a los profesionales dentales lograr detalles complejos y acabados lisos, esenciales para crear restauraciones que repliquen la anatom\u00eda natural de los dientes. Desde coronas y puentes hasta complejas estructuras de implantes, las bursas de Zotion aseguran que cada restauraci\u00f3n cumpla con los m\u00e1s altos est\u00e1ndares de precisi\u00f3n y atractivo est\u00e9tico. Este nivel de precisi\u00f3n se traduce en mejores resultados para el paciente, ya que las restauraciones se ajustan perfectamente y proporcionan una comodidad y funcionalidad superiores. Otra caracter\u00edstica definidora es su versatilidad. Dise\u00f1ados para integrarse sin problemas con una amplia gama de fresadoras dentales, se adaptan sin esfuerzo a varios sistemas CAD\/CAM utilizados en odontolog\u00eda moderna. Esta adaptabilidad simplifica los flujos de trabajo de los laboratorios dentales, lo que permite a los t\u00e9cnicos centrarse en producir restauraciones de alta calidad sin preocuparse por problemas de compatibilidad. Adem\u00e1s, la ingenier\u00eda avanzada de los burs soporta la fresadora de alta velocidad, reduciendo significativamente los tiempos de procesamiento mientras mantiene el complejo detalle necesario para la pr\u00f3tesis dental.<\/p>\n<p>Su excelencia se extiende m\u00e1s all\u00e1 de sus atributos f\u00edsicos. Representan un compromiso con la innovaci\u00f3n y la calidad, con cada herramienta sometida a rigurosas pruebas para cumplir con estrictos est\u00e1ndares internacionales. Esta dedicaci\u00f3n garantiza que cada bur no solo desempe\u00f1a excepcionalmente, sino que tambi\u00e9n encarna la confianza y fiabilidad que los profesionales dentales esperan de sus herramientas. Su inversi\u00f3n continua en investigaci\u00f3n y desarrollo subraya su misi\u00f3n de proporcionar soluciones que mejoren la eficiencia, la precisi\u00f3n y la satisfacci\u00f3n del paciente en la atenci\u00f3n dental.<\/p>","protected":false},"excerpt":{"rendered":"<p>The field of dentistry has witnessed remarkable advancements over the years, with tools and technologies becoming increasingly sophisticated to meet the demands of precision, efficiency, and durability. Among these advancements,XANGTECH Zotion milling burs have established themselves as a cornerstone of modern dental restoration processes, offering unmatched reliability and performance for dental professionals worldwide.Crafted from ultrafine [&hellip;]<\/p>\n","protected":false},"featured_media":3376,"template":"","meta":{"_acf_changed":false},"product_brand":[],"product_cat":[44],"product_tag":[],"class_list":{"0":"post-3371","1":"product","2":"type-product","3":"status-publish","4":"has-post-thumbnail","6":"product_cat-ceramic-glass","8":"first","9":"instock","10":"shipping-taxable","11":"product-type-simple"},"acf":[],"_links":{"self":[{"href":"https:\/\/www.dentalxangtech.com\/es\/wp-json\/wp\/v2\/product\/3371","targetHints":{"allow":["GET"]}}],"collection":[{"href":"https:\/\/www.dentalxangtech.com\/es\/wp-json\/wp\/v2\/product"}],"about":[{"href":"https:\/\/www.dentalxangtech.com\/es\/wp-json\/wp\/v2\/types\/product"}],"wp:featuredmedia":[{"embeddable":true,"href":"https:\/\/www.dentalxangtech.com\/es\/wp-json\/wp\/v2\/media\/3376"}],"wp:attachment":[{"href":"https:\/\/www.dentalxangtech.com\/es\/wp-json\/wp\/v2\/media?parent=3371"}],"wp:term":[{"taxonomy":"product_brand","embeddable":true,"href":"https:\/\/www.dentalxangtech.com\/es\/wp-json\/wp\/v2\/product_brand?post=3371"},{"taxonomy":"product_cat","embeddable":true,"href":"https:\/\/www.dentalxangtech.com\/es\/wp-json\/wp\/v2\/product_cat?post=3371"},{"taxonomy":"product_tag","embeddable":true,"href":"https:\/\/www.dentalxangtech.com\/es\/wp-json\/wp\/v2\/product_tag?post=3371"}],"curies":[{"name":"WP","href":"https:\/\/api.w.org\/{rel}","templated":true}]}}