{"id":3387,"date":"2024-12-17T15:27:44","date_gmt":"2024-12-17T07:27:44","guid":{"rendered":"http\/\/www.dentalxangtech.com\/?post_type=product&#038;p=3387"},"modified":"2024-12-17T15:27:44","modified_gmt":"2024-12-17T07:27:44","slug":"wieland-milling-bur","status":"publish","type":"product","link":"https:\/\/www.dentalxangtech.com\/es\/product\/wieland-milling-bur\/","title":{"rendered":"Wieland fresadora"},"content":{"rendered":"<p><span style=\"font-family: arial, helvetica, sans-serif; font-size: 14pt;\">Las borsas de fresado Wieland son vers\u00e1tiles, adecuadas para laboratorios dentales y sistemas de producci\u00f3n m\u00e1s grandes. Pueden molinar bloques de zirconio, cera, PMMA, compuestos y cer\u00e1mica h\u00edbrida. Las borsas de fresado Wieland son borsas de carburo de alta calidad, est\u00e1n disponibles con agujas recubiertas de diamantes, que son duraderas y resistentes al desgaste, y adecuadas para materiales duros como la zirconia. Tienen alta precisi\u00f3n para geometr\u00edas complejas y est\u00e1n dise\u00f1ados para fresar coronas y puentes de alto detalle. Excelente calidad superficial, especialmente con burs recubiertos de diamantes.<\/span><\/p>\n<p><span style=\"font-family: arial, helvetica, sans-serif; font-size: 14pt;\">Las borbas de fresado Wieland se fabrican con tecnolog\u00eda de precisi\u00f3n, y la calidad y la estabilidad de las borbas son extremadamente altas. Larga vida \u00fatil, mantener la fuerza de corte y reducir el costo de la sustituci\u00f3n frecuente. Buen efecto de corte, corto tiempo de operaci\u00f3n y mejorar la eficiencia del trabajo. El tratamiento superficial uniforme reduce la generaci\u00f3n de calor y protege al paciente; tejido dental.<\/span><\/p>\n<p><span style=\"font-family: arial, helvetica, sans-serif; font-size: 14pt;\">La burra de fresado Wieland no solo es compatible con Wieland&#8217; s sistema Zenotec, pero tambi\u00e9n soporta otras fresadoras CAD\/CAM abiertas con interfaces est\u00e1ndar. Es duradero y, por lo tanto, rentable a largo plazo en grandes laboratorios.<\/span><\/p>\n<div style=\"width: 800px;\" class=\"wp-video\"><video class=\"wp-video-shortcode\" id=\"video-3387-1\" width=\"800\" height=\"450\" preload=\"metadata\" controls=\"controls\"><source type=\"video\/mp4\" src=\"https:\/\/www.dentalxangtech.com\/wp-content\/uploads\/2024\/12\/wieland-mini-dlc-milling-bur-video.mp4?_=1\" \/><a href=\"https:\/\/www.dentalxangtech.com\/wp-content\/uploads\/2024\/12\/wieland-mini-dlc-milling-bur-video.mp4\">https:\/\/www.dentalxangtech.com\/wp-content\/uploads\/2024\/12\/wieland-mini-dlc-milling-bur-video.mp4<\/a><\/video><\/div>","protected":false},"excerpt":{"rendered":"<p>Wieland milling burs are versatile, suitable for dental labs and larger production systems. They can mill zirconium block, wax, PMMA, composites and hybrid ceramics. Wieland milling burs are high-quality carbide burs, they are available with diamond-coated needles, which are durable and wear-resistant, and suitable for hard materials such as zirconia.They have high precision for complex [&hellip;]<\/p>\n","protected":false},"featured_media":3389,"template":"","meta":{"_acf_changed":false},"product_brand":[],"product_cat":[57],"product_tag":[],"class_list":{"0":"post-3387","1":"product","2":"type-product","3":"status-publish","4":"has-post-thumbnail","6":"product_cat-zirconia-milling-bur","8":"first","9":"instock","10":"shipping-taxable","11":"product-type-simple"},"acf":[],"_links":{"self":[{"href":"https:\/\/www.dentalxangtech.com\/es\/wp-json\/wp\/v2\/product\/3387","targetHints":{"allow":["GET"]}}],"collection":[{"href":"https:\/\/www.dentalxangtech.com\/es\/wp-json\/wp\/v2\/product"}],"about":[{"href":"https:\/\/www.dentalxangtech.com\/es\/wp-json\/wp\/v2\/types\/product"}],"wp:featuredmedia":[{"embeddable":true,"href":"https:\/\/www.dentalxangtech.com\/es\/wp-json\/wp\/v2\/media\/3389"}],"wp:attachment":[{"href":"https:\/\/www.dentalxangtech.com\/es\/wp-json\/wp\/v2\/media?parent=3387"}],"wp:term":[{"taxonomy":"product_brand","embeddable":true,"href":"https:\/\/www.dentalxangtech.com\/es\/wp-json\/wp\/v2\/product_brand?post=3387"},{"taxonomy":"product_cat","embeddable":true,"href":"https:\/\/www.dentalxangtech.com\/es\/wp-json\/wp\/v2\/product_cat?post=3387"},{"taxonomy":"product_tag","embeddable":true,"href":"https:\/\/www.dentalxangtech.com\/es\/wp-json\/wp\/v2\/product_tag?post=3387"}],"curies":[{"name":"WP","href":"https:\/\/api.w.org\/{rel}","templated":true}]}}