{"id":3405,"date":"2024-12-19T14:26:56","date_gmt":"2024-12-19T06:26:56","guid":{"rendered":"http\/\/www.dentalxangtech.com\/?post_type=product&#038;p=3405"},"modified":"2024-12-19T14:29:30","modified_gmt":"2024-12-19T06:29:30","slug":"programill-dry-milling-bur","status":"publish","type":"product","link":"https:\/\/www.dentalxangtech.com\/es\/product\/programill-dry-milling-bur\/","title":{"rendered":"Bur de fresado seco PrograMill"},"content":{"rendered":"<p><span style=\"font-family: arial, helvetica, sans-serif; font-size: 14pt;\">PrograMill Milling Bur se combina estrechamente con las fresadoras de la serie Programill (como PM7, PM5, etc.). Est\u00e1 dise\u00f1ado a medida para los equipos de Amann Girrbach, que pueden aprovechar al m\u00e1ximo el rendimiento del equipo y es particularmente adecuado para laboratorios dentales de alta gama y procesos de restauraci\u00f3n complejos. Utiliza carburo cementado de alta calidad, funciona bien en condiciones de alta temperatura, es adecuado para el procesamiento de metales de alta velocidad y proporciona alta resistencia al desgaste y resistencia a la oxidaci\u00f3n; Algunos modelos utilizan carbono tipo diamante, que est\u00e1 especialmente dise\u00f1ado para materiales de alta dureza (como la porcelana de circonio) para reducir la generaci\u00f3n de grietas durante el corte. La tecnolog\u00eda de recubrimiento optimiza la resistencia al desgaste y al calor y prolonga la vida \u00fatil de la herramienta. Adecuado para procesamiento de alta velocidad, reducci\u00f3n de vibraciones y mejora de la eficiencia de producci\u00f3n.<\/span><\/p>\n<p><span style=\"font-family: arial, helvetica, sans-serif; font-size: 14pt;\">PrograMill Milling Bur tiene una larga vida \u00fatil, una fuerte estabilidad de procesamiento y una alta rentabilidad integral. Es adecuado para los usuarios que buscan la precisi\u00f3n. Est\u00e1 dise\u00f1ado para restauraciones de alta precisi\u00f3n y es adecuado para procesar coronas, puentes, pilares de implantes y otras restauraciones de alta gama.<\/span><\/p>\n<p><span style=\"font-family: arial, helvetica, sans-serif; font-size: 14pt;\">Las borras de fresado PrograMill son m\u00e1s adecuadas para laboratorios dentales con requisitos de alta precisi\u00f3n, especialmente cuando se procesan materiales de alta dureza (como la porcelana de circonio). Son la primera opci\u00f3n para los usuarios de equipos Amann Girrbach.<\/span><\/p>\n<div style=\"width: 800px;\" class=\"wp-video\"><video class=\"wp-video-shortcode\" id=\"video-3405-1\" width=\"800\" height=\"450\" preload=\"metadata\" controls=\"controls\"><source type=\"video\/mp4\" src=\"https:\/\/www.dentalxangtech.com\/wp-content\/uploads\/2024\/12\/PM-dry-milling-bur-video.mp4?_=1\" \/><a href=\"https:\/\/www.dentalxangtech.com\/wp-content\/uploads\/2024\/12\/PM-dry-milling-bur-video.mp4\">https:\/\/www.dentalxangtech.com\/wp-content\/uploads\/2024\/12\/PM-dry-milling-bur-video.mp4<\/a><\/video><\/div>\n<p>D<\/p>","protected":false},"excerpt":{"rendered":"<p>PrograMill Milling Bur is closely matched with the Programill series milling machines (such as PM7, PM5, etc.). It is tailor-made for Amann Girrbach equipment, which can give full play to the performance of the equipment and is particularly suitable for high-end dental laboratories and complex restoration processing. It uses high-quality cemented carbide, performs well under [&hellip;]<\/p>\n","protected":false},"featured_media":3407,"template":"","meta":{"_acf_changed":false},"product_brand":[],"product_cat":[44],"product_tag":[],"class_list":{"0":"post-3405","1":"product","2":"type-product","3":"status-publish","4":"has-post-thumbnail","6":"product_cat-ceramic-glass","8":"first","9":"instock","10":"shipping-taxable","11":"product-type-simple"},"acf":[],"_links":{"self":[{"href":"https:\/\/www.dentalxangtech.com\/es\/wp-json\/wp\/v2\/product\/3405","targetHints":{"allow":["GET"]}}],"collection":[{"href":"https:\/\/www.dentalxangtech.com\/es\/wp-json\/wp\/v2\/product"}],"about":[{"href":"https:\/\/www.dentalxangtech.com\/es\/wp-json\/wp\/v2\/types\/product"}],"wp:featuredmedia":[{"embeddable":true,"href":"https:\/\/www.dentalxangtech.com\/es\/wp-json\/wp\/v2\/media\/3407"}],"wp:attachment":[{"href":"https:\/\/www.dentalxangtech.com\/es\/wp-json\/wp\/v2\/media?parent=3405"}],"wp:term":[{"taxonomy":"product_brand","embeddable":true,"href":"https:\/\/www.dentalxangtech.com\/es\/wp-json\/wp\/v2\/product_brand?post=3405"},{"taxonomy":"product_cat","embeddable":true,"href":"https:\/\/www.dentalxangtech.com\/es\/wp-json\/wp\/v2\/product_cat?post=3405"},{"taxonomy":"product_tag","embeddable":true,"href":"https:\/\/www.dentalxangtech.com\/es\/wp-json\/wp\/v2\/product_tag?post=3405"}],"curies":[{"name":"WP","href":"https:\/\/api.w.org\/{rel}","templated":true}]}}